{"id":92679,"date":"2024-06-12T13:13:02","date_gmt":"2024-06-12T11:13:02","guid":{"rendered":"https:\/\/secureus.se\/provkit-solo-6-6-m-provning-rok\/"},"modified":"2026-03-26T12:24:12","modified_gmt":"2026-03-26T11:24:12","slug":"provkit-solo-6-6-m-provning-rok","status":"publish","type":"product","link":"https:\/\/secureus.se\/de\/provkit-solo-6-6-m-provning-rok\/","title":{"rendered":"Testset Solo 6 \u2013 6 m \u2013 Rauch testen"},"content":{"rendered":"<h1>Testset Solo 6 \u2013 6 m \u2013 Rauch testen<\/h1>\n<h3 data-start=\"282\" data-end=\"335\">Komplettes Testset f\u00fcr Rauchmelder bis 6 m<\/h3>\n<p data-start=\"336\" data-end=\"639\">Solo 6 ist ein praktisches Testset, das die Teleskopstange Solo 100, den Detektortester Solo 330 und die Testgasflasche Solo A5 (ehemals Solo A3) f\u00fcr die effiziente Pr\u00fcfung von Rauchmeldern kombiniert.<\/p>\n<p data-start=\"336\" data-end=\"639\">Das Set ist so konzipiert, dass es die monatliche und viertelj\u00e4hrliche Pr\u00fcfung von Brandmeldeanlagen erm\u00f6glicht, ohne dass eine Leiter ben\u00f6tigt wird.<\/p>\n<h3 data-start=\"641\" data-end=\"669\">Teleskopstange Solo 100<\/h3>\n<p data-start=\"670\" data-end=\"896\">Hergestellt aus hochwertigem Fiberglasmaterial, nicht elektrisch leitend, wodurch es leicht, aber dennoch stabil ist.<\/p>\n<p data-start=\"670\" data-end=\"896\">Kann mit 1-3 Solo 101 montiert werden, um eine H\u00f6he von bis zu ca. 9,3 m zu erreichen. Passend f\u00fcr Solo- und Testifire-Tester und -Abnehmvorrichtungen.<\/p>\n<h3 data-start=\"898\" data-end=\"928\">Detektortester Solo 330<\/h3>\n<p data-start=\"929\" data-end=\"1312\">Der Solo 330 wird f\u00fcr Funktionstests von Rauch- und CO-Meldern mit einem Durchmesser von bis zu 100 mm verwendet.<\/p>\n<p data-start=\"929\" data-end=\"1312\">Durch den schwenkbaren Becher k\u00f6nnen auch Detektoren getestet werden, die nicht senkrecht zum Boden stehen oder schwer zug\u00e4nglich sind.<\/p>\n<p data-start=\"929\" data-end=\"1312\">Die Solo A5 Testgasflasche erzeugt ein Aerosol, das echten Rauch simuliert und sowohl optische als auch ionisierende Rauchmelder aktiviert.<\/p>\n<p data-start=\"929\" data-end=\"1312\">Eine Flasche reicht f\u00fcr etwa 400 Tests.<\/p>\n<h3 data-start=\"1314\" data-end=\"1330\">Verwenden<\/h3>\n<ol data-start=\"1331\" data-end=\"1672\">\n<li data-start=\"1331\" data-end=\"1395\">\n<p data-start=\"1334\" data-end=\"1395\">Montieren Sie das Pr\u00fcfger\u00e4t auf der Teleskopstange, bis es einrastet.<\/p>\n<\/li>\n<li data-start=\"1396\" data-end=\"1452\">\n<p data-start=\"1399\" data-end=\"1452\">Setzen Sie die Solo A5-Flasche in den Tester ein und drehen Sie sie um eine Vierteldrehung.<\/p>\n<\/li>\n<li data-start=\"1453\" data-end=\"1530\">\n<p data-start=\"1456\" data-end=\"1530\">Platzieren Sie den Becher um den Detektor und dr\u00fccken Sie ihn etwa 1 Sekunde lang leicht gegen die Decke.<\/p>\n<\/li>\n<li data-start=\"1531\" data-end=\"1603\">\n<p data-start=\"1534\" data-end=\"1603\">Warten Sie 10 Sekunden, bis ein Alarm ert\u00f6nt. Falls kein Alarm ert\u00f6nt, wiederholen Sie den Test kurz.<\/p>\n<\/li>\n<li data-start=\"1604\" data-end=\"1672\">\n<p data-start=\"1607\" data-end=\"1672\">Das Gas verdampft schnell, was eine sofortige Erholung erm\u00f6glicht.<\/p>\n<\/li>\n<\/ol>\n<h3 data-start=\"1674\" data-end=\"1699\">Vorteile von Solo 6<\/h3>\n<ul data-start=\"1700\" data-end=\"1933\">\n<li data-start=\"1700\" data-end=\"1742\">\n<p data-start=\"1702\" data-end=\"1742\">Komplettes Set zum Testen bis zu 6 m<\/p>\n<\/li>\n<li data-start=\"1743\" data-end=\"1788\">\n<p data-start=\"1745\" data-end=\"1788\">Leichtes, robustes und sicheres Fiberglasmaterial<\/p>\n<\/li>\n<li data-start=\"1789\" data-end=\"1841\">\n<p data-start=\"1791\" data-end=\"1841\">Solo A5 Testgasflasche f\u00fcr realistische Rauchtests<\/p>\n<\/li>\n<li data-start=\"1842\" data-end=\"1886\">\n<p data-start=\"1844\" data-end=\"1886\">Kann f\u00fcr zus\u00e4tzliche H\u00f6he mit Solo 101 verwendet werden.<\/p>\n<\/li>\n<li data-start=\"1887\" data-end=\"1933\">\n<p data-start=\"1889\" data-end=\"1933\">Passend f\u00fcr die meisten Rauchmelder-Marken<\/p>\n<\/li>\n<\/ul>\n<h3 data-start=\"1935\" data-end=\"1950\">Transport<\/h3>\n<p data-start=\"1951\" data-end=\"2063\">Das Set kann im Aufbewahrungskoffer Solo 610 transportiert und organisiert werden; es bietet Platz f\u00fcr Messst\u00e4be, Pr\u00fcfger\u00e4te und Testgasflaschen.<\/p>\n<p data-start=\"2065\" data-end=\"2092\">TECHNISCHE DATEN:<\/p>\n<ul data-start=\"2093\" data-end=\"2521\">\n<li data-start=\"2093\" data-end=\"2120\">\n<p data-start=\"2095\" data-end=\"2120\">Produkt: Solo 6 Testkit<\/p>\n<\/li>\n<li data-start=\"2121\" data-end=\"2206\">\n<p data-start=\"2123\" data-end=\"2206\">Inhalt: Teleskopstange Solo 100, Detektorpr\u00fcfger\u00e4t Solo 330, Testgasflasche Solo A5<\/p>\n<\/li>\n<li data-start=\"2207\" data-end=\"2278\">\n<p data-start=\"2209\" data-end=\"2278\">Reichweite: Bis zu 6 m (kann mit Solo 101 bis zu 9,3 m kombiniert werden)<\/p>\n<\/li>\n<li data-start=\"2279\" data-end=\"2341\">\n<p data-start=\"2281\" data-end=\"2341\">Material der Teleskopstange: Fiberglas, nicht elektrisch leitf\u00e4hig<\/p>\n<\/li>\n<li data-start=\"2342\" data-end=\"2414\">\n<p data-start=\"2344\" data-end=\"2414\">Anwendung: Funktionspr\u00fcfung von Rauchmeldern (optisch und ionisierend)<\/p>\n<\/li>\n<li data-start=\"2415\" data-end=\"2457\">\n<p data-start=\"2417\" data-end=\"2457\">Kapazit\u00e4t der Testgasflasche: ca. 400 Tests<\/p>\n<\/li>\n<li data-start=\"2458\" data-end=\"2521\">\n<p data-start=\"2460\" data-end=\"2521\">Kompatibel mit: Solo- und Testifire-Testern, Solo-Takedown-Testern<\/p>\n<\/li>\n<\/ul>","protected":false},"excerpt":{"rendered":"<p>Das Solo 6 Testkit enth\u00e4lt die Teleskopstange Solo 100, das Detektortestger\u00e4t Solo 330 und eine Solo A5 Testgasflasche zum Testen von Rauchmeldern bis zu einer H\u00f6he von ca. 6 m.<\/p>\n<p>Ideal f\u00fcr Techniker, die effiziente und sichere Pr\u00fcfungen an mittelhohen Decken ben\u00f6tigen.<\/p>","protected":false},"featured_media":137216,"template":"","meta":{"_acf_changed":false},"product_brand":[],"product_cat":[3849,2945],"product_tag":[],"class_list":{"0":"post-92679","1":"product","2":"type-product","3":"status-publish","4":"has-post-thumbnail","6":"product_cat-solo-kit","7":"product_cat-solo","8":"product_shipping_class-tunga-paket","9":"tm-no-options","11":"first","12":"onbackorder","13":"taxable","14":"shipping-taxable","15":"purchasable","16":"product-type-simple"},"acf":[],"_links":{"self":[{"href":"https:\/\/secureus.se\/de\/wp-json\/wp\/v2\/product\/92679","targetHints":{"allow":["GET"]}}],"collection":[{"href":"https:\/\/secureus.se\/de\/wp-json\/wp\/v2\/product"}],"about":[{"href":"https:\/\/secureus.se\/de\/wp-json\/wp\/v2\/types\/product"}],"wp:featuredmedia":[{"embeddable":true,"href":"https:\/\/secureus.se\/de\/wp-json\/wp\/v2\/media\/137216"}],"wp:attachment":[{"href":"https:\/\/secureus.se\/de\/wp-json\/wp\/v2\/media?parent=92679"}],"wp:term":[{"taxonomy":"product_brand","embeddable":true,"href":"https:\/\/secureus.se\/de\/wp-json\/wp\/v2\/product_brand?post=92679"},{"taxonomy":"product_cat","embeddable":true,"href":"https:\/\/secureus.se\/de\/wp-json\/wp\/v2\/product_cat?post=92679"},{"taxonomy":"product_tag","embeddable":true,"href":"https:\/\/secureus.se\/de\/wp-json\/wp\/v2\/product_tag?post=92679"}],"curies":[{"name":"wp","href":"https:\/\/api.w.org\/{rel}","templated":true}]}}