{"id":92681,"date":"2024-06-12T13:12:51","date_gmt":"2024-06-12T11:12:51","guid":{"rendered":"https:\/\/secureus.se\/provkit-solo-10-73-m-rok-barvaskor\/"},"modified":"2026-04-23T12:46:08","modified_gmt":"2026-04-23T10:46:08","slug":"provkit-solo-10-73-m-rok-barvaskor","status":"publish","type":"product","link":"https:\/\/secureus.se\/de\/provkit-solo-10-73-m-rok-barvaskor\/","title":{"rendered":"Testkit Solo 10 \u2013 7,3 m (Rauch) \u2013 Tragetaschen"},"content":{"rendered":"<h1>Testkit Solo 10 \u2013 7,3 m (Rauch) \u2013 Tragetaschen<\/h1>\n<h3 data-start=\"357\" data-end=\"403\">Testkit f\u00fcr Rauchmelder bis 7,3 m<\/h3>\n<p data-start=\"404\" data-end=\"676\">Solo 10 wurde f\u00fcr die sichere und effiziente Pr\u00fcfung von Rauchmeldern in automatischen Brandmeldeanlagen entwickelt.<\/p>\n<p data-start=\"404\" data-end=\"676\">Das Set kombiniert Teleskopstangen, Verl\u00e4ngerungsstangen und Pr\u00fcfger\u00e4te mit Trage- und Aufbewahrungstaschen, was den Transport und die Verwendung auf der Baustelle erleichtert.<\/p>\n<h3 data-start=\"678\" data-end=\"702\">Inhalt von Solo 10<\/h3>\n<ul data-start=\"703\" data-end=\"1237\">\n<li data-start=\"703\" data-end=\"819\">\n<p data-start=\"705\" data-end=\"819\"><strong data-start=\"705\" data-end=\"733\">Detektortester Solo 330<\/strong> \u2013 Pr\u00fcft Rauch- und CO-Melder, kompatibel mit den Testgasflaschen Solo A5 und Solo C3.<\/p>\n<\/li>\n<li data-start=\"820\" data-end=\"910\">\n<p data-start=\"822\" data-end=\"910\"><strong data-start=\"822\" data-end=\"848\">Teleskopstange Solo 108<\/strong> \u2013 2,5 m, Fiberglas, nicht elektrisch leitend, leicht und steif.<\/p>\n<\/li>\n<li data-start=\"911\" data-end=\"1002\">\n<p data-start=\"913\" data-end=\"1002\"><strong data-start=\"913\" data-end=\"949\">3 \u00d7 Verl\u00e4ngerungsstangen Solo 101<\/strong> \u2013 jeweils 1,13 m, k\u00f6nnen f\u00fcr gr\u00f6\u00dfere H\u00f6hen miteinander verbunden werden.<\/p>\n<\/li>\n<li data-start=\"1003\" data-end=\"1150\">\n<p data-start=\"1005\" data-end=\"1150\"><strong data-start=\"1005\" data-end=\"1043\">Trage- und Aufbewahrungstaschen Solo 610<\/strong> \u2013 zwei Taschen mit herausnehmbaren Trennw\u00e4nden, K\u00f6cher f\u00fcr Ruten, Platz f\u00fcr Tester, Gasflaschen und Zubeh\u00f6r.<\/p>\n<\/li>\n<li data-start=\"1151\" data-end=\"1237\">\n<p data-start=\"1153\" data-end=\"1237\"><strong data-start=\"1153\" data-end=\"1183\">3 \u00d7 Solo A5 Testgasflaschen<\/strong> \u2013 Rauchtest, ausreichend f\u00fcr ca. 400 Tests pro Flasche.<\/p>\n<\/li>\n<\/ul>\n<h3 data-start=\"1239\" data-end=\"1271\">Einfache und sichere Anwendung<\/h3>\n<ol data-start=\"1272\" data-end=\"1587\">\n<li data-start=\"1272\" data-end=\"1354\">\n<p data-start=\"1275\" data-end=\"1354\">Montieren Sie Solo 330 auf Solo 108 und beliebigen Solo 101 Stangen f\u00fcr die gew\u00fcnschte H\u00f6he.<\/p>\n<\/li>\n<li data-start=\"1355\" data-end=\"1416\">\n<p data-start=\"1358\" data-end=\"1416\">Sch\u00fctteln Sie die Solo A5 Testgasflasche und setzen Sie sie in das Testger\u00e4t ein.<\/p>\n<\/li>\n<li data-start=\"1417\" data-end=\"1518\">\n<p data-start=\"1420\" data-end=\"1518\">Platzieren Sie den Becher um den Detektor, dr\u00fccken Sie ihn leicht gegen die Decke und lassen Sie das Gas etwa 1 Sekunde lang ausstr\u00f6men.<\/p>\n<\/li>\n<li data-start=\"1519\" data-end=\"1587\">\n<p data-start=\"1522\" data-end=\"1587\">Warten Sie etwa 10 Sekunden, bis der Detektor einen Alarm ausl\u00f6st; wiederholen Sie den Vorgang gegebenenfalls.<\/p>\n<\/li>\n<\/ol>\n<h3 data-start=\"1589\" data-end=\"1615\">Vorteile von Solo 10<\/h3>\n<ul data-start=\"1616\" data-end=\"1836\">\n<li data-start=\"1616\" data-end=\"1643\">\n<p data-start=\"1618\" data-end=\"1643\">Reichweite bis zu 7,3 m<\/p>\n<\/li>\n<li data-start=\"1644\" data-end=\"1682\">\n<p data-start=\"1646\" data-end=\"1682\">Pr\u00fcft sowohl Rauch- als auch Kohlenmonoxidmelder<\/p>\n<\/li>\n<li data-start=\"1683\" data-end=\"1725\">\n<p data-start=\"1685\" data-end=\"1725\">Kompakt und tragbar mit Solo 610 Taschen<\/p>\n<\/li>\n<li data-start=\"1726\" data-end=\"1782\">\n<p data-start=\"1728\" data-end=\"1782\">Einfache Montage und Handhabung von St\u00e4ben und Pr\u00fcfger\u00e4ten<\/p>\n<\/li>\n<li data-start=\"1783\" data-end=\"1836\">\n<p data-start=\"1785\" data-end=\"1836\">Eine Testgasflasche reicht f\u00fcr etwa 400 Proben.<\/p>\n<\/li>\n<\/ul>\n<h3 data-start=\"1838\" data-end=\"1868\">Technische Spezifikationen<\/h3>\n<ul data-start=\"1869\" data-end=\"2123\">\n<li data-start=\"1869\" data-end=\"1902\">\n<p data-start=\"1871\" data-end=\"1902\">Testh\u00f6he: bis zu 7,3 m<\/p>\n<\/li>\n<li data-start=\"1903\" data-end=\"1972\">\n<p data-start=\"1905\" data-end=\"1972\">Inhalt: Solo 330, Solo 108, 3 \u00d7 Solo 101, Solo 610, 3 \u00d7 Solo A5<\/p>\n<\/li>\n<li data-start=\"1973\" data-end=\"2027\">\n<p data-start=\"1975\" data-end=\"2027\">Stabmaterial: Glasfaser, nichtleitend<\/p>\n<\/li>\n<li data-start=\"2028\" data-end=\"2075\">\n<p data-start=\"2030\" data-end=\"2075\">Kapazit\u00e4t der Testgasflasche: ca. 400 Proben\/Flasche<\/p>\n<\/li>\n<li data-start=\"2076\" data-end=\"2123\">\n<p data-start=\"2078\" data-end=\"2123\">Kompatibel mit: Solo- und Testifire-Testern<\/p>\n<\/li>\n<\/ul>","protected":false},"excerpt":{"rendered":"<p>Das Solo 10 Testkit ist ein Komplettset zum Testen von Rauchmeldern bis zu einer Entfernung von ca. 7,3 m.<\/p>\n<p>Enth\u00e4lt Solo 108 Teleskopstange, 3 Solo 101 Verl\u00e4ngerungsstangen, Solo 330 Detektorpr\u00fcfger\u00e4t, Solo 610 Trage- und Aufbewahrungstaschen und 3 Solo A5 Testgasflaschen.<\/p>\n<p>Praktisch, handlich und tragbar f\u00fcr professionelle Tests.<\/p>","protected":false},"featured_media":137682,"template":"","meta":{"_acf_changed":false},"product_brand":[],"product_cat":[3849,2945],"product_tag":[],"class_list":{"0":"post-92681","1":"product","2":"type-product","3":"status-publish","4":"has-post-thumbnail","6":"product_cat-solo-kit","7":"product_cat-solo","8":"product_shipping_class-tunga-paket","9":"tm-no-options","11":"first","12":"instock","13":"taxable","14":"shipping-taxable","15":"purchasable","16":"product-type-simple"},"acf":[],"_links":{"self":[{"href":"https:\/\/secureus.se\/de\/wp-json\/wp\/v2\/product\/92681","targetHints":{"allow":["GET"]}}],"collection":[{"href":"https:\/\/secureus.se\/de\/wp-json\/wp\/v2\/product"}],"about":[{"href":"https:\/\/secureus.se\/de\/wp-json\/wp\/v2\/types\/product"}],"wp:featuredmedia":[{"embeddable":true,"href":"https:\/\/secureus.se\/de\/wp-json\/wp\/v2\/media\/137682"}],"wp:attachment":[{"href":"https:\/\/secureus.se\/de\/wp-json\/wp\/v2\/media?parent=92681"}],"wp:term":[{"taxonomy":"product_brand","embeddable":true,"href":"https:\/\/secureus.se\/de\/wp-json\/wp\/v2\/product_brand?post=92681"},{"taxonomy":"product_cat","embeddable":true,"href":"https:\/\/secureus.se\/de\/wp-json\/wp\/v2\/product_cat?post=92681"},{"taxonomy":"product_tag","embeddable":true,"href":"https:\/\/secureus.se\/de\/wp-json\/wp\/v2\/product_tag?post=92681"}],"curies":[{"name":"wp","href":"https:\/\/api.w.org\/{rel}","templated":true}]}}