{"id":92773,"date":"2024-06-16T12:32:33","date_gmt":"2024-06-16T10:32:33","guid":{"rendered":"https:\/\/secureus.se\/?post_type=product&#038;p=92773"},"modified":"2026-04-15T16:57:44","modified_gmt":"2026-04-15T14:57:44","slug":"dorrbroms-523t-1-gra","status":"publish","type":"product","link":"https:\/\/secureus.se\/de\/dorrbroms-523t-1-gra\/","title":{"rendered":"ASSA ABLOY 523T\/1 T\u00fcrbremse \u2013 Grau \u2013 590\u2013769 mm"},"content":{"rendered":"<div>\n<h2 data-section-id=\"v8l2mo\" data-start=\"287\" data-end=\"366\">ASSA ABLOY T\u00fcrbremse 523T\/1 \u2013 Grau \u2013 F\u00fcr Terrassent\u00fcren und Fenstert\u00fcren (590\u2013769 mm)<\/h2>\n<p data-start=\"368\" data-end=\"612\">ASSA ABLOY 523T ist eine robuste T\u00fcrbremse f\u00fcr nach au\u00dfen \u00f6ffnende Terrassent\u00fcren, Fenstert\u00fcren und andere Au\u00dfent\u00fcren. Die T\u00fcrbremse h\u00e4lt die T\u00fcr in der gew\u00fcnschten \u00d6ffnungsposition und verringert das Risiko, dass die T\u00fcr bei starkem Wind zur\u00fcckschl\u00e4gt oder unkontrolliert aufspringt.<\/p>\n<p data-start=\"614\" data-end=\"846\">Die einstellbare Reibungsbremse erm\u00f6glicht die einfache Anpassung der Bremskraft an das Gewicht der T\u00fcr und die gew\u00fcnschte Funktion. Dadurch stoppt die T\u00fcr in der gew\u00fcnschten \u00d6ffnungsposition, was den Komfort erh\u00f6ht und das Risiko von Einklemmverletzungen verringert.<\/p>\n<p data-start=\"848\" data-end=\"994\">523T eignet sich sowohl f\u00fcr rechts- als auch linksanschlagende T\u00fcren und ist eine g\u00e4ngige Wahl f\u00fcr Terrassent\u00fcren und Fenstert\u00fcren in Wohnh\u00e4usern, Abstellr\u00e4umen und \u00e4hnlichen Umgebungen.<\/p>\n<hr data-start=\"996\" data-end=\"999\" \/>\n<h2 data-section-id=\"fnvs8i\" data-start=\"1001\" data-end=\"1014\">Eigenschaften<\/h2>\n<p data-start=\"1016\" data-end=\"1304\">\u2022 F\u00fcr nach au\u00dfen \u00f6ffnende Terrassent\u00fcren, Fenstert\u00fcren und Au\u00dfent\u00fcren<br data-start=\"1075\" data-end=\"1078\" \/>\u2022 H\u00e4lt die T\u00fcr in der gew\u00fcnschten \u00d6ffnungsposition<br data-start=\"1119\" data-end=\"1122\" \/>\u2022 Verhindert, dass die T\u00fcr bei Wind zuschl\u00e4gt<br data-start=\"1166\" data-end=\"1169\" \/>\u2022 Einstellbare Bremskraft mit einfacher Reibungseinstellung<br data-start=\"1220\" data-end=\"1223\" \/>\u2022 Passend f\u00fcr rechte und linke T\u00fcren<br data-start=\"1268\" data-end=\"1271\" \/>\u2022 Verringert das Risiko von Quetschverletzungen<\/p>\n<hr data-start=\"1306\" data-end=\"1309\" \/>\n<h2 data-section-id=\"zehbyt\" data-start=\"1311\" data-end=\"1337\">Konstruktion und Materialien<\/h2>\n<p data-start=\"1339\" data-end=\"1474\">\u2022 Edelstahlstange<br data-start=\"1364\" data-end=\"1367\" \/>\u2022 Gelenkkopf aus robustem Acetal-Kunststoff<br data-start=\"1401\" data-end=\"1404\" \/>\u2022 Rahmenhalterung und T\u00fcrhalterung aus lackiertem Stahl<br data-start=\"1445\" data-end=\"1448\" \/>\u2022 Acetal-Kunststoffabdeckung<\/p>\n<p data-start=\"1476\" data-end=\"1586\">Dank seiner robusten Bauweise eignet sich der T\u00fcrbremse f\u00fcr den t\u00e4glichen Einsatz sowohl in Wohngeb\u00e4uden als auch in \u00e4hnlichen Umgebungen.<\/p>\n<hr data-start=\"1588\" data-end=\"1591\" \/>\n<h2 data-section-id=\"10c1xz9\" data-start=\"1593\" data-end=\"1617\">Abmessungen &amp; Kompatibilit\u00e4t<\/h2>\n<p data-start=\"1619\" data-end=\"1732\"><strong data-start=\"1619\" data-end=\"1630\">Modell:<\/strong> 523T\/1<br data-start=\"1637\" data-end=\"1640\" \/><strong data-start=\"1640\" data-end=\"1656\">Gesamtl\u00e4nge:<\/strong> 445 mm<br data-start=\"1663\" data-end=\"1666\" \/><strong data-start=\"1666\" data-end=\"1689\">Passend f\u00fcr Rahmenabmessungen:<\/strong> 590\u2013769 mm<br data-start=\"1700\" data-end=\"1703\" \/><strong data-start=\"1703\" data-end=\"1722\">\u00d6ffnungswinkel:<\/strong> etwa 95\u00b0<\/p>\n<hr data-start=\"1734\" data-end=\"1737\" \/>\n<h2 data-section-id=\"kejv24\" data-start=\"1739\" data-end=\"1763\">Erh\u00e4ltlich in zwei Gr\u00f6\u00dfen<\/h2>\n<p data-start=\"1765\" data-end=\"1822\"><strong data-start=\"1765\" data-end=\"1775\">523T\/1<\/strong><br data-start=\"1775\" data-end=\"1778\" \/>Passend f\u00fcr T\u00fcren mit Rahmenbreiten <strong data-start=\"1808\" data-end=\"1822\">590\u2013769 mm<\/strong><\/p>\n<p data-start=\"1824\" data-end=\"1881\"><strong data-start=\"1824\" data-end=\"1834\">523T\/2<\/strong><br data-start=\"1834\" data-end=\"1837\" \/>Passend f\u00fcr T\u00fcren mit Rahmenbreiten <strong data-start=\"1867\" data-end=\"1881\">770\u2013910 mm<\/strong><\/p>\n<hr data-start=\"1883\" data-end=\"1886\" \/>\n<h2 data-section-id=\"1lu5w0y\" data-start=\"1888\" data-end=\"1910\">Empfohlene Schraube \u2013 nicht im Lieferumfang enthalten<\/h2>\n<p data-start=\"1912\" data-end=\"1965\">Rahmenbefestigung: <strong data-start=\"1923\" data-end=\"1937\">TFX 4,5 mm<\/strong><br data-start=\"1937\" data-end=\"1940\" \/>T\u00fcrhalterung: <strong data-start=\"1951\" data-end=\"1965\">TFX 3,5 mm<\/strong><\/p>\n<\/div>","protected":false},"excerpt":{"rendered":"<p data-start=\"2252\" data-end=\"2487\">ASSA ABLOY 523T\/1 ist eine T\u00fcrbremse f\u00fcr nach au\u00dfen \u00f6ffnende T\u00fcren, Terrassent\u00fcren und Fenstert\u00fcren. Sie h\u00e4lt die T\u00fcr in der gew\u00fcnschten \u00d6ffnungsposition und verhindert ein Zur\u00fcckschwingen. Geeignet f\u00fcr Rahmenabmessungen von 590\u2013769 mm und sowohl f\u00fcr rechts- als auch linksdrehende T\u00fcren.<\/p>","protected":false},"featured_media":137168,"template":"","meta":{"_acf_changed":false},"product_brand":[],"product_cat":[3370],"product_tag":[],"class_list":{"0":"post-92773","1":"product","2":"type-product","3":"status-publish","4":"has-post-thumbnail","6":"product_cat-dorrbroms-dorrbromsar","7":"product_shipping_class-tunga-paket","8":"pa_brands-abloy","9":"tm-no-options","11":"first","12":"instock","13":"sale","14":"taxable","15":"shipping-taxable","16":"purchasable","17":"product-type-simple"},"acf":[],"_links":{"self":[{"href":"https:\/\/secureus.se\/de\/wp-json\/wp\/v2\/product\/92773","targetHints":{"allow":["GET"]}}],"collection":[{"href":"https:\/\/secureus.se\/de\/wp-json\/wp\/v2\/product"}],"about":[{"href":"https:\/\/secureus.se\/de\/wp-json\/wp\/v2\/types\/product"}],"wp:featuredmedia":[{"embeddable":true,"href":"https:\/\/secureus.se\/de\/wp-json\/wp\/v2\/media\/137168"}],"wp:attachment":[{"href":"https:\/\/secureus.se\/de\/wp-json\/wp\/v2\/media?parent=92773"}],"wp:term":[{"taxonomy":"product_brand","embeddable":true,"href":"https:\/\/secureus.se\/de\/wp-json\/wp\/v2\/product_brand?post=92773"},{"taxonomy":"product_cat","embeddable":true,"href":"https:\/\/secureus.se\/de\/wp-json\/wp\/v2\/product_cat?post=92773"},{"taxonomy":"product_tag","embeddable":true,"href":"https:\/\/secureus.se\/de\/wp-json\/wp\/v2\/product_tag?post=92773"}],"curies":[{"name":"wp","href":"https:\/\/api.w.org\/{rel}","templated":true}]}}