{"id":92783,"date":"2024-06-16T12:18:13","date_gmt":"2024-06-16T10:18:13","guid":{"rendered":"https:\/\/secureus.se\/dorrbroms-1630-svart\/"},"modified":"2026-03-25T15:39:13","modified_gmt":"2026-03-25T14:39:13","slug":"dorrbroms-1630-svart","status":"publish","type":"product","link":"https:\/\/secureus.se\/de\/dorrbroms-1630-svart\/","title":{"rendered":"T\u00fcrbremse 1630 Schwarz"},"content":{"rendered":"<div>T\u00fcrbremse f\u00fcr nach au\u00dfen \u00f6ffnende T\u00fcr. Montage auf der Aufprallseite.<\/div>\n<div><b><br \/>\nEigenschaften:<\/b><\/div>\n<div>\n<ul>\n<li>T\u00fcrbreite 700-910 mm.<\/li>\n<li>Lackierte Stahlhalterungen und Teleskoprohr.<\/li>\n<li>Edelstahlstange mit Gelenkkopf und Kunststoff-Einstellh\u00fclse.<\/li>\n<\/ul>\n<\/div>","protected":false},"excerpt":{"rendered":"<p>T\u00fcrbremse f\u00fcr nach au\u00dfen \u00f6ffnende T\u00fcr. Montage auf der Aufprallseite. Eigenschaften: T\u00fcrbreite 700-910 mm. Lackierte Stahlhalterungen und Teleskoprohr. Edelstahlstange mit Gelenkkopf und Kunststoff-Einstellh\u00fclse.<\/p>","protected":false},"featured_media":137617,"template":"","meta":{"_acf_changed":false},"product_brand":[],"product_cat":[3370],"product_tag":[],"class_list":{"0":"post-92783","1":"product","2":"type-product","3":"status-publish","4":"has-post-thumbnail","6":"product_cat-dorrbroms-dorrbromsar","7":"product_shipping_class-tunga-paket","8":"tm-no-options","10":"first","11":"onbackorder","12":"sale","13":"taxable","14":"shipping-taxable","15":"purchasable","16":"product-type-simple"},"acf":[],"_links":{"self":[{"href":"https:\/\/secureus.se\/de\/wp-json\/wp\/v2\/product\/92783","targetHints":{"allow":["GET"]}}],"collection":[{"href":"https:\/\/secureus.se\/de\/wp-json\/wp\/v2\/product"}],"about":[{"href":"https:\/\/secureus.se\/de\/wp-json\/wp\/v2\/types\/product"}],"wp:featuredmedia":[{"embeddable":true,"href":"https:\/\/secureus.se\/de\/wp-json\/wp\/v2\/media\/137617"}],"wp:attachment":[{"href":"https:\/\/secureus.se\/de\/wp-json\/wp\/v2\/media?parent=92783"}],"wp:term":[{"taxonomy":"product_brand","embeddable":true,"href":"https:\/\/secureus.se\/de\/wp-json\/wp\/v2\/product_brand?post=92783"},{"taxonomy":"product_cat","embeddable":true,"href":"https:\/\/secureus.se\/de\/wp-json\/wp\/v2\/product_cat?post=92783"},{"taxonomy":"product_tag","embeddable":true,"href":"https:\/\/secureus.se\/de\/wp-json\/wp\/v2\/product_tag?post=92783"}],"curies":[{"name":"wp","href":"https:\/\/api.w.org\/{rel}","templated":true}]}}