{"id":92787,"date":"2024-06-16T12:32:34","date_gmt":"2024-06-16T10:32:34","guid":{"rendered":"https:\/\/secureus.se\/?post_type=product&#038;p=92787"},"modified":"2026-03-25T15:38:22","modified_gmt":"2026-03-25T14:38:22","slug":"dorrbroms-1630-rostfri","status":"publish","type":"product","link":"https:\/\/secureus.se\/de\/dorrbroms-1630-rostfri\/","title":{"rendered":"T\u00fcrbremse 1630 Edelstahl"},"content":{"rendered":"<div>T\u00fcrbremse f\u00fcr nach au\u00dfen \u00f6ffnende T\u00fcr. Montage auf der Aufprallseite.<\/div>\n<div><b><br \/>Eigenschaften: <\/b><\/div>\n<div>\n<ul>\n<li>T\u00fcrbreite 700-910 mm. <\/li>\n<li>Lackierte Stahlhalterungen und Teleskoprohr. <\/li>\n<li>Edelstahlstange mit Gelenkkopf und Kunststoff-Einstellh\u00fclse.<\/li>\n<\/ul>\n<\/div>\n<div><\/div>","protected":false},"excerpt":{"rendered":"<p>T\u00fcrbremse f\u00fcr nach au\u00dfen \u00f6ffnende T\u00fcr. Montage auf der Aufprallseite. Eigenschaften: T\u00fcrbreite 700-910 mm. Lackierte Stahlhalterungen und Teleskoprohr. Edelstahlstange mit Gelenkkopf und Kunststoff-Einstellh\u00fclse.<\/p>","protected":false},"featured_media":137602,"template":"","meta":{"_acf_changed":false},"product_brand":[],"product_cat":[3370],"product_tag":[],"class_list":{"0":"post-92787","1":"product","2":"type-product","3":"status-publish","4":"has-post-thumbnail","6":"product_cat-dorrbroms-dorrbromsar","7":"product_shipping_class-tunga-paket","8":"pa_brands-habo","9":"tm-no-options","11":"first","12":"instock","13":"taxable","14":"shipping-taxable","15":"purchasable","16":"product-type-simple"},"acf":[],"_links":{"self":[{"href":"https:\/\/secureus.se\/de\/wp-json\/wp\/v2\/product\/92787","targetHints":{"allow":["GET"]}}],"collection":[{"href":"https:\/\/secureus.se\/de\/wp-json\/wp\/v2\/product"}],"about":[{"href":"https:\/\/secureus.se\/de\/wp-json\/wp\/v2\/types\/product"}],"wp:featuredmedia":[{"embeddable":true,"href":"https:\/\/secureus.se\/de\/wp-json\/wp\/v2\/media\/137602"}],"wp:attachment":[{"href":"https:\/\/secureus.se\/de\/wp-json\/wp\/v2\/media?parent=92787"}],"wp:term":[{"taxonomy":"product_brand","embeddable":true,"href":"https:\/\/secureus.se\/de\/wp-json\/wp\/v2\/product_brand?post=92787"},{"taxonomy":"product_cat","embeddable":true,"href":"https:\/\/secureus.se\/de\/wp-json\/wp\/v2\/product_cat?post=92787"},{"taxonomy":"product_tag","embeddable":true,"href":"https:\/\/secureus.se\/de\/wp-json\/wp\/v2\/product_tag?post=92787"}],"curies":[{"name":"wp","href":"https:\/\/api.w.org\/{rel}","templated":true}]}}