{"id":92789,"date":"2024-06-16T12:32:34","date_gmt":"2024-06-16T10:32:34","guid":{"rendered":"https:\/\/secureus.se\/?post_type=product&#038;p=92789"},"modified":"2026-04-15T16:57:04","modified_gmt":"2026-04-15T14:57:04","slug":"dorrbroms-533t-1-vit","status":"publish","type":"product","link":"https:\/\/secureus.se\/de\/dorrbroms-533t-1-vit\/","title":{"rendered":"ASSA ABLOY 533T\/1 T\u00fcrstopper \u2013 Wei\u00df \u2013 Nach innen \u00f6ffnende T\u00fcr \u2013 500\u2013700 mm"},"content":{"rendered":"<div>\n<h2 data-section-id=\"9tax4l\" data-start=\"180\" data-end=\"247\">ASSA ABLOY T\u00fcrbremse 533T\/1 \u2013 Wei\u00df \u2013 Nach innen \u00f6ffnende T\u00fcr \u2013 500\u2013700 mm<\/h2>\n<p data-start=\"249\" data-end=\"465\">ASSA ABLOY 533T\/1 ist eine T\u00fcrbremse f\u00fcr nach innen \u00f6ffnende Au\u00dfent\u00fcren, Terrassent\u00fcren und Abstellraumt\u00fcren. Die T\u00fcrbremse h\u00e4lt die T\u00fcr in der gew\u00fcnschten \u00d6ffnungsposition und verringert das Risiko, dass die T\u00fcr zur\u00fcckschwingt oder unkontrolliert aufspringt.<\/p>\n<p data-start=\"467\" data-end=\"730\">Dank der einstellbaren Reibungsbremse l\u00e4sst sich die Bremskraft einfach an das Gewicht der T\u00fcr und den gew\u00fcnschten T\u00fcrwiderstand anpassen. So stoppt die T\u00fcr in der von Ihnen gew\u00e4hlten \u00d6ffnungsposition, was den Komfort erh\u00f6ht und das Risiko von Einklemmverletzungen verringert.<\/p>\n<p data-start=\"732\" data-end=\"852\">Das Modell 533T\/1 ist das k\u00fcrzere der Serie und eignet sich f\u00fcr schmalere T\u00fcren. Es passt sowohl f\u00fcr rechts- als auch linksanschlagende T\u00fcren.<\/p>\n<hr data-start=\"854\" data-end=\"857\" \/>\n<h2 data-section-id=\"fnvs8i\" data-start=\"859\" data-end=\"872\">Eigenschaften<\/h2>\n<p data-start=\"874\" data-end=\"1149\">\u2022 F\u00fcr nach innen \u00f6ffnende Au\u00dfent\u00fcren, Fenstert\u00fcren und Abstellt\u00fcren<br data-start=\"935\" data-end=\"938\" \/>\u2022 H\u00e4lt die T\u00fcr in der gew\u00fcnschten \u00d6ffnungsposition<br data-start=\"979\" data-end=\"982\" \/>\u2022 Verhindert, dass die T\u00fcr zur\u00fcckschwingt<br data-start=\"1017\" data-end=\"1020\" \/>\u2022 Einstellbare Bremskraft durch Reibungseinstellung<br data-start=\"1065\" data-end=\"1068\" \/>\u2022 Passend f\u00fcr rechte und linke T\u00fcren<br data-start=\"1113\" data-end=\"1116\" \/>\u2022 Verringert das Risiko von Quetschverletzungen<\/p>\n<hr data-start=\"1151\" data-end=\"1154\" \/>\n<h2 data-section-id=\"zehbyt\" data-start=\"1156\" data-end=\"1182\">Konstruktion und Materialien<\/h2>\n<p data-start=\"1184\" data-end=\"1319\">\u2022 Edelstahlstange<br data-start=\"1209\" data-end=\"1212\" \/>\u2022 Gelenkkopf aus robustem Acetal-Kunststoff<br data-start=\"1246\" data-end=\"1249\" \/>\u2022 Rahmenhalterung und T\u00fcrhalterung aus lackiertem Stahl<br data-start=\"1290\" data-end=\"1293\" \/>\u2022 Acetal-Kunststoffabdeckung<\/p>\n<p data-start=\"1321\" data-end=\"1426\">Dank seiner robusten Bauweise eignet sich der T\u00fcrbremse f\u00fcr den t\u00e4glichen Einsatz in Haushalten und \u00e4hnlichen Umgebungen.<\/p>\n<hr data-start=\"1428\" data-end=\"1431\" \/>\n<h2 data-section-id=\"10c1xz9\" data-start=\"1433\" data-end=\"1457\">Abmessungen &amp; Kompatibilit\u00e4t<\/h2>\n<p data-start=\"1459\" data-end=\"1542\"><strong data-start=\"1459\" data-end=\"1470\">Modell:<\/strong> 533T\/1<br data-start=\"1477\" data-end=\"1480\" \/><strong data-start=\"1480\" data-end=\"1496\">Gesamtl\u00e4nge:<\/strong> 430 mm<br data-start=\"1503\" data-end=\"1506\" \/><strong data-start=\"1506\" data-end=\"1529\">Passend f\u00fcr Rahmenabmessungen:<\/strong> 500\u2013700 mm<\/p>\n<hr data-start=\"1544\" data-end=\"1547\" \/>\n<h2 data-section-id=\"kejv24\" data-start=\"1549\" data-end=\"1573\">Erh\u00e4ltlich in zwei Gr\u00f6\u00dfen<\/h2>\n<p data-start=\"1575\" data-end=\"1632\"><strong data-start=\"1575\" data-end=\"1585\">533T\/1<\/strong><br data-start=\"1585\" data-end=\"1588\" \/>Passend f\u00fcr T\u00fcren mit Rahmenbreiten <strong data-start=\"1618\" data-end=\"1632\">500\u2013700 mm<\/strong><\/p>\n<p data-start=\"1634\" data-end=\"1691\"><strong data-start=\"1634\" data-end=\"1644\">533T\/2<\/strong><br data-start=\"1644\" data-end=\"1647\" \/>Passend f\u00fcr T\u00fcren mit Rahmenbreiten <strong data-start=\"1677\" data-end=\"1691\">700\u2013910 mm<\/strong><\/p>\n<hr data-start=\"1693\" data-end=\"1696\" \/>\n<h2 data-section-id=\"1lu5w0y\" data-start=\"1698\" data-end=\"1720\">Empfohlene Schraube<\/h2>\n<p data-start=\"1722\" data-end=\"1775\">Rahmenbefestigung: <strong data-start=\"1733\" data-end=\"1747\">TFX 4,5 mm<\/strong><br data-start=\"1747\" data-end=\"1750\" \/>T\u00fcrhalterung: <strong data-start=\"1761\" data-end=\"1775\">TFX 3,5 mm<\/strong><\/p>\n<p data-start=\"1777\" data-end=\"1847\">Schrauben sind nicht im Lieferumfang enthalten, k\u00f6nnen aber separat bei uns erworben werden.<\/p>\n<\/div>","protected":false},"excerpt":{"rendered":"<p>ASSA ABLOY 533T\/1 ist eine T\u00fcrbremse f\u00fcr nach innen \u00f6ffnende Au\u00dfent\u00fcren und Terrassent\u00fcren. Sie h\u00e4lt die T\u00fcr in der gew\u00fcnschten \u00d6ffnungsposition und verringert das Risiko des Zur\u00fcckschwingens. Geeignet f\u00fcr Rahmen mit einem Durchmesser von 500\u2013700 mm und sowohl f\u00fcr rechts- als auch linksdrehende T\u00fcren.<\/p>","protected":false},"featured_media":164430,"template":"","meta":{"_acf_changed":false},"product_brand":[],"product_cat":[3370],"product_tag":[],"class_list":{"0":"post-92789","1":"product","2":"type-product","3":"status-publish","4":"has-post-thumbnail","6":"product_cat-dorrbroms-dorrbromsar","7":"product_shipping_class-tunga-paket","8":"pa_brands-abloy","9":"tm-no-options","11":"first","12":"instock","13":"sale","14":"taxable","15":"shipping-taxable","16":"purchasable","17":"product-type-simple"},"acf":[],"_links":{"self":[{"href":"https:\/\/secureus.se\/de\/wp-json\/wp\/v2\/product\/92789","targetHints":{"allow":["GET"]}}],"collection":[{"href":"https:\/\/secureus.se\/de\/wp-json\/wp\/v2\/product"}],"about":[{"href":"https:\/\/secureus.se\/de\/wp-json\/wp\/v2\/types\/product"}],"wp:featuredmedia":[{"embeddable":true,"href":"https:\/\/secureus.se\/de\/wp-json\/wp\/v2\/media\/164430"}],"wp:attachment":[{"href":"https:\/\/secureus.se\/de\/wp-json\/wp\/v2\/media?parent=92789"}],"wp:term":[{"taxonomy":"product_brand","embeddable":true,"href":"https:\/\/secureus.se\/de\/wp-json\/wp\/v2\/product_brand?post=92789"},{"taxonomy":"product_cat","embeddable":true,"href":"https:\/\/secureus.se\/de\/wp-json\/wp\/v2\/product_cat?post=92789"},{"taxonomy":"product_tag","embeddable":true,"href":"https:\/\/secureus.se\/de\/wp-json\/wp\/v2\/product_tag?post=92789"}],"curies":[{"name":"wp","href":"https:\/\/api.w.org\/{rel}","templated":true}]}}