{"id":92793,"date":"2024-06-16T12:32:34","date_gmt":"2024-06-16T10:32:34","guid":{"rendered":"https:\/\/secureus.se\/?post_type=product&#038;p=92793"},"modified":"2026-04-15T16:57:30","modified_gmt":"2026-04-15T14:57:30","slug":"dorrbroms-533t-2-vit","status":"publish","type":"product","link":"https:\/\/secureus.se\/de\/dorrbroms-533t-2-vit\/","title":{"rendered":"ASSA ABLOY 533T\/2 T\u00fcrstopper \u2013 Wei\u00df \u2013 Nach innen \u00f6ffnende T\u00fcr \u2013 700\u2013910 mm"},"content":{"rendered":"<h2 data-section-id=\"1kkk737\" data-start=\"158\" data-end=\"219\">ASSA ABLOY T\u00fcrbremse 533T\/2 \u2013 Nach innen \u00f6ffnende T\u00fcr \u2013 700\u2013910 mm<\/h2>\n<p data-start=\"221\" data-end=\"437\">ASSA ABLOY 533T\/2 ist eine T\u00fcrbremse f\u00fcr nach innen \u00f6ffnende Au\u00dfent\u00fcren, Terrassent\u00fcren und Abstellraumt\u00fcren. Die T\u00fcrbremse h\u00e4lt die T\u00fcr in der gew\u00fcnschten \u00d6ffnungsposition und verringert das Risiko, dass die T\u00fcr zur\u00fcckschwingt oder unkontrolliert aufspringt.<\/p>\n<p data-start=\"439\" data-end=\"704\">Die einstellbare Reibungsbremse erm\u00f6glicht die einfache Anpassung der Bremskraft an das Gewicht der T\u00fcr und den gew\u00fcnschten T\u00fcrwiderstand. Dadurch stoppt die T\u00fcr in der gew\u00e4hlten \u00d6ffnungsposition, was den Komfort erh\u00f6ht und das Risiko von Einklemmverletzungen verringert.<\/p>\n<p data-start=\"706\" data-end=\"835\">Das Modell 533T\/2 ist die l\u00e4ngere Ausf\u00fchrung der Serie und eignet sich f\u00fcr breitere T\u00fcren. Es passt sowohl f\u00fcr rechts- als auch f\u00fcr linksanschlagende T\u00fcren.<\/p>\n<hr data-start=\"837\" data-end=\"840\" \/>\n<h2 data-section-id=\"fnvs8i\" data-start=\"842\" data-end=\"855\">Eigenschaften<\/h2>\n<p data-start=\"857\" data-end=\"1117\">\u2022 F\u00fcr nach innen \u00f6ffnende Au\u00dfent\u00fcren und Fenstert\u00fcren<br data-start=\"903\" data-end=\"906\" \/>\u2022 H\u00e4lt die T\u00fcr in der gew\u00fcnschten \u00d6ffnungsposition<br data-start=\"947\" data-end=\"950\" \/>\u2022 Verhindert, dass die T\u00fcr zur\u00fcckschwingt<br data-start=\"985\" data-end=\"988\" \/>\u2022 Einstellbare Bremskraft durch Reibungseinstellung<br data-start=\"1033\" data-end=\"1036\" \/>\u2022 Passend f\u00fcr rechte und linke T\u00fcren<br data-start=\"1081\" data-end=\"1084\" \/>\u2022 Verringert das Risiko von Quetschverletzungen<\/p>\n<hr data-start=\"1119\" data-end=\"1122\" \/>\n<h2 data-section-id=\"zehbyt\" data-start=\"1124\" data-end=\"1150\">Konstruktion und Materialien<\/h2>\n<p data-start=\"1152\" data-end=\"1287\">\u2022 Edelstahlstange<br data-start=\"1177\" data-end=\"1180\" \/>\u2022 Gelenkkopf aus robustem Acetal-Kunststoff<br data-start=\"1214\" data-end=\"1217\" \/>\u2022 Rahmenhalterung und T\u00fcrhalterung aus lackiertem Stahl<br data-start=\"1258\" data-end=\"1261\" \/>\u2022 Acetal-Kunststoffabdeckung<\/p>\n<p data-start=\"1289\" data-end=\"1394\">Dank seiner robusten Bauweise eignet sich der T\u00fcrbremse f\u00fcr den t\u00e4glichen Einsatz in Haushalten und \u00e4hnlichen Umgebungen.<\/p>\n<hr data-start=\"1396\" data-end=\"1399\" \/>\n<h2 data-section-id=\"10c1xz9\" data-start=\"1401\" data-end=\"1425\">Abmessungen &amp; Kompatibilit\u00e4t<\/h2>\n<p data-start=\"1427\" data-end=\"1510\"><strong data-start=\"1427\" data-end=\"1438\">Modell:<\/strong> 533T\/2<br data-start=\"1445\" data-end=\"1448\" \/><strong data-start=\"1448\" data-end=\"1464\">Gesamtl\u00e4nge:<\/strong> 530 mm<br data-start=\"1471\" data-end=\"1474\" \/><strong data-start=\"1474\" data-end=\"1497\">Passend f\u00fcr Rahmenabmessungen:<\/strong> 700\u2013910 mm<\/p>\n<hr data-start=\"1512\" data-end=\"1515\" \/>\n<h2 data-section-id=\"kejv24\" data-start=\"1517\" data-end=\"1541\">Erh\u00e4ltlich in zwei Gr\u00f6\u00dfen<\/h2>\n<p data-start=\"1543\" data-end=\"1600\"><strong data-start=\"1543\" data-end=\"1553\">533T\/1<\/strong><br data-start=\"1553\" data-end=\"1556\" \/>Passend f\u00fcr T\u00fcren mit Rahmenbreiten <strong data-start=\"1586\" data-end=\"1600\">500\u2013700 mm<\/strong><\/p>\n<p data-start=\"1602\" data-end=\"1659\"><strong data-start=\"1602\" data-end=\"1612\">533T\/2<\/strong><br data-start=\"1612\" data-end=\"1615\" \/>Passend f\u00fcr T\u00fcren mit Rahmenbreiten <strong data-start=\"1645\" data-end=\"1659\">700\u2013910 mm<\/strong><\/p>\n<hr data-start=\"1661\" data-end=\"1664\" \/>\n<h2 data-section-id=\"1lu5w0y\" data-start=\"1666\" data-end=\"1688\">Empfohlene Schraube<\/h2>\n<p data-start=\"1690\" data-end=\"1743\">Rahmenbefestigung: <strong data-start=\"1701\" data-end=\"1715\">TFX 4,5 mm<\/strong><br data-start=\"1715\" data-end=\"1718\" \/>T\u00fcrhalterung: <strong data-start=\"1729\" data-end=\"1743\">TFX 3,5 mm<\/strong><\/p>\n<p data-start=\"1745\" data-end=\"1815\">Schrauben sind nicht im Lieferumfang enthalten, k\u00f6nnen aber separat bei uns erworben werden.<\/p>","protected":false},"excerpt":{"rendered":"<p>ASSA ABLOY 533T\/2 ist eine T\u00fcrbremse f\u00fcr nach innen \u00f6ffnende Au\u00dfent\u00fcren und Terrassent\u00fcren. Sie h\u00e4lt die T\u00fcr in der gew\u00fcnschten \u00d6ffnungsposition und verringert das Risiko des Zur\u00fcckschwingens. Geeignet f\u00fcr Rahmen mit einem Durchmesser von 700\u2013910 mm und sowohl f\u00fcr rechts- als auch linksdrehende T\u00fcren.<\/p>","protected":false},"featured_media":164432,"template":"","meta":{"_acf_changed":false},"product_brand":[],"product_cat":[3370],"product_tag":[],"class_list":{"0":"post-92793","1":"product","2":"type-product","3":"status-publish","4":"has-post-thumbnail","6":"product_cat-dorrbroms-dorrbromsar","7":"product_shipping_class-tunga-paket","8":"pa_brands-abloy","9":"tm-no-options","11":"first","12":"instock","13":"sale","14":"taxable","15":"shipping-taxable","16":"purchasable","17":"product-type-simple"},"acf":[],"_links":{"self":[{"href":"https:\/\/secureus.se\/de\/wp-json\/wp\/v2\/product\/92793","targetHints":{"allow":["GET"]}}],"collection":[{"href":"https:\/\/secureus.se\/de\/wp-json\/wp\/v2\/product"}],"about":[{"href":"https:\/\/secureus.se\/de\/wp-json\/wp\/v2\/types\/product"}],"wp:featuredmedia":[{"embeddable":true,"href":"https:\/\/secureus.se\/de\/wp-json\/wp\/v2\/media\/164432"}],"wp:attachment":[{"href":"https:\/\/secureus.se\/de\/wp-json\/wp\/v2\/media?parent=92793"}],"wp:term":[{"taxonomy":"product_brand","embeddable":true,"href":"https:\/\/secureus.se\/de\/wp-json\/wp\/v2\/product_brand?post=92793"},{"taxonomy":"product_cat","embeddable":true,"href":"https:\/\/secureus.se\/de\/wp-json\/wp\/v2\/product_cat?post=92793"},{"taxonomy":"product_tag","embeddable":true,"href":"https:\/\/secureus.se\/de\/wp-json\/wp\/v2\/product_tag?post=92793"}],"curies":[{"name":"wp","href":"https:\/\/api.w.org\/{rel}","templated":true}]}}