{"id":92797,"date":"2024-06-16T12:32:34","date_gmt":"2024-06-16T10:32:34","guid":{"rendered":"https:\/\/secureus.se\/?post_type=product&#038;p=92797"},"modified":"2026-04-23T12:13:04","modified_gmt":"2026-04-23T10:13:04","slug":"dorrbroms-328","status":"publish","type":"product","link":"https:\/\/secureus.se\/de\/dorrbroms-328\/","title":{"rendered":"T\u00fcrbremse ASSA ABLOY Fix 328 nach au\u00dfen \u00f6ffnende T\u00fcr"},"content":{"rendered":"<p>ASSA ABLOY 328 ist eine T\u00fcrbremse f\u00fcr nach au\u00dfen \u00f6ffnende T\u00fcren. H\u00e4lt die T\u00fcr durch Reibung in der gew\u00fcnschten Position. Wird f\u00fcr Lagert\u00fcren und leichtere Innent\u00fcren verwendet.<\/p>\n<p><b>Eigenschaften:\u00a0<\/b><\/p>\n<ul>\n<li>F\u00fcr nach au\u00dfen \u00f6ffnende T\u00fcren (328A f\u00fcr nach innen \u00f6ffnende T\u00fcren).<\/li>\n<li>H\u00e4lt die T\u00fcr durch Reibung in der gew\u00fcnschten \u00d6ffnungsposition.<\/li>\n<li>Mit der Einstellmutter kann die Bremskraft variiert werden.<\/li>\n<li>Der Arm kann von der Rahmenbefestigung gel\u00f6st werden.<\/li>\n<li>Passt sowohl rechts als auch links.<\/li>\n<li>Empfohlene Schraube: TKX 4,5 mm.<\/li>\n<\/ul>\n<div><\/div>","protected":false},"excerpt":{"rendered":"<p>ASSA ABLOY 328 ist eine T\u00fcrbremse f\u00fcr nach au\u00dfen \u00f6ffnende T\u00fcren. H\u00e4lt die T\u00fcr durch Reibung in der gew\u00fcnschten Position. Wird f\u00fcr Lagert\u00fcren und leichtere Innent\u00fcren verwendet. Merkmale: F\u00fcr nach au\u00dfen \u00f6ffnende T\u00fcren (328A<\/p>","protected":false},"featured_media":137146,"template":"","meta":{"_acf_changed":false},"product_brand":[],"product_cat":[3370],"product_tag":[],"class_list":{"0":"post-92797","1":"product","2":"type-product","3":"status-publish","4":"has-post-thumbnail","6":"product_cat-dorrbroms-dorrbromsar","7":"product_shipping_class-tunga-paket","8":"pa_brands-abloy","9":"tm-no-options","11":"first","12":"instock","13":"sale","14":"taxable","15":"shipping-taxable","16":"purchasable","17":"product-type-simple"},"acf":[],"_links":{"self":[{"href":"https:\/\/secureus.se\/de\/wp-json\/wp\/v2\/product\/92797","targetHints":{"allow":["GET"]}}],"collection":[{"href":"https:\/\/secureus.se\/de\/wp-json\/wp\/v2\/product"}],"about":[{"href":"https:\/\/secureus.se\/de\/wp-json\/wp\/v2\/types\/product"}],"wp:featuredmedia":[{"embeddable":true,"href":"https:\/\/secureus.se\/de\/wp-json\/wp\/v2\/media\/137146"}],"wp:attachment":[{"href":"https:\/\/secureus.se\/de\/wp-json\/wp\/v2\/media?parent=92797"}],"wp:term":[{"taxonomy":"product_brand","embeddable":true,"href":"https:\/\/secureus.se\/de\/wp-json\/wp\/v2\/product_brand?post=92797"},{"taxonomy":"product_cat","embeddable":true,"href":"https:\/\/secureus.se\/de\/wp-json\/wp\/v2\/product_cat?post=92797"},{"taxonomy":"product_tag","embeddable":true,"href":"https:\/\/secureus.se\/de\/wp-json\/wp\/v2\/product_tag?post=92797"}],"curies":[{"name":"wp","href":"https:\/\/api.w.org\/{rel}","templated":true}]}}