{"id":92801,"date":"2024-06-16T12:32:35","date_gmt":"2024-06-16T10:32:35","guid":{"rendered":"https:\/\/secureus.se\/?post_type=product&#038;p=92801"},"modified":"2026-04-08T15:46:59","modified_gmt":"2026-04-08T13:46:59","slug":"dorrbroms-523t-2-gra","status":"publish","type":"product","link":"https:\/\/secureus.se\/de\/dorrbroms-523t-2-gra\/","title":{"rendered":"ASSA ABLOY 523T\/2 T\u00fcrbremse \u2013 Grau \u2013 770\u2013910 mm"},"content":{"rendered":"<h2 data-section-id=\"i8tpgf\" data-start=\"241\" data-end=\"320\">ASSA ABLOY T\u00fcrbremse 523T\/2 \u2013 Grau \u2013 F\u00fcr T\u00fcren mit Rahmenabmessungen 770\u2013910 mm<\/h2>\n<p data-start=\"322\" data-end=\"567\">ASSA ABLOY 523T\/2 ist eine robuste T\u00fcrbremse f\u00fcr nach au\u00dfen \u00f6ffnende Terrassent\u00fcren, Fenstert\u00fcren, Au\u00dfent\u00fcren und Lagert\u00fcren. Die T\u00fcrbremse h\u00e4lt die T\u00fcr in der gew\u00fcnschten \u00d6ffnungsposition und verhindert, dass sie bei starkem Wind zur\u00fcckschwingt oder unkontrolliert aufspringt.<\/p>\n<p data-start=\"569\" data-end=\"841\">Die einstellbare Reibungsbremse erm\u00f6glicht es Ihnen, die Bremskraft einfach an das Gewicht der T\u00fcr und den gew\u00fcnschten \u00d6ffnungswiderstand anzupassen. Dadurch stoppt die T\u00fcr in der gew\u00fcnschten Position, was den Komfort erh\u00f6ht und das Risiko von Einklemmverletzungen verringert.<\/p>\n<p data-start=\"843\" data-end=\"1035\">Das Modell 523T\/2 ist die l\u00e4ngere Variante der 523T-Serie und eignet sich f\u00fcr breitere T\u00fcren. Es passt sowohl f\u00fcr rechts- als auch linksanschlagende T\u00fcren und ist eine g\u00e4ngige Wahl f\u00fcr Terrassen- und Fenstert\u00fcren in Wohnh\u00e4usern.<\/p>\n<hr data-start=\"1037\" data-end=\"1040\" \/>\n<h2 data-section-id=\"fnvs8i\" data-start=\"1042\" data-end=\"1055\">Eigenschaften<\/h2>\n<p data-start=\"1057\" data-end=\"1345\">\u2022 F\u00fcr nach au\u00dfen \u00f6ffnende Terrassent\u00fcren, Fenstert\u00fcren und Au\u00dfent\u00fcren<br data-start=\"1116\" data-end=\"1119\" \/>\u2022 H\u00e4lt die T\u00fcr in der gew\u00fcnschten \u00d6ffnungsposition<br data-start=\"1160\" data-end=\"1163\" \/>\u2022 Verhindert, dass die T\u00fcr bei Wind zuschl\u00e4gt<br data-start=\"1207\" data-end=\"1210\" \/>\u2022 Einstellbare Bremskraft mit einfacher Reibungseinstellung<br data-start=\"1261\" data-end=\"1264\" \/>\u2022 Passend f\u00fcr rechte und linke T\u00fcren<br data-start=\"1309\" data-end=\"1312\" \/>\u2022 Verringert das Risiko von Quetschverletzungen<\/p>\n<hr data-start=\"1347\" data-end=\"1350\" \/>\n<h2 data-section-id=\"zehbyt\" data-start=\"1352\" data-end=\"1378\">Konstruktion und Materialien<\/h2>\n<p data-start=\"1380\" data-end=\"1515\">\u2022 Edelstahlstange<br data-start=\"1405\" data-end=\"1408\" \/>\u2022 Gelenkkopf aus robustem Acetal-Kunststoff<br data-start=\"1442\" data-end=\"1445\" \/>\u2022 Rahmenhalterung und T\u00fcrhalterung aus lackiertem Stahl<br data-start=\"1486\" data-end=\"1489\" \/>\u2022 Acetal-Kunststoffabdeckung<\/p>\n<p data-start=\"1517\" data-end=\"1627\">Dank seiner robusten Bauweise eignet sich der T\u00fcrbremse f\u00fcr den t\u00e4glichen Einsatz sowohl in Wohngeb\u00e4uden als auch in \u00e4hnlichen Umgebungen.<\/p>\n<hr data-start=\"1629\" data-end=\"1632\" \/>\n<h2 data-section-id=\"10c1xz9\" data-start=\"1634\" data-end=\"1658\">Abmessungen &amp; Kompatibilit\u00e4t<\/h2>\n<p data-start=\"1660\" data-end=\"1773\"><strong data-start=\"1660\" data-end=\"1671\">Modell:<\/strong> 523T\/2<br data-start=\"1678\" data-end=\"1681\" \/><strong data-start=\"1681\" data-end=\"1697\">Gesamtl\u00e4nge:<\/strong> 545 mm<br data-start=\"1704\" data-end=\"1707\" \/><strong data-start=\"1707\" data-end=\"1730\">Passend f\u00fcr Rahmenabmessungen:<\/strong> 770\u2013910 mm<br data-start=\"1741\" data-end=\"1744\" \/><strong data-start=\"1744\" data-end=\"1763\">\u00d6ffnungswinkel:<\/strong> etwa 95\u00b0<\/p>\n<hr data-start=\"1775\" data-end=\"1778\" \/>\n<h2 data-section-id=\"kejv24\" data-start=\"1780\" data-end=\"1804\">Erh\u00e4ltlich in zwei Gr\u00f6\u00dfen<\/h2>\n<p data-start=\"1806\" data-end=\"1863\"><strong data-start=\"1806\" data-end=\"1816\">523T\/1<\/strong><br data-start=\"1816\" data-end=\"1819\" \/>Passend f\u00fcr T\u00fcren mit Rahmenbreiten <strong data-start=\"1849\" data-end=\"1863\">590\u2013769 mm<\/strong><\/p>\n<p data-start=\"1865\" data-end=\"1922\"><strong data-start=\"1865\" data-end=\"1875\">523T\/2<\/strong><br data-start=\"1875\" data-end=\"1878\" \/>Passend f\u00fcr T\u00fcren mit Rahmenbreiten <strong data-start=\"1908\" data-end=\"1922\">770\u2013910 mm<\/strong><\/p>\n<hr data-start=\"1924\" data-end=\"1927\" \/>\n<h2 data-section-id=\"1lu5w0y\" data-start=\"1929\" data-end=\"1951\">Empfohlene Schraube \u2013 nicht im Lieferumfang enthalten<\/h2>\n<p data-start=\"1953\" data-end=\"2006\">Rahmenbefestigung: <strong data-start=\"1964\" data-end=\"1978\">TFX 4,5 mm<\/strong><br data-start=\"1978\" data-end=\"1981\" \/>T\u00fcrhalterung: <strong data-start=\"1992\" data-end=\"2006\">TFX 3,5 mm<\/strong><\/p>","protected":false},"excerpt":{"rendered":"<p>ASSA ABLOY 523T\/2 ist eine T\u00fcrbremse f\u00fcr nach au\u00dfen \u00f6ffnende T\u00fcren. Sie h\u00e4lt die T\u00fcr in der gew\u00fcnschten \u00d6ffnungsposition und verhindert ein Zur\u00fcckschwingen. Geeignet f\u00fcr Rahmenabmessungen von 770\u2013910 mm und sowohl f\u00fcr rechts- als auch linksdrehende T\u00fcren.<\/p>","protected":false},"featured_media":138010,"template":"","meta":{"_acf_changed":false},"product_brand":[],"product_cat":[3370],"product_tag":[],"class_list":{"0":"post-92801","1":"product","2":"type-product","3":"status-publish","4":"has-post-thumbnail","6":"product_cat-dorrbroms-dorrbromsar","7":"product_shipping_class-tunga-paket","8":"pa_brands-abloy","9":"tm-no-options","11":"first","12":"instock","13":"sale","14":"taxable","15":"shipping-taxable","16":"purchasable","17":"product-type-simple"},"acf":[],"_links":{"self":[{"href":"https:\/\/secureus.se\/de\/wp-json\/wp\/v2\/product\/92801","targetHints":{"allow":["GET"]}}],"collection":[{"href":"https:\/\/secureus.se\/de\/wp-json\/wp\/v2\/product"}],"about":[{"href":"https:\/\/secureus.se\/de\/wp-json\/wp\/v2\/types\/product"}],"wp:featuredmedia":[{"embeddable":true,"href":"https:\/\/secureus.se\/de\/wp-json\/wp\/v2\/media\/138010"}],"wp:attachment":[{"href":"https:\/\/secureus.se\/de\/wp-json\/wp\/v2\/media?parent=92801"}],"wp:term":[{"taxonomy":"product_brand","embeddable":true,"href":"https:\/\/secureus.se\/de\/wp-json\/wp\/v2\/product_brand?post=92801"},{"taxonomy":"product_cat","embeddable":true,"href":"https:\/\/secureus.se\/de\/wp-json\/wp\/v2\/product_cat?post=92801"},{"taxonomy":"product_tag","embeddable":true,"href":"https:\/\/secureus.se\/de\/wp-json\/wp\/v2\/product_tag?post=92801"}],"curies":[{"name":"wp","href":"https:\/\/api.w.org\/{rel}","templated":true}]}}