{"id":92828,"date":"2024-06-16T23:12:00","date_gmt":"2024-06-16T21:12:00","guid":{"rendered":"https:\/\/secureus.se\/?post_type=product&#038;p=92828"},"modified":"2026-04-23T10:34:50","modified_gmt":"2026-04-23T08:34:50","slug":"elslutbleck-es-19m-rattvand","status":"publish","type":"product","link":"https:\/\/secureus.se\/de\/elslutbleck-es-19m-rattvand\/","title":{"rendered":"Elektrische Endplatte ES19 Nach rechts gerichtet"},"content":{"rendered":"<h1>Elektrische Endplatte ES19 Nach rechts gerichtet<\/h1>\n<p class=\"\" data-start=\"659\" data-end=\"1027\">Das elektrische T\u00fcr\u00f6ffnerblech ES19 rechtwinklig von Safetron ist eine fortschrittliche L\u00f6sung f\u00fcr T\u00fcren, die ein normales Sicherheitsniveau erfordern.<\/p>\n<p class=\"\" data-start=\"659\" data-end=\"1027\">Ausgestattet mit der Streifendrucktechnologie sorgt dieser elektrische T\u00fcr\u00f6ffner daf\u00fcr, dass sich die T\u00fcr auch bei einem Druck von bis zu 150 kg \u00f6ffnet. Damit ist er eine zuverl\u00e4ssige Wahl f\u00fcr T\u00fcren, die Hindernissen wie Kies, Schnee oder \u00fcberm\u00e4\u00dfigem Druck im Geb\u00e4ude ausgesetzt sind.<\/p>\n<p class=\"\" data-start=\"1029\" data-end=\"1353\">Einer der Hauptvorteile von ES19 ist seine Feuerbest\u00e4ndigkeit (E\/EI 120), was bedeutet, dass es f\u00fcr den Einsatz in Brandschutzt\u00fcren zugelassen ist und einem Feuer bis zu 120 Minuten standh\u00e4lt.<\/p>\n<p class=\"\" data-start=\"1029\" data-end=\"1353\">Dies macht es zu einer ausgezeichneten Wahl f\u00fcr Geb\u00e4ude, bei denen Feuerbest\u00e4ndigkeit und Sicherheit von entscheidender Bedeutung sind.<\/p>\n<p class=\"\" data-start=\"1355\" data-end=\"1685\">Der ES19 ist kompakt und so konzipiert, dass er in die meisten Standardaussparungen f\u00fcr elektrische T\u00fcr\u00f6ffner passt, was die Installation erleichtert.<\/p>\n<p class=\"\" data-start=\"1355\" data-end=\"1685\">Au\u00dferdem ist es mit einem St\u00f6\u00dfelschalter ausgestattet, der anzeigt, ob die T\u00fcr geschlossen und verriegelt oder offen und entriegelt ist. Dadurch ist es sowohl f\u00fcr die Sicherheit als auch f\u00fcr die T\u00fcr\u00fcberwachung n\u00fctzlich.<\/p>\n<p class=\"\" data-start=\"1687\" data-end=\"1975\">Es verf\u00fcgt \u00fcber eine beeindruckende Bruchfestigkeit von 1500 kg (15 kN) und ist so konzipiert, dass es physischen St\u00f6\u00dfen standh\u00e4lt und gleichzeitig bei hohen \u00d6ffnungsfrequenzen eine hohe Funktionalit\u00e4t beibeh\u00e4lt.<\/p>\n<p class=\"\" data-start=\"1687\" data-end=\"1975\">Mit einer geringen Stromaufnahme von nur 35 mA bei 24 V DC ist dieser elektrische T\u00fcr\u00f6ffner zudem energieeffizient.<\/p>\n<p class=\"\" data-start=\"1977\" data-end=\"2007\"><strong data-start=\"1977\" data-end=\"2007\">Hauptmerkmale und Vorteile:<\/strong><\/p>\n<ul data-start=\"2008\" data-end=\"2630\">\n<li class=\"\" data-start=\"2008\" data-end=\"2095\">\n<p class=\"\" data-start=\"2010\" data-end=\"2095\">Streifendrucktechnik: H\u00e4lt bis zu 150 kg Druck stand, ohne die Funktion der T\u00fcr zu beeintr\u00e4chtigen.<\/p>\n<\/li>\n<li class=\"\" data-start=\"2096\" data-end=\"2180\">\n<p class=\"\" data-start=\"2098\" data-end=\"2180\">Feuerbest\u00e4ndig: Zertifiziert f\u00fcr Feuerwiderstand nach E\/EI 120 (120 Minuten).<\/p>\n<\/li>\n<li class=\"\" data-start=\"2181\" data-end=\"2267\">\n<p class=\"\" data-start=\"2183\" data-end=\"2267\">Hohe Bruchfestigkeit: H\u00e4lt bis zu 1500 kg (15 kN) stand und bietet robuste Sicherheit.<\/p>\n<\/li>\n<li class=\"\" data-start=\"2268\" data-end=\"2348\">\n<p class=\"\" data-start=\"2270\" data-end=\"2348\">St\u00f6\u00dfelschalter: Zeigt an, ob die T\u00fcr geschlossen und verriegelt oder offen und entriegelt ist.<\/p>\n<\/li>\n<li class=\"\" data-start=\"2349\" data-end=\"2447\">\n<p class=\"\" data-start=\"2351\" data-end=\"2447\">R\u00fccklauffunktion: Die T\u00fcr wird im stromlosen Zustand entriegelt, ideal f\u00fcr Notsituationen.<\/p>\n<\/li>\n<li class=\"\" data-start=\"2448\" data-end=\"2552\">\n<p class=\"\" data-start=\"2450\" data-end=\"2552\">Energieeffizient: Stromverbrauch von 35 mA bei 24 V DC, was es zu einer effizienten L\u00f6sung macht.<\/p>\n<\/li>\n<li class=\"\" data-start=\"2553\" data-end=\"2630\">\n<p class=\"\" data-start=\"2555\" data-end=\"2630\">Kleine Gr\u00f6\u00dfe: Passt in die meisten Standardsteckdosen f\u00fcr eine einfache Installation.<\/p>\n<\/li>\n<\/ul>\n<p class=\"\" data-start=\"2632\" data-end=\"2930\">Kompatibilit\u00e4t: Der rechte elektrische T\u00fcr\u00f6ffner ES19 ist sowohl mit Ein- als auch mit Doppelriegelschl\u00f6ssern kompatibel und eignet sich daher f\u00fcr T\u00fcren mit normalen Sicherheitsanforderungen. Es ist umkehrbar und passt sowohl an rechts- als auch an linksangeschlagene T\u00fcren, was Flexibilit\u00e4t bei der Installation bietet.<\/p>\n<p class=\"\" data-start=\"2932\" data-end=\"2955\">Strombedarf:<\/p>\n<ul data-start=\"2956\" data-end=\"3120\">\n<li class=\"\" data-start=\"2956\" data-end=\"3000\">\n<p class=\"\" data-start=\"2958\" data-end=\"3000\">Spannung: 12 V oder 24 V DC \u00b115 % -10 %<\/p>\n<\/li>\n<li class=\"\" data-start=\"3001\" data-end=\"3064\">\n<p class=\"\" data-start=\"3003\" data-end=\"3064\">Stromaufnahme: 35 mA bei 24 V DC (max. 60 mA bei 12 V DC)<\/p>\n<\/li>\n<li class=\"\" data-start=\"3065\" data-end=\"3120\">\n<p class=\"\" data-start=\"3067\" data-end=\"3120\">Mikroschalter: Einpoliger Wechsler, max. 30 V DC, 1 A<\/p>\n<\/li>\n<\/ul>","protected":false},"excerpt":{"rendered":"<p>Elektrisches T\u00fcr\u00f6ffnerblech ES19 Rechts von Safetron mit Streifendrucktechnik und 1500 kg Bruchlast, Feuerbest\u00e4ndigkeit bis 120 Minuten.<\/p>\n<p>Ideal f\u00fcr T\u00fcren mit normalen Sicherheitsanforderungen und hoher \u00d6ffnungsfrequenz.<\/p>","protected":false},"featured_media":137582,"template":"","meta":{"_acf_changed":false},"product_brand":[],"product_cat":[3355],"product_tag":[4196,4200],"class_list":{"0":"post-92828","1":"product","2":"type-product","3":"status-publish","4":"has-post-thumbnail","6":"product_cat-elslutbleck","7":"product_tag-12-24v","8":"product_tag-rattvand","9":"product_shipping_class-tunga-paket","10":"pa_brands-7safetron","11":"pa_farg-rostfritt-stal","12":"tm-no-options","14":"first","15":"instock","16":"sale","17":"taxable","18":"shipping-taxable","19":"purchasable","20":"product-type-simple"},"acf":[],"_links":{"self":[{"href":"https:\/\/secureus.se\/de\/wp-json\/wp\/v2\/product\/92828","targetHints":{"allow":["GET"]}}],"collection":[{"href":"https:\/\/secureus.se\/de\/wp-json\/wp\/v2\/product"}],"about":[{"href":"https:\/\/secureus.se\/de\/wp-json\/wp\/v2\/types\/product"}],"wp:featuredmedia":[{"embeddable":true,"href":"https:\/\/secureus.se\/de\/wp-json\/wp\/v2\/media\/137582"}],"wp:attachment":[{"href":"https:\/\/secureus.se\/de\/wp-json\/wp\/v2\/media?parent=92828"}],"wp:term":[{"taxonomy":"product_brand","embeddable":true,"href":"https:\/\/secureus.se\/de\/wp-json\/wp\/v2\/product_brand?post=92828"},{"taxonomy":"product_cat","embeddable":true,"href":"https:\/\/secureus.se\/de\/wp-json\/wp\/v2\/product_cat?post=92828"},{"taxonomy":"product_tag","embeddable":true,"href":"https:\/\/secureus.se\/de\/wp-json\/wp\/v2\/product_tag?post=92828"}],"curies":[{"name":"wp","href":"https:\/\/api.w.org\/{rel}","templated":true}]}}