{"id":92830,"date":"2024-06-16T23:12:00","date_gmt":"2024-06-16T21:12:00","guid":{"rendered":"https:\/\/secureus.se\/?post_type=product&#038;p=92830"},"modified":"2026-02-20T11:47:22","modified_gmt":"2026-02-20T10:47:22","slug":"elslutbleck-514-24-volt","status":"publish","type":"product","link":"https:\/\/secureus.se\/de\/elslutbleck-514-24-volt\/","title":{"rendered":"Elektrische Endplatte 514 24 Volt"},"content":{"rendered":"<h1>Elektrische Endplatte 514 24 Volt<\/h1>\n<p class=\"\" data-start=\"640\" data-end=\"1022\">Elektrisches T\u00fcrschloss 514 24V von Assa ABLOY ist eine kosteng\u00fcnstige L\u00f6sung f\u00fcr <strong data-start=\"711\" data-end=\"755\">T\u00fcren mit geringen Sicherheitsanforderungen<\/strong>.<\/p>\n<p class=\"\" data-start=\"640\" data-end=\"1022\">Es eignet sich besonders f\u00fcr <strong data-start=\"786\" data-end=\"804\">Innenverriegelung<\/strong> in Bereichen wie Gewerbe, B\u00fcro und Industrie.<\/p>\n<p class=\"\" data-start=\"640\" data-end=\"1022\">Mit einem <strong data-start=\"858\" data-end=\"879\">Rechtsh\u00e4nderfunktion<\/strong> Durch die Verriegelung der T\u00fcr bei Stromausfall wird sichergestellt, dass die T\u00fcr auch bei einem Stromausfall geschlossen bleibt, was f\u00fcr eine erh\u00f6hte Sicherheit in diesen Umgebungen sorgt.<\/p>\n<p class=\"\" data-start=\"1024\" data-end=\"1455\">Das elektrische T\u00fcrschloss ist mit <strong data-start=\"1057\" data-end=\"1076\">Stahl-Torsionsstab<\/strong> und ein <strong data-start=\"1085\" data-end=\"1110\">Schlossgeh\u00e4use aus Zinklegierung<\/strong>, und bietet sowohl Haltbarkeit als auch Korrosionsbest\u00e4ndigkeit f\u00fcr den Langzeitgebrauch.<\/p>\n<p class=\"\" data-start=\"1024\" data-end=\"1455\">Es ist <strong data-start=\"1193\" data-end=\"1229\">Bruchfestigkeit von 400 kg (4 kN)<\/strong> Damit ist es eine zuverl\u00e4ssige L\u00f6sung f\u00fcr T\u00fcren, bei denen die Sicherheitsanforderungen nicht so hoch sind.<\/p>\n<p class=\"\" data-start=\"1024\" data-end=\"1455\">Dieser elektrische T\u00fcr\u00f6ffner wird haupts\u00e4chlich in Kombination mit <strong data-start=\"1364\" data-end=\"1398\">einfl\u00fcgeliges Schloss oder zweifl\u00fcgeliges Schloss<\/strong>, wodurch es vielseitig f\u00fcr verschiedene T\u00fcrinstallationen einsetzbar ist.<\/p>\n<p class=\"\" data-start=\"1457\" data-end=\"1649\">Zum Schutz der elektrischen Ger\u00e4te, wie z. <strong data-start=\"1507\" data-end=\"1517\">Codeschloss<\/strong> oder <strong data-start=\"1524\" data-end=\"1538\">Kartenleser<\/strong>, gegen Transienten (Spannungsspitzen), wird empfohlen, eine <strong data-start=\"1596\" data-end=\"1610\">Schutzdiode<\/strong> in der N\u00e4he der elektrischen T\u00fcr\u00f6ffnerspule installiert.<\/p>\n<p class=\"\" data-start=\"1651\" data-end=\"1843\">Elektrisches T\u00fcrschloss 514 24V ist ausgestattet mit <strong data-start=\"1687\" data-end=\"1706\">Fallenkontakt<\/strong>, wodurch angezeigt werden kann, ob die T\u00fcr geschlossen oder offen ist, was eine n\u00fctzliche Funktion f\u00fcr die \u00dcberwachung und Sicherheitskontrolle ist.<\/p>\n<p class=\"\" data-start=\"1845\" data-end=\"1875\"><strong data-start=\"1845\" data-end=\"1875\">Hauptmerkmale und Vorteile:<\/strong><\/p>\n<ul data-start=\"1876\" data-end=\"2521\">\n<li class=\"\" data-start=\"1876\" data-end=\"1956\">\n<p class=\"\" data-start=\"1878\" data-end=\"1956\"><strong data-start=\"1878\" data-end=\"1900\">Richtige Funktion:<\/strong> Zur Erh\u00f6hung der Sicherheit wird die T\u00fcr bei einem Stromausfall verriegelt.<\/p>\n<\/li>\n<li class=\"\" data-start=\"1957\" data-end=\"2070\">\n<p class=\"\" data-start=\"1959\" data-end=\"2070\"><strong data-start=\"1959\" data-end=\"1979\">Bruchfestigkeit:<\/strong> Belastbar bis 400 kg (4 kN) und somit f\u00fcr T\u00fcren mit geringen Sicherheitsanforderungen geeignet.<\/p>\n<\/li>\n<li class=\"\" data-start=\"2071\" data-end=\"2162\">\n<p class=\"\" data-start=\"2073\" data-end=\"2162\"><strong data-start=\"2073\" data-end=\"2119\">Drehverschluss aus Stahl und Schlossgeh\u00e4use aus Zinklegierung:<\/strong> Bietet Haltbarkeit und Korrosionsbest\u00e4ndigkeit.<\/p>\n<\/li>\n<li class=\"\" data-start=\"2163\" data-end=\"2254\">\n<p class=\"\" data-start=\"2165\" data-end=\"2254\"><strong data-start=\"2165\" data-end=\"2185\">Verriegelungsst\u00f6\u00dfelkontakt:<\/strong> Zur Anzeige, ob die T\u00fcr geschlossen und verriegelt oder offen und entriegelt ist.<\/p>\n<\/li>\n<li class=\"\" data-start=\"2255\" data-end=\"2334\">\n<p class=\"\" data-start=\"2257\" data-end=\"2334\"><strong data-start=\"2257\" data-end=\"2276\">Kompatibilit\u00e4t:<\/strong> Wird in Kombination mit einfl\u00fcgeligen oder zweifl\u00fcgeligen Schl\u00f6ssern verwendet.<\/p>\n<\/li>\n<li class=\"\" data-start=\"2335\" data-end=\"2399\">\n<p class=\"\" data-start=\"2337\" data-end=\"2399\"><strong data-start=\"2337\" data-end=\"2356\">Energieeffizient:<\/strong> Stromaufnahme von max. 190 mA bei 24 V DC.<\/p>\n<\/li>\n<li class=\"\" data-start=\"2400\" data-end=\"2521\">\n<p class=\"\" data-start=\"2402\" data-end=\"2521\"><strong data-start=\"2402\" data-end=\"2428\">Schutz gegen Transienten:<\/strong> M\u00f6glichkeit zum Einbau einer Schutzdiode um Sch\u00e4den an der elektrischen Anlage zu vermeiden.<\/p>\n<\/li>\n<\/ul>\n<p class=\"\" data-start=\"2523\" data-end=\"2831\"><strong data-start=\"2523\" data-end=\"2541\">Kompatibilit\u00e4t:<\/strong> Das elektrische T\u00fcrschloss 514 24V ist kompatibel mit <strong data-start=\"2586\" data-end=\"2601\">einfl\u00fcgeliges Schloss<\/strong> Und <strong data-start=\"2606\" data-end=\"2622\">Doppelfl\u00fcgelschloss<\/strong>, wodurch es vielseitig einsetzbar und an verschiedene T\u00fcrsysteme anpassbar ist.<\/p>\n<p class=\"\" data-start=\"2523\" data-end=\"2831\">Es eignet sich f\u00fcr T\u00fcren ohne hohe Sicherheitsanforderungen und ist f\u00fcr den Einsatz in der Innenverriegelung beispielsweise in Gewerbe, B\u00fcro und Industrie konzipiert.<\/p>\n<p class=\"\" data-start=\"2833\" data-end=\"2856\"><strong data-start=\"2833\" data-end=\"2856\">Strombedarf:<\/strong><\/p>\n<ul data-start=\"2857\" data-end=\"2974\">\n<li class=\"\" data-start=\"2857\" data-end=\"2885\">\n<p class=\"\" data-start=\"2859\" data-end=\"2885\"><strong data-start=\"2859\" data-end=\"2872\">Stromspannung:<\/strong> 24 V DC \u00b110 %<\/p>\n<\/li>\n<li class=\"\" data-start=\"2886\" data-end=\"2918\">\n<p class=\"\" data-start=\"2888\" data-end=\"2918\"><strong data-start=\"2888\" data-end=\"2909\">Stromverbrauch:<\/strong> 0-190 mA<\/p>\n<\/li>\n<li class=\"\" data-start=\"2919\" data-end=\"2974\">\n<p class=\"\" data-start=\"2921\" data-end=\"2974\"><strong data-start=\"2921\" data-end=\"2938\">Mikroschalter:<\/strong> Einpoliger Wechsler, max. 30 V DC, 1 A<\/p>\n<\/li>\n<\/ul>","protected":false},"excerpt":{"rendered":"<p>Der elektrische T\u00fcr\u00f6ffner 514 24V von Assa ABLOY ist perfekt f\u00fcr T\u00fcren mit geringen Sicherheitsanforderungen.<\/p>\n<p>Mit Rechtslauffunktion und 400 kg Bruchlast, vorwiegend im Gewerbe-, B\u00fcro- und Industriebereich einsetzbar.<\/p>","protected":false},"featured_media":137316,"template":"","meta":{"_acf_changed":false},"product_brand":[],"product_cat":[3355],"product_tag":[4197,4200],"class_list":{"0":"post-92830","1":"product","2":"type-product","3":"status-publish","4":"has-post-thumbnail","6":"product_cat-elslutbleck","7":"product_tag-24v","8":"product_tag-rattvand","9":"product_shipping_class-tunga-paket","10":"pa_brands-abloy","11":"tm-no-options","13":"first","14":"instock","15":"sale","16":"taxable","17":"shipping-taxable","18":"purchasable","19":"product-type-simple"},"acf":[],"_links":{"self":[{"href":"https:\/\/secureus.se\/de\/wp-json\/wp\/v2\/product\/92830","targetHints":{"allow":["GET"]}}],"collection":[{"href":"https:\/\/secureus.se\/de\/wp-json\/wp\/v2\/product"}],"about":[{"href":"https:\/\/secureus.se\/de\/wp-json\/wp\/v2\/types\/product"}],"wp:featuredmedia":[{"embeddable":true,"href":"https:\/\/secureus.se\/de\/wp-json\/wp\/v2\/media\/137316"}],"wp:attachment":[{"href":"https:\/\/secureus.se\/de\/wp-json\/wp\/v2\/media?parent=92830"}],"wp:term":[{"taxonomy":"product_brand","embeddable":true,"href":"https:\/\/secureus.se\/de\/wp-json\/wp\/v2\/product_brand?post=92830"},{"taxonomy":"product_cat","embeddable":true,"href":"https:\/\/secureus.se\/de\/wp-json\/wp\/v2\/product_cat?post=92830"},{"taxonomy":"product_tag","embeddable":true,"href":"https:\/\/secureus.se\/de\/wp-json\/wp\/v2\/product_tag?post=92830"}],"curies":[{"name":"wp","href":"https:\/\/api.w.org\/{rel}","templated":true}]}}