{"id":92835,"date":"2024-06-16T23:12:01","date_gmt":"2024-06-16T21:12:01","guid":{"rendered":"https:\/\/secureus.se\/?post_type=product&#038;p=92835"},"modified":"2026-02-20T11:51:21","modified_gmt":"2026-02-20T10:51:21","slug":"elslutbleck-60-st601","status":"publish","type":"product","link":"https:\/\/secureus.se\/de\/elslutbleck-60-st601\/","title":{"rendered":"Elektrische Endplatte 60 ST601"},"content":{"rendered":"<h1>Elektrische Endplatte 60 ST601<\/h1>\n<p class=\"\" data-start=\"686\" data-end=\"1157\">Elektrisches T\u00fcr\u00f6ffnerblech 60 ST601 von STEP ist Teil von STEPs <strong data-start=\"736\" data-end=\"752\">Silent-Serie<\/strong>, was bedeutet, dass es eine <strong data-start=\"789\" data-end=\"833\">Nahezu ger\u00e4uschloses \u00d6ffnen und Schlie\u00dfen<\/strong> dank der patentierten <strong data-start=\"860\" data-end=\"884\">STEP Silent-Technologie<\/strong>.<\/p>\n<p class=\"\" data-start=\"686\" data-end=\"1157\">Damit ist STEP 60 Silent die perfekte Wahl f\u00fcr T\u00fcren mit h\u00e4ufigem Gebrauch, bei denen ein <strong data-start=\"975\" data-end=\"997\">reduzierter Ger\u00e4uschpegel<\/strong> w\u00fcnschenswert ist, etwa in Schulen, B\u00fcros und Krankenh\u00e4usern.<\/p>\n<p class=\"\" data-start=\"686\" data-end=\"1157\">Der <strong data-start=\"1060\" data-end=\"1073\">sanfter Spaziergang<\/strong> Und <strong data-start=\"1078\" data-end=\"1099\">Lautlosfunktion<\/strong> tr\u00e4gt dazu bei, ein besseres und angenehmeres T\u00fcrklima zu schaffen.<\/p>\n<p class=\"\" data-start=\"1159\" data-end=\"1592\">Mit einer beeindruckenden <strong data-start=\"1178\" data-end=\"1211\">Bruchfestigkeit von 1600 kg (16 kN)<\/strong> und eins <strong data-start=\"1219\" data-end=\"1252\">Banddruckkapazit\u00e4t von 100 kg<\/strong>, das elektrische T\u00fcr\u00f6ffnerblech garantiert <strong data-start=\"1279\" data-end=\"1295\">hohe Sicherheit<\/strong> und Betriebssicherheit auch unter extremen Bedingungen.<\/p>\n<p class=\"\" data-start=\"1159\" data-end=\"1592\">Zudem ist es so konstruiert, dass es sich auch bei Druckeinwirkung auf die T\u00fcr, beispielsweise durch Schnee, Kies oder bei schiefer T\u00fcr, problemlos \u00f6ffnen l\u00e4sst. Das patentierte <strong data-start=\"1499\" data-end=\"1521\">die Listendrucktechnik<\/strong> erm\u00f6glicht die Entriegelung der T\u00fcr auch bei Druckeinwirkung.<\/p>\n<p class=\"\" data-start=\"1594\" data-end=\"1917\">Elektrisches T\u00fcr\u00f6ffnerblech 60 ST601 hat <strong data-start=\"1619\" data-end=\"1638\">Umkehrfunktion<\/strong>, was bedeutet, dass die T\u00fcr im stromlosen Zustand entriegelt ist, was ideal f\u00fcr den Einsatz ist, wenn die T\u00fcr im Notfall oder bei einem Stromausfall offen bleiben muss.<\/p>\n<p class=\"\" data-start=\"1594\" data-end=\"1917\">Es ist <strong data-start=\"1810\" data-end=\"1826\">feuerfest<\/strong> entsprechend <strong data-start=\"1834\" data-end=\"1846\">E\/EI 120<\/strong>, wodurch es f\u00fcr den Einsatz in Brandabschnittstrennt\u00fcren zertifiziert ist.<\/p>\n<p class=\"\" data-start=\"1919\" data-end=\"1949\"><strong data-start=\"1919\" data-end=\"1949\">Hauptmerkmale und Vorteile:<\/strong><\/p>\n<ul data-start=\"1950\" data-end=\"2568\">\n<li class=\"\" data-start=\"1950\" data-end=\"2034\">\n<p class=\"\" data-start=\"1952\" data-end=\"2034\"><strong data-start=\"1952\" data-end=\"1973\">Liste der Drucktechnologien:<\/strong> H\u00e4lt bis zu 100 kg Druck stand und \u00f6ffnet die T\u00fcr trotz Hindernissen.<\/p>\n<\/li>\n<li class=\"\" data-start=\"2035\" data-end=\"2130\">\n<p class=\"\" data-start=\"2037\" data-end=\"2130\"><strong data-start=\"2037\" data-end=\"2068\">1600 kg Bruchfestigkeit (16 kN):<\/strong> Bietet sehr hohe Sicherheit f\u00fcr stark beanspruchte T\u00fcren.<\/p>\n<\/li>\n<li class=\"\" data-start=\"2131\" data-end=\"2231\">\n<p class=\"\" data-start=\"2133\" data-end=\"2231\"><strong data-start=\"2133\" data-end=\"2156\">Sanfter und leiser Lauf:<\/strong> Patentierte Technologie, die das \u00d6ffnen und Schlie\u00dfen der T\u00fcr nahezu ger\u00e4uschlos macht.<\/p>\n<\/li>\n<li class=\"\" data-start=\"2232\" data-end=\"2298\">\n<p class=\"\" data-start=\"2234\" data-end=\"2298\"><strong data-start=\"2234\" data-end=\"2251\">Feuergepr\u00fcft:<\/strong> Zertifiziert f\u00fcr Feuerwiderstand nach E\/EI 120.<\/p>\n<\/li>\n<li class=\"\" data-start=\"2299\" data-end=\"2401\">\n<p class=\"\" data-start=\"2301\" data-end=\"2401\"><strong data-start=\"2301\" data-end=\"2321\">Umkehrfunktion:<\/strong> Die T\u00fcr ist im stromlosen Zustand entriegelt und somit f\u00fcr den Notfall geeignet.<\/p>\n<\/li>\n<li class=\"\" data-start=\"2402\" data-end=\"2489\">\n<p class=\"\" data-start=\"2404\" data-end=\"2489\"><strong data-start=\"2404\" data-end=\"2420\">Kolbenkontakt:<\/strong> Zur Anzeige, ob die T\u00fcr geschlossen und verriegelt oder offen und entriegelt ist.<\/p>\n<\/li>\n<li class=\"\" data-start=\"2490\" data-end=\"2568\">\n<p class=\"\" data-start=\"2492\" data-end=\"2568\"><strong data-start=\"2492\" data-end=\"2517\">Hohe Einbruchhemmung:<\/strong> Manipulationssicher und vor unbefugter Manipulation gesch\u00fctzt.<\/p>\n<\/li>\n<\/ul>\n<p class=\"\" data-start=\"2570\" data-end=\"2812\"><strong data-start=\"2570\" data-end=\"2588\">Kompatibilit\u00e4t:<\/strong> Elektrisches T\u00fcr\u00f6ffnerblech 60 ST601 ist f\u00fcr <strong data-start=\"2626\" data-end=\"2641\">einfl\u00fcgeliges Schloss<\/strong> Und <strong data-start=\"2646\" data-end=\"2662\">Doppelfl\u00fcgelschloss<\/strong> und passt sowohl <strong data-start=\"2679\" data-end=\"2714\">rechts- und linksangeschlagene T\u00fcren<\/strong>. Es ist besonders n\u00fctzlich f\u00fcr T\u00fcren mit <strong data-start=\"2758\" data-end=\"2772\">hoher Verkehr<\/strong> oder dort <strong data-start=\"2783\" data-end=\"2799\">niedriger Ger\u00e4uschpegel<\/strong> ist eine Voraussetzung.<\/p>\n<p class=\"\" data-start=\"2814\" data-end=\"2837\"><strong data-start=\"2814\" data-end=\"2837\">Strombedarf:<\/strong><\/p>\n<ul data-start=\"2838\" data-end=\"3010\">\n<li class=\"\" data-start=\"2838\" data-end=\"2882\">\n<p class=\"\" data-start=\"2840\" data-end=\"2882\"><strong data-start=\"2840\" data-end=\"2853\">Stromspannung:<\/strong> 12 V oder 24 V DC \u00b115 % -10 %<\/p>\n<\/li>\n<li class=\"\" data-start=\"2883\" data-end=\"2942\">\n<p class=\"\" data-start=\"2885\" data-end=\"2942\"><strong data-start=\"2885\" data-end=\"2906\">Stromverbrauch:<\/strong> Max. 250 mA bei 24 V DC, 121 mA entriegelt<\/p>\n<\/li>\n<li class=\"\" data-start=\"2943\" data-end=\"3010\">\n<p class=\"\" data-start=\"2945\" data-end=\"3010\"><strong data-start=\"2945\" data-end=\"2961\">Kolbenkontakt:<\/strong> Mikroschalter, einpoliger Umschalter, max. 30 V DC, 1A<\/p>\n<\/li>\n<\/ul>","protected":false},"excerpt":{"rendered":"<p>Das Elektro-T\u00fcrschloss 60 ST601, ausgestattet mit Leistendrucktechnik und 1600 kg Bruchfestigkeit, bietet einen sanften und leisen Betrieb.<\/p>\n<p>Feuerbest\u00e4ndig nach E\/EI 120, ideal f\u00fcr stark frequentierte T\u00fcren, beispielsweise in Schulen, B\u00fcros und Krankenh\u00e4usern.<\/p>","protected":false},"featured_media":137574,"template":"","meta":{"_acf_changed":false},"product_brand":[],"product_cat":[3355],"product_tag":[4197,4202],"class_list":{"0":"post-92835","1":"product","2":"type-product","3":"status-publish","4":"has-post-thumbnail","6":"product_cat-elslutbleck","7":"product_tag-24v","8":"product_tag-omstallbar-rattvand-omvand","9":"product_shipping_class-tunga-paket","10":"pa_brands-step","11":"tm-no-options","13":"first","14":"instock","15":"sale","16":"taxable","17":"shipping-taxable","18":"purchasable","19":"product-type-simple"},"acf":[],"_links":{"self":[{"href":"https:\/\/secureus.se\/de\/wp-json\/wp\/v2\/product\/92835","targetHints":{"allow":["GET"]}}],"collection":[{"href":"https:\/\/secureus.se\/de\/wp-json\/wp\/v2\/product"}],"about":[{"href":"https:\/\/secureus.se\/de\/wp-json\/wp\/v2\/types\/product"}],"wp:featuredmedia":[{"embeddable":true,"href":"https:\/\/secureus.se\/de\/wp-json\/wp\/v2\/media\/137574"}],"wp:attachment":[{"href":"https:\/\/secureus.se\/de\/wp-json\/wp\/v2\/media?parent=92835"}],"wp:term":[{"taxonomy":"product_brand","embeddable":true,"href":"https:\/\/secureus.se\/de\/wp-json\/wp\/v2\/product_brand?post=92835"},{"taxonomy":"product_cat","embeddable":true,"href":"https:\/\/secureus.se\/de\/wp-json\/wp\/v2\/product_cat?post=92835"},{"taxonomy":"product_tag","embeddable":true,"href":"https:\/\/secureus.se\/de\/wp-json\/wp\/v2\/product_tag?post=92835"}],"curies":[{"name":"wp","href":"https:\/\/api.w.org\/{rel}","templated":true}]}}