{"id":92839,"date":"2024-06-16T23:12:01","date_gmt":"2024-06-16T21:12:01","guid":{"rendered":"https:\/\/secureus.se\/?post_type=product&#038;p=92839"},"modified":"2026-02-20T11:51:18","modified_gmt":"2026-02-20T10:51:18","slug":"elslutbleck-st401-step-40-preload-omvand","status":"publish","type":"product","link":"https:\/\/secureus.se\/de\/elslutbleck-st401-step-40-preload-omvand\/","title":{"rendered":"Elektrische Endplatte ST401 SCHRITT 40 Preload Reverse"},"content":{"rendered":"<h1>Elektrische Endplatte ST401 SCHRITT 40 Preload Reverse<\/h1>\n<p class=\"\" data-start=\"697\" data-end=\"1191\">Der elektrische T\u00fcr\u00f6ffner ST401 STEP 40 Preload Reverse 24V von STEP wurde entwickelt, um ein hohes Ma\u00df an Sicherheit und Flexibilit\u00e4t f\u00fcr T\u00fcren mit normalen Sicherheitsanforderungen zu bieten.<\/p>\n<p class=\"\" data-start=\"697\" data-end=\"1191\">Ausgestattet mit dem patentierten <strong data-start=\"888\" data-end=\"910\">die Listendrucktechnik<\/strong> Dieser elektrische T\u00fcr\u00f6ffner von STEP gew\u00e4hrleistet das \u00d6ffnen der T\u00fcr auch bei einem Druck von bis zu <strong data-start=\"1021\" data-end=\"1031\">250 kg<\/strong>, was es zu einer zuverl\u00e4ssigen Wahl f\u00fcr T\u00fcren macht, die h\u00e4ufig Druck ausgesetzt sind, beispielsweise leicht schiefe T\u00fcren oder T\u00fcren mit Kies oder Schnee an der Schwelle.<\/p>\n<p class=\"\" data-start=\"1193\" data-end=\"1559\">Der <strong data-start=\"1197\" data-end=\"1219\">Umkehrfunktion<\/strong> bedeutet, dass die T\u00fcr bei einem Stromausfall entriegelt wird, was ideal f\u00fcr Anwendungen ist, bei denen die T\u00fcr w\u00e4hrend eines Stromausfalls offen bleiben muss, beispielsweise in Notf\u00e4llen.<\/p>\n<p class=\"\" data-start=\"1193\" data-end=\"1559\">Dies macht STEP 40 Preload zu einer sehr flexiblen L\u00f6sung und l\u00e4sst sich leicht \u00e4ndern von <strong data-start=\"1472\" data-end=\"1505\">Vorw\u00e4rts-R\u00fcckw\u00e4rts-Funktion<\/strong> w\u00e4hrend der Installation, was die Handhabungskosten reduziert.<\/p>\n<p class=\"\" data-start=\"1561\" data-end=\"1904\">Mit einer beeindruckenden <strong data-start=\"1580\" data-end=\"1613\">Bruchfestigkeit von 1200 kg (12 kN)<\/strong> und eins <strong data-start=\"1621\" data-end=\"1668\">Werksstandard von 1.500.000 \u00d6ffnungszyklen<\/strong>, der STEP 40 Preload ist sowohl langlebig als auch zuverl\u00e4ssig, selbst in Umgebungen mit hoher \u00d6ffnungsfrequenz.<\/p>\n<p class=\"\" data-start=\"1561\" data-end=\"1904\">Das elektrische T\u00fcrschloss ist ebenfalls <strong data-start=\"1782\" data-end=\"1797\">manipulationssicher<\/strong>, d. h. es ist manipulationssicher und bietet zus\u00e4tzliche Sicherheit vor unbefugtem Zugriff.<\/p>\n<p class=\"\" data-start=\"1906\" data-end=\"2158\">SCHRITT 40 Die Vorspannung ist <strong data-start=\"1925\" data-end=\"1978\">kompatibel mit Ein- und Doppelriegelschl\u00f6ssern<\/strong>, was ein hohes Ma\u00df an Flexibilit\u00e4t und Anpassungsf\u00e4higkeit je nach T\u00fcrsystem bietet.<\/p>\n<p class=\"\" data-start=\"1906\" data-end=\"2158\">Es ist auch <strong data-start=\"2075\" data-end=\"2089\">reversibel<\/strong>, wodurch es sowohl f\u00fcr rechts- als auch f\u00fcr linksangeschlagene T\u00fcren geeignet ist.<\/p>\n<p class=\"\" data-start=\"2160\" data-end=\"2190\"><strong data-start=\"2160\" data-end=\"2190\">Hauptmerkmale und Vorteile:<\/strong><\/p>\n<ul data-start=\"2191\" data-end=\"2866\">\n<li class=\"\" data-start=\"2191\" data-end=\"2316\">\n<p class=\"\" data-start=\"2193\" data-end=\"2316\"><strong data-start=\"2193\" data-end=\"2213\">Umkehrfunktion:<\/strong> Bei Stromausfall entriegelt, daher geeignet f\u00fcr T\u00fcren, die bei einem Stromausfall ge\u00f6ffnet bleiben m\u00fcssen.<\/p>\n<\/li>\n<li class=\"\" data-start=\"2317\" data-end=\"2420\">\n<p class=\"\" data-start=\"2319\" data-end=\"2420\"><strong data-start=\"2319\" data-end=\"2340\">Liste der Drucktechnologien:<\/strong> H\u00e4lt einem Druck von bis zu 250 kg stand, wodurch Ausfallzeiten bei Druckeinwirkung auf die T\u00fcr vermieden werden.<\/p>\n<\/li>\n<li class=\"\" data-start=\"2421\" data-end=\"2500\">\n<p class=\"\" data-start=\"2423\" data-end=\"2500\"><strong data-start=\"2423\" data-end=\"2442\">Hohe Bruchfestigkeit:<\/strong> 1200 kg (12 kN), was einen robusten Einbruchschutz bietet.<\/p>\n<\/li>\n<li class=\"\" data-start=\"2501\" data-end=\"2607\">\n<p class=\"\" data-start=\"2503\" data-end=\"2607\"><strong data-start=\"2503\" data-end=\"2522\">Werkseitig gepr\u00fcft:<\/strong> Getestet auf bis zu 1.500.000 \u00d6ffnungszyklen, um eine dauerhafte Funktion zu gew\u00e4hrleisten.<\/p>\n<\/li>\n<li class=\"\" data-start=\"2608\" data-end=\"2674\">\n<p class=\"\" data-start=\"2610\" data-end=\"2674\"><strong data-start=\"2610\" data-end=\"2626\">Kolbenkontakt:<\/strong> Zur Anzeige des T\u00fcrstatus (geschlossen\/offen).<\/p>\n<\/li>\n<li class=\"\" data-start=\"2675\" data-end=\"2727\">\n<p class=\"\" data-start=\"2677\" data-end=\"2727\"><strong data-start=\"2677\" data-end=\"2693\">Sto\u00dffest:<\/strong> Verhindert unbefugte Manipulation.<\/p>\n<\/li>\n<li class=\"\" data-start=\"2728\" data-end=\"2787\">\n<p class=\"\" data-start=\"2730\" data-end=\"2787\"><strong data-start=\"2730\" data-end=\"2742\">Reversibel:<\/strong> Passt sowohl auf rechte als auch auf linke T\u00fcren.<\/p>\n<\/li>\n<li class=\"\" data-start=\"2788\" data-end=\"2866\">\n<p class=\"\" data-start=\"2790\" data-end=\"2866\"><strong data-start=\"2790\" data-end=\"2805\">Schutzdiode:<\/strong> Eingebaute Schutzdiode zum Schutz vor Sch\u00e4den an der Elektronik.<\/p>\n<\/li>\n<\/ul>\n<p class=\"\" data-start=\"2868\" data-end=\"3159\"><strong data-start=\"2868\" data-end=\"2886\">Kompatibilit\u00e4t:<\/strong> Elektrisches T\u00fcrschloss ST401 STEP 40 Vorspannung Reverse passt sowohl <strong data-start=\"2940\" data-end=\"2955\">einfl\u00fcgeliges Schloss<\/strong> Und <strong data-start=\"2960\" data-end=\"2976\">Doppelfl\u00fcgelschloss<\/strong>und kann sowohl an rechts- als auch an linksangeschlagenen T\u00fcren montiert werden.<\/p>\n<p class=\"\" data-start=\"2868\" data-end=\"3159\">Es eignet sich besonders f\u00fcr T\u00fcren mit normalen Sicherheitsanforderungen und f\u00fcr Anwendungen, bei denen eine hohe \u00d6ffnungsfrequenz erforderlich ist.<\/p>\n<p class=\"\" data-start=\"3161\" data-end=\"3184\"><strong data-start=\"3161\" data-end=\"3184\">Strombedarf:<\/strong><\/p>\n<ul data-start=\"3185\" data-end=\"3354\">\n<li class=\"\" data-start=\"3185\" data-end=\"3229\">\n<p class=\"\" data-start=\"3187\" data-end=\"3229\"><strong data-start=\"3187\" data-end=\"3200\">Stromspannung:<\/strong> 12 V oder 24 V DC \u00b115 % -10 %<\/p>\n<\/li>\n<li class=\"\" data-start=\"3230\" data-end=\"3285\">\n<p class=\"\" data-start=\"3232\" data-end=\"3285\"><strong data-start=\"3232\" data-end=\"3253\">Stromverbrauch:<\/strong> 110 mAh bei 24 V DC (max. 300 mA)<\/p>\n<\/li>\n<li class=\"\" data-start=\"3286\" data-end=\"3354\">\n<p class=\"\" data-start=\"3288\" data-end=\"3354\"><strong data-start=\"3288\" data-end=\"3304\">Kolbenkontakt:<\/strong> Mikroschalter, einpoliger Wechsler, max. 30 V DC, 1 A<\/p>\n<\/li>\n<\/ul>","protected":false},"excerpt":{"rendered":"<p>Elektrisches T\u00fcr\u00f6ffnerblech ST401 STEP 40 Preload Reverse 24V mit Leistendrucktechnik, Kolbenkontakt und hoher Bruchfestigkeit (1200 kg).<\/p>\n<p>Umkehrfunktion und hohe Betriebssicherheit f\u00fcr T\u00fcren mit normalen Sicherheitsanforderungen.<\/p>","protected":false},"featured_media":137563,"template":"","meta":{"_acf_changed":false},"product_brand":[],"product_cat":[3355],"product_tag":[4197,4201],"class_list":{"0":"post-92839","1":"product","2":"type-product","3":"status-publish","4":"has-post-thumbnail","6":"product_cat-elslutbleck","7":"product_tag-24v","8":"product_tag-omvand","9":"product_shipping_class-tunga-paket","10":"pa_brands-step","11":"tm-no-options","13":"first","14":"instock","15":"sale","16":"taxable","17":"shipping-taxable","18":"purchasable","19":"product-type-simple"},"acf":[],"_links":{"self":[{"href":"https:\/\/secureus.se\/de\/wp-json\/wp\/v2\/product\/92839","targetHints":{"allow":["GET"]}}],"collection":[{"href":"https:\/\/secureus.se\/de\/wp-json\/wp\/v2\/product"}],"about":[{"href":"https:\/\/secureus.se\/de\/wp-json\/wp\/v2\/types\/product"}],"wp:featuredmedia":[{"embeddable":true,"href":"https:\/\/secureus.se\/de\/wp-json\/wp\/v2\/media\/137563"}],"wp:attachment":[{"href":"https:\/\/secureus.se\/de\/wp-json\/wp\/v2\/media?parent=92839"}],"wp:term":[{"taxonomy":"product_brand","embeddable":true,"href":"https:\/\/secureus.se\/de\/wp-json\/wp\/v2\/product_brand?post=92839"},{"taxonomy":"product_cat","embeddable":true,"href":"https:\/\/secureus.se\/de\/wp-json\/wp\/v2\/product_cat?post=92839"},{"taxonomy":"product_tag","embeddable":true,"href":"https:\/\/secureus.se\/de\/wp-json\/wp\/v2\/product_tag?post=92839"}],"curies":[{"name":"wp","href":"https:\/\/api.w.org\/{rel}","templated":true}]}}