{"id":92841,"date":"2024-06-16T23:12:01","date_gmt":"2024-06-16T21:12:01","guid":{"rendered":"https:\/\/secureus.se\/?post_type=product&#038;p=92841"},"modified":"2026-02-20T11:43:47","modified_gmt":"2026-02-20T10:43:47","slug":"elslutbleck-71-24v-standard-solid","status":"publish","type":"product","link":"https:\/\/secureus.se\/de\/elslutbleck-71-24v-standard-solid\/","title":{"rendered":"Elektrische Endplatte 71 24V Standard Massiv"},"content":{"rendered":"<h1>Elektrische Endplatte 71 24V Standard Massiv<\/h1>\n<p class=\"\" data-start=\"696\" data-end=\"1009\">Der Elektro-T\u00fcr\u00f6ffner 71 24V Standard Solid von Assa ABLOY ist ein robuster und zuverl\u00e4ssiger Elektro-T\u00fcr\u00f6ffner, der zu T\u00fcren mit <strong data-start=\"808\" data-end=\"844\">normale Sicherheitsanforderungen<\/strong>.<\/p>\n<p class=\"\" data-start=\"696\" data-end=\"1009\">Es eignet sich optimal f\u00fcr den Einsatz als Tagesverriegelung im Rohbauschutz und Innenverriegelungsbereich in Gewerbe, B\u00fcro, Industrie sowie in Eing\u00e4ngen und \u00f6ffentlichen Bereichen von Mehrfamilienh\u00e4usern.<\/p>\n<p class=\"\" data-start=\"1011\" data-end=\"1405\">Der <strong data-start=\"1015\" data-end=\"1037\">Umkehrfunktion<\/strong> bewirkt, dass die T\u00fcr bei einem Stromausfall entriegelt wird, was bei Anwendungen n\u00fctzlich ist, bei denen die T\u00fcr bei Stromausfall entriegelt werden muss, beispielsweise in Notsituationen.<\/p>\n<p class=\"\" data-start=\"1011\" data-end=\"1405\">Das elektrische T\u00fcr\u00f6ffnerblech ist auch f\u00fcr den Einsatz in <strong data-start=\"1253\" data-end=\"1281\">Brandabschnittstrennt\u00fcren<\/strong>, wenn es in Kombination mit dem richtigen Pfosten und Schlossgeh\u00e4use installiert wird, ist es eine gute Wahl f\u00fcr Geb\u00e4ude mit Brandschutzanforderungen.<\/p>\n<p class=\"\" data-start=\"1407\" data-end=\"1824\">Das elektrische T\u00fcrschloss hat <strong data-start=\"1425\" data-end=\"1445\">bronzefarbenes Drehgeh\u00e4use<\/strong> und ein <strong data-start=\"1454\" data-end=\"1479\">Schlossgeh\u00e4use aus Zinklegierung<\/strong>, was eine langlebige und korrosionsbest\u00e4ndige Konstruktion bietet.<\/p>\n<p class=\"\" data-start=\"1407\" data-end=\"1824\">Mit einem <strong data-start=\"1548\" data-end=\"1584\">Bruchfestigkeit von 700 kg (7 kN)<\/strong> Es ist belastbar und sorgt f\u00fcr Sicherheit in stark beanspruchten T\u00fcren.<\/p>\n<p class=\"\" data-start=\"1407\" data-end=\"1824\">Es ist auch so konzipiert, dass es <strong data-start=\"1724\" data-end=\"1748\">sto\u00df- und vibrationsfest<\/strong>, was es zu einer zuverl\u00e4ssigen Wahl f\u00fcr T\u00fcren in stark frequentierten Umgebungen macht.<\/p>\n<p class=\"\" data-start=\"1826\" data-end=\"1856\"><strong data-start=\"1826\" data-end=\"1856\">Hauptmerkmale und Vorteile:<\/strong><\/p>\n<ul data-start=\"1857\" data-end=\"2430\">\n<li class=\"\" data-start=\"1857\" data-end=\"1970\">\n<p class=\"\" data-start=\"1859\" data-end=\"1970\"><strong data-start=\"1859\" data-end=\"1879\">Umkehrfunktion:<\/strong> Stromausfallentriegelung, um sicherzustellen, dass die T\u00fcr bei einem Stromausfall ge\u00f6ffnet bleibt.<\/p>\n<\/li>\n<li class=\"\" data-start=\"1971\" data-end=\"2061\">\n<p class=\"\" data-start=\"1973\" data-end=\"2061\"><strong data-start=\"1973\" data-end=\"1993\">Bruchfestigkeit:<\/strong> H\u00e4lt bis zu 700 kg (7 kN) und h\u00e4lt so k\u00f6rperlichen Belastungen stand.<\/p>\n<\/li>\n<li class=\"\" data-start=\"2062\" data-end=\"2177\">\n<p class=\"\" data-start=\"2064\" data-end=\"2177\"><strong data-start=\"2064\" data-end=\"2089\">Feuerzellenanpassung:<\/strong> Kann in Brandschutzt\u00fcren verwendet werden, wenn der richtige Pfosten und Schlosskasten eingebaut wird.<\/p>\n<\/li>\n<li class=\"\" data-start=\"2178\" data-end=\"2250\">\n<p class=\"\" data-start=\"2180\" data-end=\"2250\"><strong data-start=\"2180\" data-end=\"2201\">Torsion in Bronze:<\/strong> F\u00fcr erh\u00f6hte Haltbarkeit und Korrosionsbest\u00e4ndigkeit.<\/p>\n<\/li>\n<li class=\"\" data-start=\"2251\" data-end=\"2328\">\n<p class=\"\" data-start=\"2253\" data-end=\"2328\"><strong data-start=\"2253\" data-end=\"2270\">Hohe Sicherheit:<\/strong> Schlag- und sto\u00dffeste Konstruktion f\u00fcr lang anhaltende Leistung.<\/p>\n<\/li>\n<li class=\"\" data-start=\"2329\" data-end=\"2430\">\n<p class=\"\" data-start=\"2331\" data-end=\"2430\"><strong data-start=\"2331\" data-end=\"2350\">Kompatibilit\u00e4t:<\/strong> Passt sowohl zu einfl\u00fcgeligen als auch zu zweifl\u00fcgeligen Schl\u00f6ssern sowie zu rechts- und linksangeschlagenen T\u00fcren.<\/p>\n<\/li>\n<\/ul>\n<p class=\"\" data-start=\"2432\" data-end=\"2719\"><strong data-start=\"2432\" data-end=\"2450\">Kompatibilit\u00e4t:<\/strong> Der Elektro-T\u00fcr\u00f6ffner 71 24V Standard Solid ist f\u00fcr den Einsatz in T\u00fcren mit <strong data-start=\"2527\" data-end=\"2542\">einfl\u00fcgeliges Schloss<\/strong> oder <strong data-start=\"2549\" data-end=\"2565\">Doppelfl\u00fcgelschloss<\/strong> und passt sowohl f\u00fcr rechte als auch f\u00fcr linke T\u00fcren.<\/p>\n<p class=\"\" data-start=\"2432\" data-end=\"2719\">Durch seine R\u00fcckw\u00e4rtsfunktion ist er f\u00fcr Anwendungen geeignet, bei denen die T\u00fcr im stromlosen Zustand entriegelt werden soll.<\/p>\n<p class=\"\" data-start=\"2721\" data-end=\"2744\"><strong data-start=\"2721\" data-end=\"2744\">Strombedarf:<\/strong><\/p>\n<ul data-start=\"2745\" data-end=\"2885\">\n<li class=\"\" data-start=\"2745\" data-end=\"2786\">\n<p class=\"\" data-start=\"2747\" data-end=\"2786\"><strong data-start=\"2747\" data-end=\"2760\">Stromspannung:<\/strong> 12 V oder 24 V AC\/DC \u00b110 %<\/p>\n<\/li>\n<li class=\"\" data-start=\"2787\" data-end=\"2828\">\n<p class=\"\" data-start=\"2789\" data-end=\"2828\"><strong data-start=\"2789\" data-end=\"2810\">Stromverbrauch:<\/strong> 140 mA bei 24 V DC<\/p>\n<\/li>\n<li class=\"\" data-start=\"2829\" data-end=\"2885\">\n<p class=\"\" data-start=\"2831\" data-end=\"2885\"><strong data-start=\"2831\" data-end=\"2848\">Mikroschalter:<\/strong> Einpoliger Wechsler, max. 30 V DC, 1 A<\/p>\n<\/li>\n<\/ul>","protected":false},"excerpt":{"rendered":"<p>Der Elektro-T\u00fcr\u00f6ffner 71 24V Standard Solid von Assa ABLOY passt f\u00fcr T\u00fcren mit normalen Sicherheitsanforderungen und verf\u00fcgt \u00fcber eine R\u00fccklauffunktion (Entriegelung bei Stromausfall).<\/p>\n<p>Mit einer Bruchfestigkeit von 700 kg und einsetzbar f\u00fcr Brandabschnittstrennt\u00fcren.<\/p>","protected":false},"featured_media":137083,"template":"","meta":{"_acf_changed":false},"product_brand":[],"product_cat":[3355],"product_tag":[4197,4201],"class_list":{"0":"post-92841","1":"product","2":"type-product","3":"status-publish","4":"has-post-thumbnail","6":"product_cat-elslutbleck","7":"product_tag-24v","8":"product_tag-omvand","9":"product_shipping_class-tunga-paket","10":"pa_brands-abloy","11":"tm-no-options","13":"first","14":"outofstock","15":"sale","16":"taxable","17":"shipping-taxable","18":"purchasable","19":"product-type-simple"},"acf":[],"_links":{"self":[{"href":"https:\/\/secureus.se\/de\/wp-json\/wp\/v2\/product\/92841","targetHints":{"allow":["GET"]}}],"collection":[{"href":"https:\/\/secureus.se\/de\/wp-json\/wp\/v2\/product"}],"about":[{"href":"https:\/\/secureus.se\/de\/wp-json\/wp\/v2\/types\/product"}],"wp:featuredmedia":[{"embeddable":true,"href":"https:\/\/secureus.se\/de\/wp-json\/wp\/v2\/media\/137083"}],"wp:attachment":[{"href":"https:\/\/secureus.se\/de\/wp-json\/wp\/v2\/media?parent=92841"}],"wp:term":[{"taxonomy":"product_brand","embeddable":true,"href":"https:\/\/secureus.se\/de\/wp-json\/wp\/v2\/product_brand?post=92841"},{"taxonomy":"product_cat","embeddable":true,"href":"https:\/\/secureus.se\/de\/wp-json\/wp\/v2\/product_cat?post=92841"},{"taxonomy":"product_tag","embeddable":true,"href":"https:\/\/secureus.se\/de\/wp-json\/wp\/v2\/product_tag?post=92841"}],"curies":[{"name":"wp","href":"https:\/\/api.w.org\/{rel}","templated":true}]}}