{"id":92843,"date":"2024-06-16T23:12:01","date_gmt":"2024-06-16T21:12:01","guid":{"rendered":"https:\/\/secureus.se\/?post_type=product&#038;p=92843"},"modified":"2026-02-20T11:47:07","modified_gmt":"2026-02-20T10:47:07","slug":"elslutbleck-step-60-st600-silent-24v","status":"publish","type":"product","link":"https:\/\/secureus.se\/de\/elslutbleck-step-60-st600-silent-24v\/","title":{"rendered":"Elektrische Abschlussplatte STEP 60 ST600 Silent 24V"},"content":{"rendered":"<h1>Elektrischer T\u00fcr\u00f6ffner STEP 60 ST600 Silent 24V \u2013 Korrekte Funktion<\/h1>\n<p class=\"\" data-start=\"734\" data-end=\"1156\">Der elektrische T\u00fcr\u00f6ffner STEP 60 Silent 24V ist Teil der Silent-Serie von STEP und bietet eine einzigartige L\u00f6sung f\u00fcr T\u00fcren, die sowohl hohe Sicherheit als auch einen niedrigen Ger\u00e4uschpegel erfordern.<\/p>\n<p class=\"\" data-start=\"734\" data-end=\"1156\">Das patentierte <strong data-start=\"900\" data-end=\"924\">STEP Silent-Technologie<\/strong> sorgt daf\u00fcr, dass die T\u00fcr mit einem <strong data-start=\"974\" data-end=\"988\">sanfter Spaziergang<\/strong> und fast <strong data-start=\"1000\" data-end=\"1020\">Lautlosfunktion<\/strong>, wodurch es sich perfekt f\u00fcr den Einsatz in Umgebungen eignet, in denen ein geringerer Ger\u00e4uschpegel erw\u00fcnscht ist, wie etwa in B\u00fcros, Schulen, Krankenh\u00e4usern und Wohnh\u00e4usern.<\/p>\n<p class=\"\" data-start=\"1158\" data-end=\"1547\">Mit einem <strong data-start=\"1165\" data-end=\"1203\">Bruchfestigkeit von 1600 kg (16 kN)<\/strong> und eins <strong data-start=\"1211\" data-end=\"1244\">Banddruckkapazit\u00e4t von 100 kg<\/strong>STEP 60 Silent garantiert eine robuste und sichere L\u00f6sung f\u00fcr T\u00fcren, die Druck oder Hindernissen wie Schnee oder Kies im T\u00fcrspalt ausgesetzt sind.<\/p>\n<p class=\"\" data-start=\"1158\" data-end=\"1547\">Es ist ausgestattet mit einem <strong data-start=\"1407\" data-end=\"1422\">Kolbenkontakt<\/strong> Es zeigt an, ob die T\u00fcr geschlossen und verriegelt oder offen und unverriegelt ist, und ist somit eine zuverl\u00e4ssige Wahl f\u00fcr die T\u00fcr\u00fcberwachung.<\/p>\n<p class=\"\" data-start=\"1549\" data-end=\"1905\">Das elektrische T\u00fcrschloss ist <strong data-start=\"1566\" data-end=\"1599\">zertifiziert f\u00fcr Feuerbest\u00e4ndigkeit<\/strong> entsprechend <strong data-start=\"1607\" data-end=\"1625\">Klasse E\/EI 120<\/strong>, was bedeutet, dass es f\u00fcr den Einsatz in Brandabschnittstrennt\u00fcren in Geb\u00e4uden mit hohen Brandschutzanforderungen zugelassen ist.<\/p>\n<p class=\"\" data-start=\"1549\" data-end=\"1905\">Es ist auch f\u00fcr die Verwendung in Kombination mit <strong data-start=\"1791\" data-end=\"1806\">einfl\u00fcgeliges Schloss<\/strong> oder <strong data-start=\"1813\" data-end=\"1829\">Doppelfl\u00fcgelschloss<\/strong>, wodurch es vielseitig und f\u00fcr verschiedene T\u00fcranwendungen anpassbar ist.<\/p>\n<p class=\"\" data-start=\"1907\" data-end=\"1937\"><strong data-start=\"1907\" data-end=\"1937\">Hauptmerkmale und Vorteile:<\/strong><\/p>\n<ul data-start=\"1938\" data-end=\"2645\">\n<li class=\"\" data-start=\"1938\" data-end=\"2035\">\n<p class=\"\" data-start=\"1940\" data-end=\"2035\"><strong data-start=\"1940\" data-end=\"1963\">Sanfter und leiser Lauf:<\/strong> Die patentierte STEP Silent-Technologie erm\u00f6glicht ein nahezu ger\u00e4uschloses \u00d6ffnen und Schlie\u00dfen.<\/p>\n<\/li>\n<li data-start=\"1938\" data-end=\"2035\"><strong>Rechtsgerichtete Funktion<\/strong><\/li>\n<li class=\"\" data-start=\"2036\" data-end=\"2155\">\n<p class=\"\" data-start=\"2038\" data-end=\"2155\"><strong data-start=\"2038\" data-end=\"2057\">Hohe Bruchfestigkeit:<\/strong> H\u00e4lt bis zu 1600 kg (16 kN) stand und bietet robuste Sicherheit f\u00fcr T\u00fcren, die hohen Belastungen ausgesetzt sind.<\/p>\n<\/li>\n<li class=\"\" data-start=\"2156\" data-end=\"2261\">\n<p class=\"\" data-start=\"2158\" data-end=\"2261\"><strong data-start=\"2158\" data-end=\"2175\">Feuergepr\u00fcft:<\/strong> Zertifiziert f\u00fcr Feuerwiderstand nach E\/EI 120, geeignet f\u00fcr Brandabschnittstrennt\u00fcren.<\/p>\n<\/li>\n<li class=\"\" data-start=\"2262\" data-end=\"2356\">\n<p class=\"\" data-start=\"2264\" data-end=\"2356\"><strong data-start=\"2264\" data-end=\"2285\">Liste der Drucktechnologien:<\/strong> H\u00e4lt einem Druck von bis zu 100 kg stand und \u00f6ffnet die T\u00fcr auch bei Hindernissen.<\/p>\n<\/li>\n<li class=\"\" data-start=\"2357\" data-end=\"2487\">\n<p class=\"\" data-start=\"2359\" data-end=\"2487\"><strong data-start=\"2359\" data-end=\"2375\">Kolbenkontakt:<\/strong> Zeigt an, ob die T\u00fcr geschlossen\/offen und verriegelt\/entriegelt ist, und ist somit ideal f\u00fcr die Sicherheits\u00fcberwachung.<\/p>\n<\/li>\n<li class=\"\" data-start=\"2488\" data-end=\"2569\">\n<p class=\"\" data-start=\"2490\" data-end=\"2569\"><strong data-start=\"2490\" data-end=\"2515\">Geringer Stromverbrauch:<\/strong> Max. 250 mA bei 24 V DC, dadurch energieeffizient.<\/p>\n<\/li>\n<li class=\"\" data-start=\"2570\" data-end=\"2645\">\n<p class=\"\" data-start=\"2572\" data-end=\"2645\"><strong data-start=\"2572\" data-end=\"2599\">Schutz vor Manipulation:<\/strong> Manipulationssicher und vor unbefugtem Zugriff gesch\u00fctzt.<\/p>\n<\/li>\n<\/ul>\n<p class=\"\" data-start=\"2647\" data-end=\"2969\"><strong data-start=\"2647\" data-end=\"2665\">Kompatibilit\u00e4t:<\/strong> Der elektrische T\u00fcr\u00f6ffner STEP 60 Silent ist f\u00fcr den Einsatz mit <strong data-start=\"2729\" data-end=\"2744\">einfl\u00fcgeliges Schloss<\/strong> Und <strong data-start=\"2749\" data-end=\"2765\">Doppelfl\u00fcgelschloss<\/strong>, wodurch es an eine Reihe verschiedener T\u00fcrsysteme anpassbar ist.<\/p>\n<p class=\"\" data-start=\"2647\" data-end=\"2969\">Es ist auch <strong data-start=\"2840\" data-end=\"2852\">reversibel<\/strong> f\u00fcr rechte und linke T\u00fcren und ist ausgestattet mit einem <strong data-start=\"2917\" data-end=\"2945\">5 Meter halogenfreies Kabel<\/strong> f\u00fcr eine einfache Installation.<\/p>\n<p class=\"\" data-start=\"2971\" data-end=\"2994\"><strong data-start=\"2971\" data-end=\"2994\">Strombedarf:<\/strong><\/p>\n<ul data-start=\"2995\" data-end=\"3156\">\n<li class=\"\" data-start=\"2995\" data-end=\"3039\">\n<p class=\"\" data-start=\"2997\" data-end=\"3039\"><strong data-start=\"2997\" data-end=\"3010\">Stromspannung:<\/strong> 12 V oder 24 V DC \u00b115 % -10 %<\/p>\n<\/li>\n<li class=\"\" data-start=\"3040\" data-end=\"3099\">\n<p class=\"\" data-start=\"3042\" data-end=\"3099\"><strong data-start=\"3042\" data-end=\"3063\">Stromverbrauch:<\/strong> Max. 250 mA bei 24 V DC, 121 mA entriegelt<\/p>\n<\/li>\n<li class=\"\" data-start=\"3100\" data-end=\"3156\">\n<p class=\"\" data-start=\"3102\" data-end=\"3156\"><strong data-start=\"3102\" data-end=\"3119\">Mikroschalter:<\/strong> Einpoliger Wechsler, max. 30 V DC, 1 A<\/p>\n<\/li>\n<\/ul>","protected":false},"excerpt":{"rendered":"<p>Der elektrische T\u00fcr\u00f6ffner STEP 60 Silent 24V bietet einen sanften und ger\u00e4uschlosen Betrieb und ist ideal f\u00fcr T\u00fcren, die h\u00e4ufig benutzt werden, beispielsweise in B\u00fcros, Schulen und Krankenh\u00e4usern.<\/p>\n<p>Hohe Bruchfestigkeit (1600 kg) und Brandschutzzulassung bis E\/EI 120. Einwandfreie Funktion.<\/p>","protected":false},"featured_media":138005,"template":"","meta":{"_acf_changed":false},"product_brand":[],"product_cat":[3355],"product_tag":[4197,4200],"class_list":{"0":"post-92843","1":"product","2":"type-product","3":"status-publish","4":"has-post-thumbnail","6":"product_cat-elslutbleck","7":"product_tag-24v","8":"product_tag-rattvand","9":"product_shipping_class-tunga-paket","10":"pa_brands-step","11":"tm-no-options","13":"first","14":"instock","15":"sale","16":"taxable","17":"shipping-taxable","18":"purchasable","19":"product-type-simple"},"acf":[],"_links":{"self":[{"href":"https:\/\/secureus.se\/de\/wp-json\/wp\/v2\/product\/92843","targetHints":{"allow":["GET"]}}],"collection":[{"href":"https:\/\/secureus.se\/de\/wp-json\/wp\/v2\/product"}],"about":[{"href":"https:\/\/secureus.se\/de\/wp-json\/wp\/v2\/types\/product"}],"wp:featuredmedia":[{"embeddable":true,"href":"https:\/\/secureus.se\/de\/wp-json\/wp\/v2\/media\/138005"}],"wp:attachment":[{"href":"https:\/\/secureus.se\/de\/wp-json\/wp\/v2\/media?parent=92843"}],"wp:term":[{"taxonomy":"product_brand","embeddable":true,"href":"https:\/\/secureus.se\/de\/wp-json\/wp\/v2\/product_brand?post=92843"},{"taxonomy":"product_cat","embeddable":true,"href":"https:\/\/secureus.se\/de\/wp-json\/wp\/v2\/product_cat?post=92843"},{"taxonomy":"product_tag","embeddable":true,"href":"https:\/\/secureus.se\/de\/wp-json\/wp\/v2\/product_tag?post=92843"}],"curies":[{"name":"wp","href":"https:\/\/api.w.org\/{rel}","templated":true}]}}