{"id":92845,"date":"2024-06-16T23:12:01","date_gmt":"2024-06-16T21:12:01","guid":{"rendered":"https:\/\/secureus.se\/?post_type=product&#038;p=92845"},"modified":"2026-02-20T11:47:11","modified_gmt":"2026-02-20T10:47:11","slug":"elslutbleck-st90-step-90-preload-rattvand-24v","status":"publish","type":"product","link":"https:\/\/secureus.se\/de\/elslutbleck-st90-step-90-preload-rattvand-24v\/","title":{"rendered":"Elektrische Endplatte ST90 (STEP 90 Preload) Nach rechts gerichtet 24V"},"content":{"rendered":"<h1>Elektrische Endplatte ST90 (STEP 90 Preload) Nach rechts gerichtet 24V<\/h1>\n<p class=\"\" data-start=\"760\" data-end=\"1205\">Das elektrische T\u00fcr\u00f6ffnerblech ST90 (STEP 90 Preload) Rechtsanschlag 24V ist Teil der Preload-Serie von STEP und bietet eine perfekte Balance zwischen hoher Sicherheit, kompakten Abmessungen und robuster Konstruktion.<\/p>\n<p class=\"\" data-start=\"760\" data-end=\"1205\">Dieser elektrische T\u00fcr\u00f6ffner ist mit dem patentierten STEP- <strong data-start=\"987\" data-end=\"1007\">Listendrucktechnik<\/strong>, die ein \u00d6ffnen der T\u00fcr trotz Druck auf bis zu <strong data-start=\"1066\" data-end=\"1076\">250 kg<\/strong>, ideal f\u00fcr T\u00fcren, die \u00fcberm\u00e4\u00dfigem Druck, Kies oder Schnee an der Schwelle ausgesetzt sind oder f\u00fcr T\u00fcren, die leicht schief sein k\u00f6nnen.<\/p>\n<p class=\"\" data-start=\"1207\" data-end=\"1620\">Mit einem <strong data-start=\"1214\" data-end=\"1252\">Bruchfestigkeit von 1200 kg (12 kN)<\/strong>STEP 90 Preload garantiert hohe Sicherheit und ist auf eine Belastbarkeit von bis zu <strong data-start=\"1338\" data-end=\"1366\">1.500.000 \u00d6ffnungszyklen<\/strong>, was es zu einer langlebigen und zuverl\u00e4ssigen L\u00f6sung f\u00fcr T\u00fcren mit hoher \u00d6ffnungsfrequenz macht.<\/p>\n<p class=\"\" data-start=\"1207\" data-end=\"1620\">Es ist au\u00dferdem ausgestattet mit <strong data-start=\"1490\" data-end=\"1512\">eingebaute Schutzdiode<\/strong>, wodurch Sch\u00e4den an elektrischen Ger\u00e4ten wie Codeschl\u00f6ssern oder Kartenlesern bei Spannungsspitzen verhindert werden.<\/p>\n<p data-start=\"1207\" data-end=\"1620\">SCHRITT 90 Vorspannung ist <strong data-start=\"1641\" data-end=\"1672\">Brandschutzzulassung nach E\/EI120<\/strong>, was bedeutet, dass es f\u00fcr eine Feuerbest\u00e4ndigkeit von bis zu 120 Minuten zertifiziert ist und sich somit f\u00fcr den Einsatz in Brandabschnittstrennt\u00fcren eignet.<\/p>\n<p data-start=\"1207\" data-end=\"1620\">Es kann sowohl in <strong data-start=\"1843\" data-end=\"1855\">gerecht<\/strong> Und <strong data-start=\"1860\" data-end=\"1870\">umkehren<\/strong> Funktion, die Flexibilit\u00e4t f\u00fcr unterschiedliche Installationsanforderungen bietet und die Anpassung w\u00e4hrend der Installation erleichtert.<\/p>\n<p data-start=\"1207\" data-end=\"1620\">Dar\u00fcber hinaus ist es <strong data-start=\"1999\" data-end=\"2011\">reversibel<\/strong> Passend f\u00fcr rechts- und linksangeschlagene T\u00fcren, was die Installation noch flexibler macht.<\/p>\n<p class=\"\" data-start=\"2110\" data-end=\"2140\"><strong data-start=\"2110\" data-end=\"2140\">Hauptmerkmale und Vorteile:<\/strong><\/p>\n<ul data-start=\"2141\" data-end=\"2915\">\n<li class=\"\" data-start=\"2141\" data-end=\"2241\">\n<p class=\"\" data-start=\"2143\" data-end=\"2241\"><strong data-start=\"2143\" data-end=\"2167\">Umschaltbare Funktion:<\/strong> Sowohl die Vorw\u00e4rts- als auch die R\u00fcckw\u00e4rtsfunktion erf\u00fcllen unterschiedliche Installationsanforderungen.<\/p>\n<\/li>\n<li class=\"\" data-start=\"2242\" data-end=\"2383\">\n<p class=\"\" data-start=\"2244\" data-end=\"2383\"><strong data-start=\"2244\" data-end=\"2265\">Liste der Drucktechnologien:<\/strong> H\u00e4lt bis zu 250 kg Druck stand, ohne die Funktion der T\u00fcr zu beeintr\u00e4chtigen, und ist somit eine sichere Wahl in exponierten Umgebungen.<\/p>\n<\/li>\n<li class=\"\" data-start=\"2384\" data-end=\"2503\">\n<p class=\"\" data-start=\"2386\" data-end=\"2503\"><strong data-start=\"2386\" data-end=\"2403\">Feuergepr\u00fcft:<\/strong> Zertifiziert f\u00fcr Feuerwiderstand nach E\/EI120, daher geeignet f\u00fcr Brandabschnittstrennt\u00fcren.<\/p>\n<\/li>\n<li class=\"\" data-start=\"2504\" data-end=\"2604\">\n<p class=\"\" data-start=\"2506\" data-end=\"2604\"><strong data-start=\"2506\" data-end=\"2525\">Hohe Bruchfestigkeit:<\/strong> 1200 kg (12 kN), was einen sehr robusten Schutz gegen k\u00f6rperliche Belastung bietet.<\/p>\n<\/li>\n<li class=\"\" data-start=\"2605\" data-end=\"2680\">\n<p class=\"\" data-start=\"2607\" data-end=\"2680\"><strong data-start=\"2607\" data-end=\"2634\">Schutz vor Manipulation:<\/strong> Manipulationssicher und vor unbefugtem Zugriff gesch\u00fctzt.<\/p>\n<\/li>\n<li class=\"\" data-start=\"2681\" data-end=\"2791\">\n<p class=\"\" data-start=\"2683\" data-end=\"2791\"><strong data-start=\"2683\" data-end=\"2702\">Lange Lebensdauer:<\/strong> Im Werk auf bis zu 1.500.000 \u00d6ffnungszyklen getestet, um einen langfristigen Betrieb sicherzustellen.<\/p>\n<\/li>\n<li class=\"\" data-start=\"2792\" data-end=\"2915\">\n<p class=\"\" data-start=\"2794\" data-end=\"2915\"><strong data-start=\"2794\" data-end=\"2820\">Flexible Installation:<\/strong> Passt sowohl auf Einriegel- als auch auf Doppelriegelschl\u00f6sser und ist f\u00fcr rechts- oder linksangeschlagene T\u00fcren umkehrbar.<\/p>\n<\/li>\n<\/ul>\n<p class=\"\" data-start=\"2917\" data-end=\"3181\"><strong data-start=\"2917\" data-end=\"2935\">Kompatibilit\u00e4t:<\/strong> Elektrisches T\u00fcrschloss ST90 Preload ist kompatibel mit <strong data-start=\"2980\" data-end=\"2995\">einfl\u00fcgeliges Schloss<\/strong> Und <strong data-start=\"3000\" data-end=\"3016\">Doppelfl\u00fcgelschloss<\/strong> und passt zu T\u00fcren mit normalen Sicherheitsanforderungen.<\/p>\n<p class=\"\" data-start=\"2917\" data-end=\"3181\">Es ist auch f\u00fcr den Einsatz in <strong data-start=\"3101\" data-end=\"3129\">Brandabschnittstrennt\u00fcren<\/strong> bei Einbau mit entsprechendem Pfosten und Schlossgeh\u00e4use.<\/p>\n<p class=\"\" data-start=\"3183\" data-end=\"3206\"><strong data-start=\"3183\" data-end=\"3206\">Strombedarf:<\/strong><\/p>\n<ul data-start=\"3207\" data-end=\"3363\">\n<li class=\"\" data-start=\"3207\" data-end=\"3251\">\n<p class=\"\" data-start=\"3209\" data-end=\"3251\"><strong data-start=\"3209\" data-end=\"3222\">Stromspannung:<\/strong> 12 V oder 24 V DC \u00b115 % -10 %<\/p>\n<\/li>\n<li class=\"\" data-start=\"3252\" data-end=\"3307\">\n<p class=\"\" data-start=\"3254\" data-end=\"3307\"><strong data-start=\"3254\" data-end=\"3275\">Stromverbrauch:<\/strong> 110 mAh bei 24 V DC (max. 300 mA)<\/p>\n<\/li>\n<li class=\"\" data-start=\"3308\" data-end=\"3363\">\n<p class=\"\" data-start=\"3310\" data-end=\"3363\"><strong data-start=\"3310\" data-end=\"3327\">Mikroschalter:<\/strong> Einpoliger Wechsler, max. 30 V DC, 1 A<\/p>\n<\/li>\n<\/ul>","protected":false},"excerpt":{"rendered":"<p>Elektrisches T\u00fcrschloss ST90 (STEP 90 Preload) R\u00e4ttv\u00e4nd 24V ist ein kompaktes und leistungsstarkes elektrisches T\u00fcrschloss mit Streifendrucktechnologie, das bis zu 250 kg Druck und 1200 kg Bruchfestigkeit aush\u00e4lt.<\/p>\n<p>Zertifiziert f\u00fcr Feuerwiderstand bis E\/EI120, perfekt f\u00fcr T\u00fcren mit hohem Publikumsverkehr.<\/p>","protected":false},"featured_media":137312,"template":"","meta":{"_acf_changed":false},"product_brand":[],"product_cat":[3355],"product_tag":[4197,4200],"class_list":{"0":"post-92845","1":"product","2":"type-product","3":"status-publish","4":"has-post-thumbnail","6":"product_cat-elslutbleck","7":"product_tag-24v","8":"product_tag-rattvand","9":"product_shipping_class-tunga-paket","10":"pa_brands-step","11":"tm-no-options","13":"first","14":"instock","15":"sale","16":"taxable","17":"shipping-taxable","18":"purchasable","19":"product-type-simple"},"acf":[],"_links":{"self":[{"href":"https:\/\/secureus.se\/de\/wp-json\/wp\/v2\/product\/92845","targetHints":{"allow":["GET"]}}],"collection":[{"href":"https:\/\/secureus.se\/de\/wp-json\/wp\/v2\/product"}],"about":[{"href":"https:\/\/secureus.se\/de\/wp-json\/wp\/v2\/types\/product"}],"wp:featuredmedia":[{"embeddable":true,"href":"https:\/\/secureus.se\/de\/wp-json\/wp\/v2\/media\/137312"}],"wp:attachment":[{"href":"https:\/\/secureus.se\/de\/wp-json\/wp\/v2\/media?parent=92845"}],"wp:term":[{"taxonomy":"product_brand","embeddable":true,"href":"https:\/\/secureus.se\/de\/wp-json\/wp\/v2\/product_brand?post=92845"},{"taxonomy":"product_cat","embeddable":true,"href":"https:\/\/secureus.se\/de\/wp-json\/wp\/v2\/product_cat?post=92845"},{"taxonomy":"product_tag","embeddable":true,"href":"https:\/\/secureus.se\/de\/wp-json\/wp\/v2\/product_tag?post=92845"}],"curies":[{"name":"wp","href":"https:\/\/api.w.org\/{rel}","templated":true}]}}