{"id":92849,"date":"2024-06-16T23:12:01","date_gmt":"2024-06-16T21:12:01","guid":{"rendered":"https:\/\/secureus.se\/?post_type=product&#038;p=92849"},"modified":"2026-02-20T11:47:04","modified_gmt":"2026-02-20T10:47:04","slug":"elslutbleck-40-st41-preload-omvand-24-vdc","status":"publish","type":"product","link":"https:\/\/secureus.se\/de\/elslutbleck-40-st41-preload-omvand-24-vdc\/","title":{"rendered":"Elektrische Endplatte 40 ST41 Vorspannung Reverse 24 Vdc"},"content":{"rendered":"<h1>Elektrische Endplatte 40 ST41 Vorspannung Reverse 24 Vdc<\/h1>\n<p class=\"\" data-start=\"702\" data-end=\"1123\">Der elektrische T\u00fcr\u00f6ffner 40 ST41 Preload Reverse 24VDC von STEP ist Teil der Preload-Serie von STEP, die minimale Abmessungen mit sehr hoher Leistung f\u00fcr T\u00fcren mit normalen Sicherheitsanforderungen kombiniert.<\/p>\n<p class=\"\" data-start=\"702\" data-end=\"1123\">Die patentierte Streifendrucktechnologie des STEP 40 erm\u00f6glicht das \u00d6ffnen des T\u00fcr\u00f6ffners selbst bei einer Druckbelastung von bis zu 250 kg auf die T\u00fcr und ist daher besonders n\u00fctzlich bei T\u00fcren, die Hindernissen wie Kies, Schnee oder dem Druck einer schiefen T\u00fcr ausgesetzt sind.<\/p>\n<p class=\"\" data-start=\"1125\" data-end=\"1476\">Dieses Modell verf\u00fcgt \u00fcber eine <strong data-start=\"1145\" data-end=\"1164\">Umkehrfunktion<\/strong>, was bedeutet, dass die T\u00fcr im stromlosen Zustand entriegelt ist. Daher eignet es sich f\u00fcr Anwendungen, bei denen die T\u00fcr bei Stromausfall entriegelt werden muss, z. B. in Notsituationen.<\/p>\n<p class=\"\" data-start=\"1125\" data-end=\"1476\">Der eingebaute <strong data-start=\"1352\" data-end=\"1368\">die Schutzdiode<\/strong> verhindert bei m\u00f6glichen Spannungsspitzen eine Besch\u00e4digung elektronischer Bauteile, wie beispielsweise Codeschl\u00f6sser oder Kartenleser.<\/p>\n<p class=\"\" data-start=\"1478\" data-end=\"1777\">Das elektrische T\u00fcrschloss \u00fcberzeugt durch <strong data-start=\"1511\" data-end=\"1549\">Bruchfestigkeit von 1200 kg (12 kN)<\/strong> und ist im Werk auf bis zu 1.500.000 \u00d6ffnungszyklen getestet, was es auch in Umgebungen mit hoher \u00d6ffnungsfrequenz extrem langlebig und zuverl\u00e4ssig macht.<\/p>\n<p class=\"\" data-start=\"1478\" data-end=\"1777\">Dar\u00fcber hinaus ist es manipulationssicher gestaltet, was f\u00fcr erh\u00f6hte Sicherheit sorgt.<\/p>\n<p class=\"\" data-start=\"1779\" data-end=\"2066\">Es ist auch <strong data-start=\"1792\" data-end=\"1803\">reversibel<\/strong> Passt sowohl auf rechts als auch auf links angeschlagene T\u00fcren, was die Installation einfach und flexibel macht.<\/p>\n<p class=\"\" data-start=\"1779\" data-end=\"2066\">F\u00fcr zus\u00e4tzliche Flexibilit\u00e4t bei der Installation verf\u00fcgt das elektrische T\u00fcrschloss \u00fcber <strong data-start=\"1962\" data-end=\"1998\">Schraubenl\u00f6cher f\u00fcr schr\u00e4ge Schrauben<\/strong> an der Hinterkante, wodurch die genaue Positionseinstellung erleichtert wird.<\/p>\n<p class=\"\" data-start=\"2068\" data-end=\"2098\"><strong data-start=\"2068\" data-end=\"2098\">Hauptmerkmale und Vorteile:<\/strong><\/p>\n<ul data-start=\"2099\" data-end=\"2804\">\n<li class=\"\" data-start=\"2099\" data-end=\"2214\">\n<p class=\"\" data-start=\"2101\" data-end=\"2214\"><strong data-start=\"2101\" data-end=\"2121\">Umkehrfunktion:<\/strong> Entriegelung im stromlosen Zustand, geeignet f\u00fcr spezielle Anwendungen wie beispielsweise Notf\u00e4lle.<\/p>\n<\/li>\n<li class=\"\" data-start=\"2215\" data-end=\"2337\">\n<p class=\"\" data-start=\"2217\" data-end=\"2337\"><strong data-start=\"2217\" data-end=\"2238\">Liste der Drucktechnologien:<\/strong> Kann die T\u00fcr trotz Druck von bis zu 250 kg \u00f6ffnen, wodurch Ausfallzeiten bei Druck auf die T\u00fcr vermieden werden.<\/p>\n<\/li>\n<li class=\"\" data-start=\"2338\" data-end=\"2436\">\n<p class=\"\" data-start=\"2340\" data-end=\"2436\"><strong data-start=\"2340\" data-end=\"2364\">Hohe Zugfestigkeit:<\/strong> 1200 kg (12 kN) f\u00fcr hohe Belastbarkeit und dauerhafte Sicherheit.<\/p>\n<\/li>\n<li class=\"\" data-start=\"2437\" data-end=\"2538\">\n<p class=\"\" data-start=\"2439\" data-end=\"2538\"><strong data-start=\"2439\" data-end=\"2469\">Werkseitig gepr\u00fcfte Haltbarkeit:<\/strong> Getestet auf 1.500.000 Zyklen, um eine lang anhaltende Leistung sicherzustellen.<\/p>\n<\/li>\n<li class=\"\" data-start=\"2539\" data-end=\"2619\">\n<p class=\"\" data-start=\"2541\" data-end=\"2619\"><strong data-start=\"2541\" data-end=\"2564\">Manipulationsschutz:<\/strong> Verhindert unbefugten Zugriff und verbessert die Sicherheit.<\/p>\n<\/li>\n<li class=\"\" data-start=\"2620\" data-end=\"2715\">\n<p class=\"\" data-start=\"2622\" data-end=\"2715\"><strong data-start=\"2622\" data-end=\"2647\">Reversible Installation:<\/strong> Passt sowohl auf rechte als auch auf linke T\u00fcren und l\u00e4sst sich leicht installieren.<\/p>\n<\/li>\n<li class=\"\" data-start=\"2716\" data-end=\"2804\">\n<p class=\"\" data-start=\"2718\" data-end=\"2804\"><strong data-start=\"2718\" data-end=\"2733\">Schutzdiode:<\/strong> Eingebaute Schutzdiode zum Schutz vor Transienten und Spannungsspitzen.<\/p>\n<\/li>\n<\/ul>\n<p class=\"\" data-start=\"2806\" data-end=\"3079\"><strong data-start=\"2806\" data-end=\"2824\">Kompatibilit\u00e4t:<\/strong> Das elektrische T\u00fcrschlie\u00dfblech 40 ST41 Preload ist sowohl mit Einfallen- als auch mit Doppelfallenschl\u00f6ssern kompatibel und f\u00fcr T\u00fcren mit normalen Sicherheitsanforderungen konzipiert.<\/p>\n<p class=\"\" data-start=\"2806\" data-end=\"3079\">Aufgrund seiner Funktion eignet er sich optimal f\u00fcr den Einsatz in druckbelasteten T\u00fcren oder f\u00fcr T\u00fcren mit hoher \u00d6ffnungsfrequenz.<\/p>\n<p class=\"\" data-start=\"3081\" data-end=\"3104\"><strong data-start=\"3081\" data-end=\"3104\">Strombedarf:<\/strong><\/p>\n<ul data-start=\"3105\" data-end=\"3271\">\n<li class=\"\" data-start=\"3105\" data-end=\"3149\">\n<p class=\"\" data-start=\"3107\" data-end=\"3149\"><strong data-start=\"3107\" data-end=\"3120\">Stromspannung:<\/strong> 12 V oder 24 V DC \u00b115 % -10 %<\/p>\n<\/li>\n<li class=\"\" data-start=\"3150\" data-end=\"3205\">\n<p class=\"\" data-start=\"3152\" data-end=\"3205\"><strong data-start=\"3152\" data-end=\"3173\">Stromverbrauch:<\/strong> 110 mAh bei 24 V DC (max. 300 mA)<\/p>\n<\/li>\n<li class=\"\" data-start=\"3206\" data-end=\"3271\">\n<p class=\"\" data-start=\"3208\" data-end=\"3271\"><strong data-start=\"3208\" data-end=\"3223\">Schutzdiode:<\/strong> Eingebaute Schutzdiode zum Schutz der Elektronik.<\/p>\n<\/li>\n<\/ul>","protected":false},"excerpt":{"rendered":"<p>Elektrisches T\u00fcrschlie\u00dfblech 40 ST41 Preload Reverse 24VDC von STEP bietet hohe Sicherheit und Flexibilit\u00e4t mit R\u00fcckw\u00e4rtsfunktion und Leistenandrucktechnik.<\/p>\n<p>H\u00e4lt bis zu 250 kg Druck und 1200 kg Bruchfestigkeit stand, perfekt f\u00fcr T\u00fcren mit normalen Sicherheitsanforderungen.<\/p>","protected":false},"featured_media":137069,"template":"","meta":{"_acf_changed":false},"product_brand":[],"product_cat":[3355],"product_tag":[4197,4202],"class_list":{"0":"post-92849","1":"product","2":"type-product","3":"status-publish","4":"has-post-thumbnail","6":"product_cat-elslutbleck","7":"product_tag-24v","8":"product_tag-omstallbar-rattvand-omvand","9":"product_shipping_class-tunga-paket","10":"pa_brands-step","11":"tm-no-options","13":"first","14":"instock","15":"sale","16":"taxable","17":"shipping-taxable","18":"purchasable","19":"product-type-simple"},"acf":[],"_links":{"self":[{"href":"https:\/\/secureus.se\/de\/wp-json\/wp\/v2\/product\/92849","targetHints":{"allow":["GET"]}}],"collection":[{"href":"https:\/\/secureus.se\/de\/wp-json\/wp\/v2\/product"}],"about":[{"href":"https:\/\/secureus.se\/de\/wp-json\/wp\/v2\/types\/product"}],"wp:featuredmedia":[{"embeddable":true,"href":"https:\/\/secureus.se\/de\/wp-json\/wp\/v2\/media\/137069"}],"wp:attachment":[{"href":"https:\/\/secureus.se\/de\/wp-json\/wp\/v2\/media?parent=92849"}],"wp:term":[{"taxonomy":"product_brand","embeddable":true,"href":"https:\/\/secureus.se\/de\/wp-json\/wp\/v2\/product_brand?post=92849"},{"taxonomy":"product_cat","embeddable":true,"href":"https:\/\/secureus.se\/de\/wp-json\/wp\/v2\/product_cat?post=92849"},{"taxonomy":"product_tag","embeddable":true,"href":"https:\/\/secureus.se\/de\/wp-json\/wp\/v2\/product_tag?post=92849"}],"curies":[{"name":"wp","href":"https:\/\/api.w.org\/{rel}","templated":true}]}}