{"id":92851,"date":"2024-06-16T23:12:01","date_gmt":"2024-06-16T21:12:01","guid":{"rendered":"https:\/\/secureus.se\/?post_type=product&#038;p=92851"},"modified":"2026-03-26T11:35:07","modified_gmt":"2026-03-26T10:35:07","slug":"elslutbleck-st925-step-92-preload","status":"publish","type":"product","link":"https:\/\/secureus.se\/de\/elslutbleck-st925-step-92-preload\/","title":{"rendered":"Elektrische Endplatte ST925 (STEP 92 Vorspannung)"},"content":{"rendered":"<h1>Elektrische Endplatte ST925 (STEP 92 Vorspannung)<\/h1>\n<p class=\"\" data-start=\"710\" data-end=\"1125\">Der elektrische T\u00fcr\u00f6ffner ST925 (STEP 92 Preload) ist eine fortschrittliche L\u00f6sung f\u00fcr T\u00fcren, die hohe Sicherheit und Flexibilit\u00e4t erfordern.<\/p>\n<p class=\"\" data-start=\"710\" data-end=\"1125\">Durch die umschaltbare Vorw\u00e4rts-R\u00fcckw\u00e4rts-Funktion l\u00e4sst sich der ST925 an viele unterschiedliche T\u00fcranwendungen anpassen.<\/p>\n<p class=\"\" data-start=\"710\" data-end=\"1125\">Besonders praktisch ist es bei T\u00fcren mit Doppelfallenschl\u00f6ssern, bei denen die elektrische Verriegelung auf jeden Fallenriegel getrennt erfolgt und so die Nutzung der T\u00fcr mit T\u00fcrautomatik oder T\u00fcrgriffen m\u00f6glich ist.<\/p>\n<p class=\"\" data-start=\"1127\" data-end=\"1614\">Eines der herausragendsten Merkmale des ST925 ist sein <strong data-start=\"1179\" data-end=\"1199\">Brandschutzzulassung<\/strong> entsprechend <strong data-start=\"1207\" data-end=\"1225\">Klasse E\/EI 120<\/strong>, was bedeutet, dass es zertifiziert ist, Feuer f\u00fcr einen Zeitraum von bis zu 120 Minuten zu widerstehen.<\/p>\n<p class=\"\" data-start=\"1127\" data-end=\"1614\">Dies macht den elektrischen T\u00fcr\u00f6ffner zur perfekten L\u00f6sung f\u00fcr Geb\u00e4ude, in denen Brandschutzanforderungen von entscheidender Bedeutung sind. Gleichzeitig kann er in die T\u00fcrautomatik integriert werden, um im Notfall ein einfaches \u00d6ffnen zu erm\u00f6glichen.<\/p>\n<p class=\"\" data-start=\"1127\" data-end=\"1614\">Selbst bei Feueralarm kann es ge\u00f6ffnet werden, sodass eine kontrollierte Wiederbelegung m\u00f6glich ist.<\/p>\n<p class=\"\" data-start=\"1616\" data-end=\"2016\">STEP 92 Preload ist au\u00dferdem ausgestattet mit <strong data-start=\"1654\" data-end=\"1674\">Listendrucktechnik<\/strong>, wodurch ein \u00d6ffnen auch bei einer T\u00fcrdruckbelastung von bis zu 250 kg (2,5 kN) m\u00f6glich ist.<\/p>\n<p class=\"\" data-start=\"1616\" data-end=\"2016\">Dies ist ein gro\u00dfer Vorteil in Umgebungen, in denen die T\u00fcr Druck ausgesetzt ist, beispielsweise aufgrund von \u00dcberdruck im Geb\u00e4ude, Schnee oder Kies, der den T\u00fcrspalt blockiert, oder verzogenen T\u00fcren.<\/p>\n<p class=\"\" data-start=\"1616\" data-end=\"2016\">Diese Funktion gew\u00e4hrleistet einen zuverl\u00e4ssigen Betrieb ohne Unterbrechungen.<\/p>\n<p class=\"\" data-start=\"2018\" data-end=\"2304\">ST925 ist au\u00dferdem f\u00fcr extreme Belastungen ausgelegt und hat eine Bruchfestigkeit von <strong data-start=\"2107\" data-end=\"2126\">1200 kg (12 kN)<\/strong> und eine Haltbarkeit, die getestet wurde, um standzuhalten <strong data-start=\"2172\" data-end=\"2192\">1.500.000 Zyklen<\/strong>.<\/p>\n<p class=\"\" data-start=\"2018\" data-end=\"2304\">Dar\u00fcber hinaus verf\u00fcgt es \u00fcber eine <strong data-start=\"2215\" data-end=\"2249\">eingebauter Schutz vor Manipulation<\/strong>, was zus\u00e4tzliche Sicherheit vor unbefugtem Zugriff bietet.<\/p>\n<p class=\"\" data-start=\"2306\" data-end=\"2336\"><strong data-start=\"2306\" data-end=\"2336\">Hauptmerkmale und Vorteile:<\/strong><\/p>\n<ul data-start=\"2337\" data-end=\"2974\">\n<li class=\"\" data-start=\"2337\" data-end=\"2442\">\n<p class=\"\" data-start=\"2339\" data-end=\"2442\"><strong data-start=\"2339\" data-end=\"2363\">Umschaltbare Funktion:<\/strong> Sowohl Vorw\u00e4rts- als auch R\u00fcckw\u00e4rtsfunktion zur Anpassung an unterschiedliche T\u00fcranwendungen.<\/p>\n<\/li>\n<li class=\"\" data-start=\"2443\" data-end=\"2581\">\n<p class=\"\" data-start=\"2445\" data-end=\"2581\"><strong data-start=\"2445\" data-end=\"2473\">Feuerfest (E\/EI 120):<\/strong> Zertifiziert f\u00fcr eine Feuerbest\u00e4ndigkeit von bis zu 120 Minuten und somit ideal f\u00fcr Geb\u00e4ude mit Brandschutzanforderungen.<\/p>\n<\/li>\n<li class=\"\" data-start=\"2582\" data-end=\"2670\">\n<p class=\"\" data-start=\"2584\" data-end=\"2670\"><strong data-start=\"2584\" data-end=\"2605\">Liste der Drucktechnologien:<\/strong> H\u00e4lt einem Druck von bis zu 250 kg stand, ohne die Funktion der T\u00fcr zu beeintr\u00e4chtigen.<\/p>\n<\/li>\n<li class=\"\" data-start=\"2671\" data-end=\"2770\">\n<p class=\"\" data-start=\"2673\" data-end=\"2770\"><strong data-start=\"2673\" data-end=\"2697\">Hohe Zugfestigkeit:<\/strong> 1200 kg (12 kN), um physischer Belastung und Manipulation standzuhalten.<\/p>\n<\/li>\n<li class=\"\" data-start=\"2771\" data-end=\"2889\">\n<p class=\"\" data-start=\"2773\" data-end=\"2889\"><strong data-start=\"2773\" data-end=\"2798\">Vielseitig einsetzbar:<\/strong> Passend f\u00fcr T\u00fcren mit Doppelriegelschl\u00f6ssern, einschlie\u00dflich Systemen wie der Connect-, Modul- und Narrow Profile-Serie.<\/p>\n<\/li>\n<li class=\"\" data-start=\"2890\" data-end=\"2974\">\n<p class=\"\" data-start=\"2892\" data-end=\"2974\"><strong data-start=\"2892\" data-end=\"2912\">T\u00fcr\u00fcberwachung:<\/strong> St\u00f6\u00dfelschalter zur Anzeige, ob die T\u00fcr geschlossen oder offen ist.<\/p>\n<\/li>\n<\/ul>\n<p class=\"\" data-start=\"2976\" data-end=\"3287\"><strong data-start=\"2976\" data-end=\"2994\">Kompatibilit\u00e4t:<\/strong> Das elektrische T\u00fcrschloss ST925 ist kompatibel mit Schlossgeh\u00e4usen f\u00fcr <strong data-start=\"3043\" data-end=\"3059\">Doppelfl\u00fcgelschloss<\/strong> in den Serien Connect, Modul und Narrow Profile erh\u00e4ltlich und ist somit eine vielseitige Wahl f\u00fcr die Installation in einer Reihe von Anwendungen.<\/p>\n<p class=\"\" data-start=\"2976\" data-end=\"3287\">Es ist f\u00fcr rechts- und linksangeschlagene T\u00fcren umkehrbar und bietet so Flexibilit\u00e4t bei der Installation.<\/p>\n<p class=\"\" data-start=\"3289\" data-end=\"3312\"><strong data-start=\"3289\" data-end=\"3312\">Strombedarf:<\/strong><\/p>\n<ul data-start=\"3313\" data-end=\"3481\">\n<li class=\"\" data-start=\"3313\" data-end=\"3357\">\n<p class=\"\" data-start=\"3315\" data-end=\"3357\"><strong data-start=\"3315\" data-end=\"3328\">Stromspannung:<\/strong> 12 V oder 24 V DC \u00b115 % -10 %<\/p>\n<\/li>\n<li class=\"\" data-start=\"3358\" data-end=\"3413\">\n<p class=\"\" data-start=\"3360\" data-end=\"3413\"><strong data-start=\"3360\" data-end=\"3381\">Stromverbrauch:<\/strong> 110 mAh bei 24 V DC (max. 300 mA)<\/p>\n<\/li>\n<li class=\"\" data-start=\"3414\" data-end=\"3481\">\n<p class=\"\" data-start=\"3416\" data-end=\"3481\"><strong data-start=\"3416\" data-end=\"3432\">Kolbenkontakt:<\/strong> Mikroschalter, einpoliger Umschalter, max. 30 V DC, 1A<\/p>\n<\/li>\n<\/ul>","protected":false},"excerpt":{"rendered":"<p>Das elektrische T\u00fcr\u00f6ffnerblech ST925 (STEP 92 Preload) von STEP ist ein feuerzugelassenes elektrisches T\u00fcr\u00f6ffnerblech f\u00fcr zweifl\u00fcgelige Schl\u00f6sser mit einstellbarer Funktion, 250 kg Leistendruck und hoher Bruchfestigkeit (1200 kg).<\/p>\n<p>Perfekt f\u00fcr T\u00fcren mit automatischen T\u00fcr\u00f6ffnern oder Zuggriffen.<\/p>","protected":false},"featured_media":137289,"template":"","meta":{"_acf_changed":false},"product_brand":[],"product_cat":[3355],"product_tag":[4197,4202],"class_list":{"0":"post-92851","1":"product","2":"type-product","3":"status-publish","4":"has-post-thumbnail","6":"product_cat-elslutbleck","7":"product_tag-24v","8":"product_tag-omstallbar-rattvand-omvand","9":"product_shipping_class-tunga-paket","10":"pa_brands-step","11":"tm-no-options","13":"first","14":"instock","15":"sale","16":"taxable","17":"shipping-taxable","18":"purchasable","19":"product-type-simple"},"acf":[],"_links":{"self":[{"href":"https:\/\/secureus.se\/de\/wp-json\/wp\/v2\/product\/92851","targetHints":{"allow":["GET"]}}],"collection":[{"href":"https:\/\/secureus.se\/de\/wp-json\/wp\/v2\/product"}],"about":[{"href":"https:\/\/secureus.se\/de\/wp-json\/wp\/v2\/types\/product"}],"wp:featuredmedia":[{"embeddable":true,"href":"https:\/\/secureus.se\/de\/wp-json\/wp\/v2\/media\/137289"}],"wp:attachment":[{"href":"https:\/\/secureus.se\/de\/wp-json\/wp\/v2\/media?parent=92851"}],"wp:term":[{"taxonomy":"product_brand","embeddable":true,"href":"https:\/\/secureus.se\/de\/wp-json\/wp\/v2\/product_brand?post=92851"},{"taxonomy":"product_cat","embeddable":true,"href":"https:\/\/secureus.se\/de\/wp-json\/wp\/v2\/product_cat?post=92851"},{"taxonomy":"product_tag","embeddable":true,"href":"https:\/\/secureus.se\/de\/wp-json\/wp\/v2\/product_tag?post=92851"}],"curies":[{"name":"wp","href":"https:\/\/api.w.org\/{rel}","templated":true}]}}