{"id":92853,"date":"2024-06-16T23:12:01","date_gmt":"2024-06-16T21:12:01","guid":{"rendered":"https:\/\/secureus.se\/?post_type=product&#038;p=92853"},"modified":"2026-02-20T11:43:32","modified_gmt":"2026-02-20T10:43:32","slug":"elslutbleck-st405-step-40-preload","status":"publish","type":"product","link":"https:\/\/secureus.se\/de\/elslutbleck-st405-step-40-preload\/","title":{"rendered":"Elektrische Endplatte ST405 STEP 40 Vorspannung"},"content":{"rendered":"<h1>Elektrische Endplatte ST405 STEP 40 Vorspannung<\/h1>\n<p class=\"\" data-start=\"719\" data-end=\"1214\">Der elektrische T\u00fcr\u00f6ffner ST405 (STEP 40 Preload) ist Teil der Preload-Serie von STEP und bietet eine Kombination aus minimalen Abmessungen und hoher Leistung, wodurch er sich perfekt f\u00fcr den Tagesverschluss an T\u00fcren mit normalen Sicherheitsanforderungen eignet.<\/p>\n<p class=\"\" data-start=\"719\" data-end=\"1214\">Dieser T\u00fcr\u00f6ffner ist mit der patentierten Streifendrucktechnologie von STEP ausgestattet und kann somit T\u00fcren mit einer Druckkraft von bis zu 250 kg (2,5 kN) \u00f6ffnen.<\/p>\n<p class=\"\" data-start=\"719\" data-end=\"1214\">Dies ist insbesondere bei T\u00fcren sinnvoll, die in Geb\u00e4uden einem \u00dcberdruck ausgesetzt sind oder wenn Kies oder Schnee den T\u00fcrspalt blockieren.<\/p>\n<p class=\"\" data-start=\"1216\" data-end=\"1647\">Die Vorspannung von STEP 40 ist au\u00dferdem sehr zuverl\u00e4ssig und wurde auf ihre Best\u00e4ndigkeit gegen\u00fcber einer hohen \u00d6ffnungsfrequenz getestet. Es verf\u00fcgt \u00fcber eine Bruchfestigkeit von 1.200 kg (12 kN), ist somit robust genug, um hohen Belastungen standzuhalten und ist auf bis zu 1.500.000 \u00d6ffnungszyklen getestet.<\/p>\n<p class=\"\" data-start=\"1216\" data-end=\"1647\">Seine patentierte Technologie und der geringe Stromverbrauch von nur 110 mAh bei 24 V machen ihn zu einer energieeffizienten L\u00f6sung, die einen langfristigen Einsatz ohne Ausfallzeiten erm\u00f6glicht.<\/p>\n<p class=\"\" data-start=\"1649\" data-end=\"2049\">Eine der flexibelsten Funktionen des ST405 ist seine Umschaltfunktion.<\/p>\n<p class=\"\" data-start=\"1649\" data-end=\"2049\">Er ist sowohl im Vorw\u00e4rts- als auch im R\u00fcckw\u00e4rtsbetrieb (stromlos verriegelt bzw. entriegelt) einsetzbar, sodass der T\u00fcr\u00f6ffner bei der Montage problemlos an die jeweiligen T\u00fcranforderungen angepasst werden kann.<\/p>\n<p class=\"\" data-start=\"1649\" data-end=\"2049\">Dar\u00fcber hinaus ist es umkehrbar und passt sowohl an rechts- als auch an linksangeschlagene T\u00fcren, was die Installation noch einfacher und flexibler macht.<\/p>\n<p class=\"\" data-start=\"2051\" data-end=\"2351\">Der T\u00fcr\u00f6ffner ist mit einem Kolbenkontakt ausgestattet, der eine Anzeige erm\u00f6glicht, ob die T\u00fcr geschlossen oder ge\u00f6ffnet ist, was f\u00fcr die T\u00fcr\u00fcberwachung n\u00fctzlich sein kann.<\/p>\n<p class=\"\" data-start=\"2051\" data-end=\"2351\">Die eingebaute Schutzdiode verhindert bei m\u00f6glichen Spannungsspitzen eine Besch\u00e4digung elektrischer Ger\u00e4te, wie beispielsweise Codeschl\u00f6sser oder Kartenleser.<\/p>\n<p class=\"\" data-start=\"2353\" data-end=\"2383\"><strong data-start=\"2353\" data-end=\"2383\">Hauptmerkmale und Vorteile:<\/strong><\/p>\n<ul data-start=\"2384\" data-end=\"2907\">\n<li class=\"\" data-start=\"2384\" data-end=\"2467\">\n<p class=\"\" data-start=\"2386\" data-end=\"2467\"><strong data-start=\"2386\" data-end=\"2410\">Umschaltbare Funktion:<\/strong> Sowohl die Vorw\u00e4rts- als auch die R\u00fcckw\u00e4rtsfunktion sorgen f\u00fcr mehr Flexibilit\u00e4t.<\/p>\n<\/li>\n<li class=\"\" data-start=\"2468\" data-end=\"2537\">\n<p class=\"\" data-start=\"2470\" data-end=\"2537\"><strong data-start=\"2470\" data-end=\"2491\">Liste der Drucktechnologien:<\/strong> \u00d6ffnet die T\u00fcr trotz Druck von bis zu 250 kg.<\/p>\n<\/li>\n<li class=\"\" data-start=\"2538\" data-end=\"2688\">\n<p class=\"\" data-start=\"2540\" data-end=\"2688\"><strong data-start=\"2540\" data-end=\"2564\">Hohe Zugfestigkeit:<\/strong> H\u00e4lt bis zu 1.200 kg (12 kN) stand und ist somit eine robuste Option f\u00fcr T\u00fcren, die hohen Belastungen ausgesetzt sind.<\/p>\n<\/li>\n<li class=\"\" data-start=\"2689\" data-end=\"2756\">\n<p class=\"\" data-start=\"2691\" data-end=\"2756\"><strong data-start=\"2691\" data-end=\"2710\">Hohe Haltbarkeit:<\/strong> Getestet f\u00fcr bis zu 1.500.000 \u00d6ffnungszyklen.<\/p>\n<\/li>\n<li class=\"\" data-start=\"2757\" data-end=\"2840\">\n<p class=\"\" data-start=\"2759\" data-end=\"2840\"><strong data-start=\"2759\" data-end=\"2785\">Schutz gegen Transienten:<\/strong> Eingebaute Schutzdiode zum Schutz vor Spannungsspitzen.<\/p>\n<\/li>\n<li class=\"\" data-start=\"2841\" data-end=\"2907\">\n<p class=\"\" data-start=\"2843\" data-end=\"2907\"><strong data-start=\"2843\" data-end=\"2862\">Wendbares Design:<\/strong> Passt sowohl auf rechte als auch auf linke T\u00fcren.<\/p>\n<\/li>\n<\/ul>\n<p class=\"\" data-start=\"2909\" data-end=\"3191\"><strong data-start=\"2909\" data-end=\"2927\">Kompatibilit\u00e4t:<\/strong> Der elektrische T\u00fcr\u00f6ffner ST405 (STEP 40 Preload) ist sowohl mit Einzelriegel- als auch mit Doppelriegelschl\u00f6ssern kompatibel und eignet sich daher f\u00fcr zahlreiche T\u00fcranwendungen.<\/p>\n<p class=\"\" data-start=\"2909\" data-end=\"3191\">Dar\u00fcber hinaus ist es f\u00fcr T\u00fcren mit normalen Sicherheitsanforderungen geeignet und kann sowohl an rechts als auch an links angeschlagenen T\u00fcren montiert werden.<\/p>\n<p class=\"\" data-start=\"3193\" data-end=\"3216\"><strong data-start=\"3193\" data-end=\"3216\">Strombedarf:<\/strong><\/p>\n<ul data-start=\"3217\" data-end=\"3385\">\n<li class=\"\" data-start=\"3217\" data-end=\"3261\">\n<p class=\"\" data-start=\"3219\" data-end=\"3261\"><strong data-start=\"3219\" data-end=\"3232\">Stromspannung:<\/strong> 12 V oder 24 V DC \u00b115 % -10 %<\/p>\n<\/li>\n<li class=\"\" data-start=\"3262\" data-end=\"3317\">\n<p class=\"\" data-start=\"3264\" data-end=\"3317\"><strong data-start=\"3264\" data-end=\"3285\">Stromverbrauch:<\/strong> 110 mAh bei 24 V DC (max. 300 mA)<\/p>\n<\/li>\n<li class=\"\" data-start=\"3318\" data-end=\"3385\">\n<p class=\"\" data-start=\"3320\" data-end=\"3385\"><strong data-start=\"3320\" data-end=\"3336\">Kolbenkontakt:<\/strong> Mikroschalter, einpoliger Umschalter, max. 30 V DC, 1A<\/p>\n<\/li>\n<\/ul>","protected":false},"excerpt":{"rendered":"<p>Der Elektro-T\u00fcr\u00f6ffner ST405 (STEP 40 Preload) von STEP ist ein Hochleistungs-Elektro-T\u00fcr\u00f6ffner mit einstellbarer Funktion und Streifendrucktechnologie, der bis zu 250 kg Druck und 1200 kg Bruchkraft aush\u00e4lt.<\/p>\n<p>Ideal f\u00fcr T\u00fcren mit normalen Sicherheitsanforderungen.<\/p>","protected":false},"featured_media":137558,"template":"","meta":{"_acf_changed":false},"product_brand":[],"product_cat":[3355],"product_tag":[4197,4202],"class_list":{"0":"post-92853","1":"product","2":"type-product","3":"status-publish","4":"has-post-thumbnail","6":"product_cat-elslutbleck","7":"product_tag-24v","8":"product_tag-omstallbar-rattvand-omvand","9":"product_shipping_class-tunga-paket","10":"pa_brands-step","11":"tm-no-options","13":"first","14":"instock","15":"sale","16":"taxable","17":"shipping-taxable","18":"purchasable","19":"product-type-simple"},"acf":[],"_links":{"self":[{"href":"https:\/\/secureus.se\/de\/wp-json\/wp\/v2\/product\/92853","targetHints":{"allow":["GET"]}}],"collection":[{"href":"https:\/\/secureus.se\/de\/wp-json\/wp\/v2\/product"}],"about":[{"href":"https:\/\/secureus.se\/de\/wp-json\/wp\/v2\/types\/product"}],"wp:featuredmedia":[{"embeddable":true,"href":"https:\/\/secureus.se\/de\/wp-json\/wp\/v2\/media\/137558"}],"wp:attachment":[{"href":"https:\/\/secureus.se\/de\/wp-json\/wp\/v2\/media?parent=92853"}],"wp:term":[{"taxonomy":"product_brand","embeddable":true,"href":"https:\/\/secureus.se\/de\/wp-json\/wp\/v2\/product_brand?post=92853"},{"taxonomy":"product_cat","embeddable":true,"href":"https:\/\/secureus.se\/de\/wp-json\/wp\/v2\/product_cat?post=92853"},{"taxonomy":"product_tag","embeddable":true,"href":"https:\/\/secureus.se\/de\/wp-json\/wp\/v2\/product_tag?post=92853"}],"curies":[{"name":"wp","href":"https:\/\/api.w.org\/{rel}","templated":true}]}}