{"id":92855,"date":"2024-06-16T23:12:02","date_gmt":"2024-06-16T21:12:02","guid":{"rendered":"https:\/\/secureus.se\/?post_type=product&#038;p=92855"},"modified":"2026-04-08T16:37:52","modified_gmt":"2026-04-08T14:37:52","slug":"elslutbleck-es-17m-rattvand","status":"publish","type":"product","link":"https:\/\/secureus.se\/de\/elslutbleck-es-17m-rattvand\/","title":{"rendered":"Elektrische Endplatte ES 17M Rechtsgerichtet"},"content":{"rendered":"<h1>Elektrische Endplatte ES 17M Rechtsgerichtet<\/h1>\n<p class=\"\" data-start=\"708\" data-end=\"1045\">Der Elektro-T\u00fcr\u00f6ffner ES 17M von SAFETRON ist ein Standard-Elektro-T\u00fcr\u00f6ffner, der hohe Leistung mit kompakter Bauweise vereint und sich somit optimal f\u00fcr T\u00fcren mit normalen Sicherheitsanforderungen eignet.<\/p>\n<p class=\"\" data-start=\"708\" data-end=\"1045\">Es eignet sich besonders f\u00fcr den Einsatz im Rohbauschutz, Innenverriegelungsbereich in Gewerbe, B\u00fcro und Industrie sowie in Eing\u00e4ngen und \u00f6ffentlichen Bereichen von Mehrfamilienh\u00e4usern.<\/p>\n<p class=\"\" data-start=\"1047\" data-end=\"1580\">Eines der herausragendsten Features des ES 17M ist die innovative Leistendrucktechnik, die ein \u00d6ffnen des T\u00fcr\u00f6ffners auch bei einer T\u00fcrdruckbelastung von bis zu 150 kg erm\u00f6glicht.<\/p>\n<p class=\"\" data-start=\"1047\" data-end=\"1580\">Dies ist insbesondere dann sinnvoll, wenn die T\u00fcr Druckbelastungen ausgesetzt ist, die beispielsweise durch zu hohen Geb\u00e4udedruck, Schnee oder Kies, der in den T\u00fcrspalt gelangt, oder durch eine leichte Schiefstellung der T\u00fcr verursacht werden.<\/p>\n<p class=\"\" data-start=\"1047\" data-end=\"1580\">Streifendruck ist ein h\u00e4ufiges Problem, das zu Ausfallzeiten f\u00fchren kann. Mit dem ES 17M werden diese Probleme jedoch beseitigt und sichergestellt, dass die T\u00fcr unter allen Bedingungen reibungslos funktioniert.<\/p>\n<p class=\"\" data-start=\"1582\" data-end=\"2080\">Die geringe Gr\u00f6\u00dfe des elektrischen T\u00fcr\u00f6ffners erm\u00f6glicht zudem eine flexible Montage. Es passt in nahezu jede Nische, die f\u00fcr Standard-Elektroplatten vorbereitet ist, und kann an T\u00fcren mit einem 150-mm-T\u00fcrrahmenbeschlag installiert werden, wodurch es sich ideal f\u00fcr Innent\u00fcren eignet.<\/p>\n<p class=\"\" data-start=\"1582\" data-end=\"2080\">Dar\u00fcber hinaus ist das elektrische T\u00fcr\u00f6ffnerblech mit einem Manipulationsschutz aus Edelstahl ausgestattet, der im Falle eines Sturzes den Zugriff auf das Anschlusskabel durch das Pfostenloch verhindert und so sowohl f\u00fcr zus\u00e4tzliche Sicherheit als auch f\u00fcr eine \u00e4sthetisch ansprechende Optik sorgt.<\/p>\n<p class=\"\" data-start=\"2082\" data-end=\"2403\">Der ES 17M hat au\u00dferdem einen geringen Stromverbrauch von nur 35 mA bei 24 VDC und 60 mA bei 12 VDC, was ihn energieeffizient und wirtschaftlich macht.<\/p>\n<p class=\"\" data-start=\"2082\" data-end=\"2403\">Au\u00dferdem ist er serienm\u00e4\u00dfig mit einem St\u00f6\u00dfelschalter ausgestattet, der eine Anzeige erm\u00f6glicht, ob die T\u00fcr geschlossen oder offen ist \u2013 eine praktische Funktion f\u00fcr \u00dcberwachung und Sicherheit.<\/p>\n<p class=\"\" data-start=\"2405\" data-end=\"2435\"><strong data-start=\"2405\" data-end=\"2435\">Hauptmerkmale und Vorteile:<\/strong><\/p>\n<ul data-start=\"2436\" data-end=\"3028\">\n<li class=\"\" data-start=\"2436\" data-end=\"2549\">\n<p class=\"\" data-start=\"2438\" data-end=\"2549\"><strong data-start=\"2438\" data-end=\"2459\">Liste der Drucktechnologien:<\/strong> \u00d6ffnet sich selbst bei einer Druckbelastung von bis zu 150 kg und verhindert so Ausfallzeiten.<\/p>\n<\/li>\n<li class=\"\" data-start=\"2550\" data-end=\"2628\">\n<p class=\"\" data-start=\"2552\" data-end=\"2628\"><strong data-start=\"2552\" data-end=\"2571\">Kompaktes Design:<\/strong> Passt in Standardsteckdosen und erm\u00f6glicht eine einfache Installation.<\/p>\n<\/li>\n<li class=\"\" data-start=\"2629\" data-end=\"2717\">\n<p class=\"\" data-start=\"2631\" data-end=\"2717\"><strong data-start=\"2631\" data-end=\"2647\">Kolbenkontakt:<\/strong> Standard-Mikroschalter zur Anzeige des T\u00fcrstatus (geschlossen\/offen).<\/p>\n<\/li>\n<li class=\"\" data-start=\"2718\" data-end=\"2807\">\n<p class=\"\" data-start=\"2720\" data-end=\"2807\"><strong data-start=\"2720\" data-end=\"2745\">Geringer Stromverbrauch:<\/strong> 35 mA bei 24 VDC und 60 mA bei 12 VDC f\u00fcr energieeffizienten Betrieb.<\/p>\n<\/li>\n<li class=\"\" data-start=\"2808\" data-end=\"2910\">\n<p class=\"\" data-start=\"2810\" data-end=\"2910\"><strong data-start=\"2810\" data-end=\"2828\">Hohe Haltekraft:<\/strong> H\u00e4lt bis zu 1500 kg (15 kN) stand und ist somit eine robuste Wahl f\u00fcr mehr Sicherheit.<\/p>\n<\/li>\n<li class=\"\" data-start=\"2911\" data-end=\"3028\">\n<p class=\"\" data-start=\"2913\" data-end=\"3028\"><strong data-start=\"2913\" data-end=\"2946\">Rostfreier Manipulationsschutz:<\/strong> Verhindert den Zugriff auf das Anschlusskabel und verbessert die \u00c4sthetik der Installation.<\/p>\n<\/li>\n<\/ul>\n<p class=\"\" data-start=\"3030\" data-end=\"3266\"><strong data-start=\"3030\" data-end=\"3048\">Kompatibilit\u00e4t:<\/strong> Der elektrische T\u00fcr\u00f6ffner ES 17M ist sowohl mit Einfallen- als auch mit Doppelfallenschl\u00f6ssern kompatibel und f\u00fcr T\u00fcren mit normalen Sicherheitsanforderungen konzipiert.<\/p>\n<p class=\"\" data-start=\"3030\" data-end=\"3266\">Sein vielseitiges Design erm\u00f6glicht die Installation sowohl an rechts- als auch an linksangeschlagenen T\u00fcren.<\/p>\n<p class=\"\" data-start=\"3268\" data-end=\"3291\"><strong data-start=\"3268\" data-end=\"3291\">Strombedarf:<\/strong><\/p>\n<ul data-start=\"3292\" data-end=\"3426\">\n<li class=\"\" data-start=\"3292\" data-end=\"3326\">\n<p class=\"\" data-start=\"3294\" data-end=\"3326\"><strong data-start=\"3294\" data-end=\"3307\">Stromspannung:<\/strong> 12 \u2013 24 V DC \u00b110 %<\/p>\n<\/li>\n<li class=\"\" data-start=\"3327\" data-end=\"3385\">\n<p class=\"\" data-start=\"3329\" data-end=\"3385\"><strong data-start=\"3329\" data-end=\"3350\">Stromverbrauch:<\/strong> 35 mA bei 24 VDC, 60 mA bei 12 VDC<\/p>\n<\/li>\n<li class=\"\" data-start=\"3386\" data-end=\"3426\">\n<p class=\"\" data-start=\"3388\" data-end=\"3426\"><strong data-start=\"3388\" data-end=\"3405\">Mikroschalter:<\/strong> Max. 30 V DC, 500 mA<\/p>\n<\/li>\n<\/ul>","protected":false},"excerpt":{"rendered":"<p>Der T\u00fcr\u00f6ffner ES 17M von SAFETRON ist ein kompakter T\u00fcr\u00f6ffner mit Leistendrucktechnik, perfekt f\u00fcr T\u00fcren mit normalen Sicherheitsanforderungen.<\/p>\n<p>Durch die Rechtslauffunktion, den Kolbenkontakt und den geringen Stromverbrauch von 35 mA ist er ideal f\u00fcr die Innenverriegelung geeignet.<\/p>","protected":false},"featured_media":138000,"template":"","meta":{"_acf_changed":false},"product_brand":[],"product_cat":[3355],"product_tag":[4196,4200],"class_list":{"0":"post-92855","1":"product","2":"type-product","3":"status-publish","4":"has-post-thumbnail","6":"product_cat-elslutbleck","7":"product_tag-12-24v","8":"product_tag-rattvand","9":"product_shipping_class-tunga-paket","10":"pa_brands-7safetron","11":"pa_farg-zink","12":"tm-no-options","14":"first","15":"instock","16":"sale","17":"taxable","18":"shipping-taxable","19":"purchasable","20":"product-type-simple"},"acf":[],"_links":{"self":[{"href":"https:\/\/secureus.se\/de\/wp-json\/wp\/v2\/product\/92855","targetHints":{"allow":["GET"]}}],"collection":[{"href":"https:\/\/secureus.se\/de\/wp-json\/wp\/v2\/product"}],"about":[{"href":"https:\/\/secureus.se\/de\/wp-json\/wp\/v2\/types\/product"}],"wp:featuredmedia":[{"embeddable":true,"href":"https:\/\/secureus.se\/de\/wp-json\/wp\/v2\/media\/138000"}],"wp:attachment":[{"href":"https:\/\/secureus.se\/de\/wp-json\/wp\/v2\/media?parent=92855"}],"wp:term":[{"taxonomy":"product_brand","embeddable":true,"href":"https:\/\/secureus.se\/de\/wp-json\/wp\/v2\/product_brand?post=92855"},{"taxonomy":"product_cat","embeddable":true,"href":"https:\/\/secureus.se\/de\/wp-json\/wp\/v2\/product_cat?post=92855"},{"taxonomy":"product_tag","embeddable":true,"href":"https:\/\/secureus.se\/de\/wp-json\/wp\/v2\/product_tag?post=92855"}],"curies":[{"name":"wp","href":"https:\/\/api.w.org\/{rel}","templated":true}]}}