{"id":92857,"date":"2024-06-16T23:12:02","date_gmt":"2024-06-16T21:12:02","guid":{"rendered":"https:\/\/secureus.se\/?post_type=product&#038;p=92857"},"modified":"2026-04-28T12:55:31","modified_gmt":"2026-04-28T10:55:31","slug":"elslutbleck-st400-step-40-preload","status":"publish","type":"product","link":"https:\/\/secureus.se\/de\/elslutbleck-st400-step-40-preload\/","title":{"rendered":"Elektrische Anschlussplatte ST400 STEP 40 Vorspannung"},"content":{"rendered":"<h1>Elektrische Anschlussplatte ST400 STEP 40 Vorspannung<\/h1>\n<p class=\"\" data-start=\"673\" data-end=\"1128\">Der elektrische T\u00fcr\u00f6ffner STEP 40 Preload ist Teil der Preload-Serie von STEP und bietet einen hohen Standard f\u00fcr die Tagesverriegelung.<\/p>\n<p class=\"\" data-start=\"673\" data-end=\"1128\">Mit einer Kombination aus minimaler Gr\u00f6\u00dfe und sehr hoher Leistung ist dieser elektrische T\u00fcr\u00f6ffner die perfekte Wahl f\u00fcr T\u00fcren mit normalen Sicherheitsanforderungen.<\/p>\n<p class=\"\" data-start=\"673\" data-end=\"1128\">Die patentierte Streifendrucktechnologie erm\u00f6glicht das Entriegeln der T\u00fcr selbst bei einer Druckbelastung von bis zu 250 kg und ist somit eine zuverl\u00e4ssige Wahl f\u00fcr T\u00fcren, die Druck oder Hindernissen ausgesetzt sein k\u00f6nnen.<\/p>\n<p class=\"\" data-start=\"1130\" data-end=\"1595\">Eines der herausragendsten Merkmale des STEP 40 Preload ist seine Umschaltfunktion. Dadurch kann der T\u00fcr\u00f6ffner bei der Montage an unterschiedliche T\u00fcrarten und Einsatzzwecke angepasst werden.<\/p>\n<p class=\"\" data-start=\"1130\" data-end=\"1595\">Dies bietet sowohl Flexibilit\u00e4t als auch geringere Handhabungskosten bei Installation und Nutzung. Der elektrische T\u00fcr\u00f6ffner verf\u00fcgt \u00fcber eine R\u00fcckw\u00e4rtsfunktion, d. h. er ist in der stromlosen Position verriegelt, eine wichtige Sicherheitsfunktion, um die T\u00fcr bei Stromausfall geschlossen zu halten.<\/p>\n<p class=\"\" data-start=\"1597\" data-end=\"2004\">Um die Installation zu erleichtern, verf\u00fcgt der elektrische T\u00fcr\u00f6ffner \u00fcber ein reversibles Design, das hei\u00dft, er funktioniert sowohl bei rechts- als auch bei linksangeschlagenen T\u00fcren.<\/p>\n<p class=\"\" data-start=\"1597\" data-end=\"2004\">Dar\u00fcber hinaus ist es mit einem St\u00f6\u00dfelschalter ausgestattet, der anzeigen kann, ob die T\u00fcr geschlossen oder offen ist \u2013 eine praktische Funktion zur \u00dcberwachung und Sicherheit.<\/p>\n<p class=\"\" data-start=\"1597\" data-end=\"2004\">Dar\u00fcber hinaus verf\u00fcgt es \u00fcber eine Bruchfestigkeit von bis zu 1.200 kg (12 kN) und ist somit eine sehr robuste L\u00f6sung.<\/p>\n<p class=\"\" data-start=\"2006\" data-end=\"2326\">STEP 40 Preload ist werkseitig auf eine Best\u00e4ndigkeit von bis zu 1.500.000 \u00d6ffnungszyklen getestet und wurde auf hohe Haltbarkeit und Verschlei\u00dffestigkeit gepr\u00fcft.<\/p>\n<p class=\"\" data-start=\"2006\" data-end=\"2326\">Zum Schutz der Elektronik vor Transienten (Spannungsspitzen) ist eine Schutzdiode eingebaut, die eine Besch\u00e4digung elektronischer Bauteile wie Codeschl\u00f6sser oder Kartenleser verhindert.<\/p>\n<p class=\"\" data-start=\"2328\" data-end=\"2358\"><strong data-start=\"2328\" data-end=\"2358\">Hauptmerkmale und Vorteile:<\/strong><\/p>\n<ul data-start=\"2359\" data-end=\"2843\">\n<li class=\"\" data-start=\"2359\" data-end=\"2451\">\n<p class=\"\" data-start=\"2361\" data-end=\"2451\"><strong data-start=\"2361\" data-end=\"2393\">Patentierte Streifendrucktechnologie:<\/strong> Erm\u00f6glicht das \u00d6ffnen der T\u00fcr trotz Druck von bis zu 250 kg.<\/p>\n<\/li>\n<li class=\"\" data-start=\"2452\" data-end=\"2517\">\n<p class=\"\" data-start=\"2454\" data-end=\"2517\"><strong data-start=\"2454\" data-end=\"2476\">Richtige Funktion:<\/strong> F\u00fcr erh\u00f6hte Sicherheit in stromloser Position verriegelt.<\/p>\n<\/li>\n<li class=\"\" data-start=\"2518\" data-end=\"2597\">\n<p class=\"\" data-start=\"2520\" data-end=\"2597\"><strong data-start=\"2520\" data-end=\"2536\">Kolbenkontakt:<\/strong> Mikroschalter zur Anzeige des T\u00fcrstatus (geschlossen\/offen).<\/p>\n<\/li>\n<li class=\"\" data-start=\"2598\" data-end=\"2678\">\n<p class=\"\" data-start=\"2600\" data-end=\"2678\"><strong data-start=\"2600\" data-end=\"2624\">Hohe Zugfestigkeit:<\/strong> H\u00e4lt bis zu 1.200 kg (12 kN) f\u00fcr robuste Sicherheit.<\/p>\n<\/li>\n<li class=\"\" data-start=\"2679\" data-end=\"2764\">\n<p class=\"\" data-start=\"2681\" data-end=\"2764\"><strong data-start=\"2681\" data-end=\"2703\">Gepr\u00fcfte Haltbarkeit:<\/strong> Im Werk f\u00fcr 1.500.000 Zyklen auf Langzeitgebrauch getestet.<\/p>\n<\/li>\n<li class=\"\" data-start=\"2765\" data-end=\"2843\">\n<p class=\"\" data-start=\"2767\" data-end=\"2843\"><strong data-start=\"2767\" data-end=\"2793\">Flexible Installation:<\/strong> Umkehrbar f\u00fcr rechts- und linksangeschlagene T\u00fcren.<\/p>\n<\/li>\n<\/ul>\n<p class=\"\" data-start=\"2845\" data-end=\"3118\"><strong data-start=\"2845\" data-end=\"2863\">Kompatibilit\u00e4t:<\/strong> Der elektrische T\u00fcr\u00f6ffner STEP 40 Preload ist sowohl mit Einfallen- als auch mit Doppelfallenschl\u00f6ssern kompatibel und eignet sich f\u00fcr T\u00fcren mit normalen Sicherheitsanforderungen.<\/p>\n<p class=\"\" data-start=\"2845\" data-end=\"3118\">Durch seine Verstellfunktion ist er f\u00fcr die unterschiedlichsten T\u00fcren und Einsatzbereiche vom B\u00fcro bis zur Industrie geeignet.<\/p>\n<p class=\"\" data-start=\"3120\" data-end=\"3143\"><strong data-start=\"3120\" data-end=\"3143\">Strombedarf:<\/strong><\/p>\n<ul data-start=\"3144\" data-end=\"3315\">\n<li class=\"\" data-start=\"3144\" data-end=\"3189\">\n<p class=\"\" data-start=\"3146\" data-end=\"3189\"><strong data-start=\"3146\" data-end=\"3159\">Stromspannung:<\/strong> 12 V oder 24 V DC \u00b115 % \u2013 10 %<\/p>\n<\/li>\n<li class=\"\" data-start=\"3190\" data-end=\"3245\">\n<p class=\"\" data-start=\"3192\" data-end=\"3245\"><strong data-start=\"3192\" data-end=\"3213\">Stromverbrauch:<\/strong> 110 mAh bei 24 V DC (max. 300 mA)<\/p>\n<\/li>\n<li class=\"\" data-start=\"3246\" data-end=\"3315\">\n<p class=\"\" data-start=\"3248\" data-end=\"3315\"><strong data-start=\"3248\" data-end=\"3264\">Kolbenkontakt:<\/strong> Mikroschalter, einpoliger Wechsler, max. 30 V Gleichstrom, 1 A.<\/p>\n<\/li>\n<\/ul>\n<div class=\"col-xs-12 col-md-6\">\n<div id=\"article-description\" class=\"main-content row\">\n<div class=\"col-xs-12 col-md-12\">\n<div class=\"mt-sm\">\n<div class=\"article-description mb-sm\">\n<div><\/div>\n<\/div>\n<\/div>\n<\/div>\n<\/div>\n<\/div>\n<div class=\"col-xs-12 col-md-6\">\n<div class=\"row spec-item-row\">\n<div class=\"col-xs-12 col-sm-6\"><\/div>\n<\/div>\n<\/div>","protected":false},"excerpt":{"rendered":"<p>Das elektrische T\u00fcr\u00f6ffnerblech STEP 40 Preload von STEP ist f\u00fcr die Tagesverriegelung mit hoher Betriebssicherheit und minimaler Baugr\u00f6\u00dfe konzipiert.<\/p>\n<p>Ausgestattet mit einer Leistendrucktechnik, die einem Druck von bis zu 250 kg standh\u00e4lt, sowie einem Kolbenkontakt zur T\u00fcrerkennung.<\/p>","protected":false},"featured_media":137994,"template":"","meta":{"_acf_changed":false},"product_brand":[],"product_cat":[3355],"product_tag":[4197],"class_list":{"0":"post-92857","1":"product","2":"type-product","3":"status-publish","4":"has-post-thumbnail","6":"product_cat-elslutbleck","7":"product_tag-24v","8":"product_shipping_class-tunga-paket","9":"pa_brands-step","10":"tm-no-options","12":"first","13":"onbackorder","14":"sale","15":"taxable","16":"shipping-taxable","17":"purchasable","18":"product-type-simple"},"acf":[],"_links":{"self":[{"href":"https:\/\/secureus.se\/de\/wp-json\/wp\/v2\/product\/92857","targetHints":{"allow":["GET"]}}],"collection":[{"href":"https:\/\/secureus.se\/de\/wp-json\/wp\/v2\/product"}],"about":[{"href":"https:\/\/secureus.se\/de\/wp-json\/wp\/v2\/types\/product"}],"wp:featuredmedia":[{"embeddable":true,"href":"https:\/\/secureus.se\/de\/wp-json\/wp\/v2\/media\/137994"}],"wp:attachment":[{"href":"https:\/\/secureus.se\/de\/wp-json\/wp\/v2\/media?parent=92857"}],"wp:term":[{"taxonomy":"product_brand","embeddable":true,"href":"https:\/\/secureus.se\/de\/wp-json\/wp\/v2\/product_brand?post=92857"},{"taxonomy":"product_cat","embeddable":true,"href":"https:\/\/secureus.se\/de\/wp-json\/wp\/v2\/product_cat?post=92857"},{"taxonomy":"product_tag","embeddable":true,"href":"https:\/\/secureus.se\/de\/wp-json\/wp\/v2\/product_tag?post=92857"}],"curies":[{"name":"wp","href":"https:\/\/api.w.org\/{rel}","templated":true}]}}