{"id":93164,"date":"2024-06-20T14:15:38","date_gmt":"2024-06-20T12:15:38","guid":{"rendered":"https:\/\/secureus.se\/magnetiskt-faste-for-brandlarm-universell-montering\/"},"modified":"2026-01-19T13:46:53","modified_gmt":"2026-01-19T12:46:53","slug":"magnetiskt-faste-brandlarm-universell-montering","status":"publish","type":"product","link":"https:\/\/secureus.se\/de\/magnetiskt-faste-brandlarm-universell-montering\/","title":{"rendered":"Magnetische Halterung f\u00fcr Feuermelder \u2013 universelle Montage"},"content":{"rendered":"<p>Die Magnethalterung f\u00fcr Feuermelder ist die perfekte L\u00f6sung f\u00fcr die schnelle und sichere Montage von Feuermeldern und Rauchmeldern. Diese Universalhalterung ist mit allen Arten von Feuermeldern kompatibel und erm\u00f6glicht eine werkzeuglose Installation. Mit starken Klebepads und leistungsstarken Neodym-Magneten k\u00f6nnen Sie Ihren Feuermelder in wenigen Minuten montieren, ohne bohren oder die Decke besch\u00e4digen zu m\u00fcssen.<\/p>\n<h4>Funktionen und Vorteile<\/h4>\n<ul>\n<li><strong>Selbstklebende Montage \u2013 kein Bohren:<\/strong> Befestigen Sie die Platte mit dem Klebestreifen an der Decke und mit der Magnethalterung am Feuermelder. Dadurch wird das Risiko einer Besch\u00e4digung m\u00f6glicherweise in der Decke befindlicher Kabel verringert.<\/li>\n<li><strong>Schnelle und einfache Montage \u2013 universell einsetzbar:<\/strong> Die Magnetverschl\u00fcsse lassen sich ohne Werkzeug anbringen. Die Oberfl\u00e4che Ihres Feuermelders muss eben sein und einen Durchmesser von mindestens 70 mm haben.<\/li>\n<li><strong>Extra starker Kleber:<\/strong> Selbstklebende Pads und zwei starke Neodym-Magnete erm\u00f6glichen die Verwendung der Halterung f\u00fcr Feuermelder und Kohlenmonoxidmelder.<\/li>\n<li><strong>Einfacher Batteriewechsel:<\/strong> Diese magnetischen Halterungen erleichtern die Durchf\u00fchrung von Funktionstests und den Batteriewechsel.<\/li>\n<li><strong>Im Lieferumfang ist enthalten:<\/strong> 1 x Universal-Magnethalterung f\u00fcr Feuermelder, 70 mm Durchmesser, zum Kleben oder Schrauben.<\/li>\n<\/ul>\n<h3>Einsatzgebiete<\/h3>\n<ul>\n<li><strong>Residenzen:<\/strong> Ideal f\u00fcr die Installation von Feuermeldern und Rauchmeldern im Haus, ohne L\u00f6cher in die Decke bohren zu m\u00fcssen.<\/li>\n<li><strong>B\u00fcro- und Gewerbeimmobilien:<\/strong> Ideal f\u00fcr B\u00fcros und Gewerbegeb\u00e4ude, in denen eine schnelle und einfache Installation erforderlich ist.<\/li>\n<li><strong>Mietobjekte:<\/strong> Eine hervorragende L\u00f6sung f\u00fcr Mietobjekte, bei denen Sie keine dauerhaften Ver\u00e4nderungen am Dach vornehmen m\u00f6chten.<\/li>\n<\/ul>\n<h3>Einfache Installationsanleitung<\/h3>\n<ol>\n<li><strong>Bereiten Sie die Oberfl\u00e4che vor:<\/strong> Stellen Sie sicher, dass die Deckenoberfl\u00e4che sauber und trocken ist, bevor Sie den Selbstklebestreifen anbringen.<\/li>\n<li><strong>Befestigen Sie die Platte an der Decke:<\/strong> Benutzen Sie den selbstklebenden Streifen, um die Tr\u00e4gerplatte auf dem Dach zu befestigen.<\/li>\n<li><strong>Befestigen Sie den Magneten am Feuermelder:<\/strong> Kleben Sie das Metallteil auf die R\u00fcckseite Ihres Feuermelders.<\/li>\n<li><strong>Montieren Sie den Feuermelder:<\/strong> Platzieren Sie den Feuermelder mit dem angebrachten Magneten an der Platte auf dem Dach. \u00dcberpr\u00fcfen Sie den festen Sitz.<\/li>\n<\/ol>\n<h3>Technische Spezifikation<\/h3>\n<ul>\n<li><strong>Durchmesser:<\/strong> 70 mm<\/li>\n<li><strong>Kompatibilit\u00e4t:<\/strong> Alle Arten von Feuermeldern und Rauchmeldern mit einer ebenen Fl\u00e4che von mindestens 70 mm Durchmesser<\/li>\n<\/ul>\n<h3>Vorteile der selbstklebenden Magnethalterung<\/h3>\n<ul>\n<li><strong>Einfache und unkomplizierte Installation:<\/strong> F\u00fcr eine saubere und gerade Installation ist es nicht erforderlich, L\u00f6cher auszurichten.<\/li>\n<li><strong>Kein Bohren:<\/strong> Ideal f\u00fcr feste D\u00e4cher wie Beton, bei denen das Bohren schwierig oder unerw\u00fcnscht sein kann.<\/li>\n<li><strong>Schnelle Installation:<\/strong> L\u00e4sst sich in wenigen Minuten ohne Werkzeug zusammenbauen.<\/li>\n<\/ul>","protected":false},"excerpt":{"rendered":"<p>Selbstklebende Magnethalterung zur einfachen und sicheren Montage von Feuermeldern und Rauchmeldern \u2013 kein Bohren erforderlich.<\/p>","protected":false},"featured_media":137545,"template":"","meta":{"_acf_changed":false},"product_brand":[],"product_cat":[3373],"product_tag":[],"class_list":{"0":"post-93164","1":"product","2":"type-product","3":"status-publish","4":"has-post-thumbnail","6":"product_cat-rokdetektorer","7":"product_shipping_class-postnord-varubrev","8":"pa_brands-stonehouse-security","9":"tm-no-options","11":"first","12":"instock","13":"taxable","14":"shipping-taxable","15":"purchasable","16":"product-type-simple"},"acf":[],"_links":{"self":[{"href":"https:\/\/secureus.se\/de\/wp-json\/wp\/v2\/product\/93164","targetHints":{"allow":["GET"]}}],"collection":[{"href":"https:\/\/secureus.se\/de\/wp-json\/wp\/v2\/product"}],"about":[{"href":"https:\/\/secureus.se\/de\/wp-json\/wp\/v2\/types\/product"}],"wp:featuredmedia":[{"embeddable":true,"href":"https:\/\/secureus.se\/de\/wp-json\/wp\/v2\/media\/137545"}],"wp:attachment":[{"href":"https:\/\/secureus.se\/de\/wp-json\/wp\/v2\/media?parent=93164"}],"wp:term":[{"taxonomy":"product_brand","embeddable":true,"href":"https:\/\/secureus.se\/de\/wp-json\/wp\/v2\/product_brand?post=93164"},{"taxonomy":"product_cat","embeddable":true,"href":"https:\/\/secureus.se\/de\/wp-json\/wp\/v2\/product_cat?post=93164"},{"taxonomy":"product_tag","embeddable":true,"href":"https:\/\/secureus.se\/de\/wp-json\/wp\/v2\/product_tag?post=93164"}],"curies":[{"name":"wp","href":"https:\/\/api.w.org\/{rel}","templated":true}]}}