{"id":93481,"date":"2024-06-25T13:54:44","date_gmt":"2024-06-25T11:54:44","guid":{"rendered":"https:\/\/secureus.se\/?post_type=product&#038;p=93481"},"modified":"2025-09-30T17:24:18","modified_gmt":"2025-09-30T15:24:18","slug":"larmbyggare-for-dsc-neo-larm","status":"publish","type":"product","link":"https:\/\/secureus.se\/de\/larmbyggare-for-dsc-neo-larm\/","title":{"rendered":"Alarm-Builder f\u00fcr DSC NEO Alarm"},"content":{"rendered":"<p>F\u00fcr ein individuelles Angebot oder Support k\u00f6nnen Sie uns jederzeit kontaktieren \u2013 wir sind f\u00fcr Sie da.<\/p>","protected":false},"excerpt":{"rendered":"<h1><a href=\"https:\/\/secureus.se\/de\/larmbyggare-for-dsc-neo\/\"><strong>Klicken Sie HIER, um zum Builder zu gelangen.<\/strong><\/a><\/h1>\n<p>Hier k\u00f6nnen Sie Ihr eigenes Alarmsystem ganz nach Ihren W\u00fcnschen zusammenstellen. Sie m\u00fcssen nicht bei jedem Schritt etwas kaufen, sondern w\u00e4hlen aus, was Sie brauchen. Wir haben es Ihnen leicht gemacht, zu sehen, wie viel Ihr Paket kostet und einen \u00dcberblick \u00fcber alle Teile zu erhalten, ohne den Checkout aktualisieren zu m\u00fcssen.<\/p>\n<p>Denken Sie daran, dass Sie Ihren Schutz jederzeit erweitern k\u00f6nnen. F\u00fcr ein individuelles Angebot oder Support k\u00f6nnen Sie uns jederzeit kontaktieren \u2013 wir sind f\u00fcr Sie da.<\/p>","protected":false},"featured_media":95971,"template":"","meta":{"_acf_changed":false},"product_brand":[],"product_cat":[4025],"product_tag":[],"class_list":{"0":"post-93481","1":"product","2":"type-product","3":"status-publish","4":"has-post-thumbnail","6":"product_cat-larmbyggare-dsc-larm-neo-power-hybridlarm","7":"tm-no-options","9":"first","10":"instock","11":"taxable","12":"shipping-taxable","13":"purchasable","14":"product-type-simple"},"acf":[],"_links":{"self":[{"href":"https:\/\/secureus.se\/de\/wp-json\/wp\/v2\/product\/93481","targetHints":{"allow":["GET"]}}],"collection":[{"href":"https:\/\/secureus.se\/de\/wp-json\/wp\/v2\/product"}],"about":[{"href":"https:\/\/secureus.se\/de\/wp-json\/wp\/v2\/types\/product"}],"wp:featuredmedia":[{"embeddable":true,"href":"https:\/\/secureus.se\/de\/wp-json\/wp\/v2\/media\/95971"}],"wp:attachment":[{"href":"https:\/\/secureus.se\/de\/wp-json\/wp\/v2\/media?parent=93481"}],"wp:term":[{"taxonomy":"product_brand","embeddable":true,"href":"https:\/\/secureus.se\/de\/wp-json\/wp\/v2\/product_brand?post=93481"},{"taxonomy":"product_cat","embeddable":true,"href":"https:\/\/secureus.se\/de\/wp-json\/wp\/v2\/product_cat?post=93481"},{"taxonomy":"product_tag","embeddable":true,"href":"https:\/\/secureus.se\/de\/wp-json\/wp\/v2\/product_tag?post=93481"}],"curies":[{"name":"wp","href":"https:\/\/api.w.org\/{rel}","templated":true}]}}