{"id":94469,"date":"2023-02-20T14:15:27","date_gmt":"2023-02-20T13:15:27","guid":{"rendered":"https:\/\/secureus.se\/pir-detector-flx-a-dam\/"},"modified":"2026-05-04T09:09:45","modified_gmt":"2026-05-04T07:09:45","slug":"optex-flx-a-dam-x5-pir-detector","status":"publish","type":"product","link":"https:\/\/secureus.se\/de\/optex-flx-a-dam-x5-pir-detector\/","title":{"rendered":"Optex FLX-A-DAM-X5 Anti-Masken-Kombinationsmelder PIR+Mikrowelle 15m 85 Grad oder 24 Meter langer Strahl"},"content":{"rendered":"<h1>Der Optex FLX-A-DAM-X5 ist ein Qualit\u00e4tsdetektor des Marktf\u00fchrers Optex, der das Vorg\u00e4ngermodell CDX-DAM ersetzt und eine fortschrittlichere und zuverl\u00e4ssigere L\u00f6sung f\u00fcr die Innenerkennung bietet.<\/h1>\n<p>Dieser Melder kombiniert PIR (Passiv-Infrarot) und Mikrowellentechnologie, um eine genauere und sicherere Erkennung bei geringerem Risiko von Fehlalarmen zu gew\u00e4hrleisten.<\/p>\n<p>Mit einer an unterschiedliche Bed\u00fcrfnisse anpassbaren Erkennungskapazit\u00e4t und einer sehr geringen Fehlalarmneigung ist der FLX-A-DAM-X5 die offensichtliche Wahl sowohl f\u00fcr Wohn- als auch f\u00fcr \u00f6ffentliche Umgebungen.<\/p>\n<p>Der Melder ist SBSC-zugelassen in der Alarmklasse 3, was bedeutet, dass er strenge Sicherheitsstandards erf\u00fcllt und f\u00fcr den Einsatz in professionellen Sicherheitssystemen zertifiziert ist.<\/p>\n<p>Dar\u00fcber hinaus ist der FLX-A-DAM-X5 immun gegen kleinere Haustiere, was ihn besonders n\u00fctzlich in Umgebungen macht, in denen sich kleine Tiere aufhalten.<\/p>\n<p>Eines der bemerkenswertesten Merkmale des FLX-A-DAM-X5 ist die umkehrbare Linse, mit der Sie den Erfassungsbereich an spezifische Installationsanforderungen anpassen k\u00f6nnen.<\/p>\n<p>Es bietet zwei Erkennungsmuster zur Auswahl: ein 15 x 15 Meter breites Strahlmuster, das vorab ausgew\u00e4hlt und perfekt f\u00fcr gro\u00dfe, offene Bereiche geeignet ist, und ein 24 x 2 Meter langes Strahlmuster, das sich hervorragend zum Abdecken schmalerer Durchg\u00e4nge oder Fenster eignet.<\/p>\n<p>Bei Verwendung des Langstrahlmusters ist die Mikrowellenfunktion ausgeschaltet, was es zu einer vielseitigen L\u00f6sung f\u00fcr verschiedene Arten von Installationsbereichen macht.<\/p>\n<p>Der FLX-A-DAM-X5 ist au\u00dferdem mit einem digitalen Signalprozessor und einem neuen Design des PIR-Elements ausgestattet.<\/p>\n<p>Dadurch kann der Melder Bewegungen pr\u00e4ziser erkennen und sicherstellen, dass alle Teile des \u00dcberwachungsbereichs zuverl\u00e4ssig abgedeckt werden.<\/p>\n<p>Die sph\u00e4rische Linse verbessert au\u00dferdem den Erfassungsbereich und die Genauigkeit.<\/p>\n<p>Um eine lange Lebensdauer und Zuverl\u00e4ssigkeit zu gew\u00e4hrleisten, verf\u00fcgt der Melder au\u00dferdem \u00fcber einen Maskierungsschutz, was ihn zu einer guten Wahl f\u00fcr \u00f6ffentliche R\u00e4umlichkeiten macht, wo das Sabotagerisiko h\u00f6her ist.<\/p>\n<p>Dar\u00fcber hinaus sch\u00fctzen eine mehrdimensionale Analyse (SMDA) und eine Zweileiter-Abschirmung den Detektor vor externen St\u00f6rungen, die seine Leistung beeintr\u00e4chtigen k\u00f6nnten.<\/p>\n<p>Dieser Melder ist f\u00fcr eine einfache Installation konzipiert und verf\u00fcgt \u00fcber einen praktischen Mechanismus, bei dem die Klemmenbl\u00f6cke leicht vom Melder entfernt werden k\u00f6nnen, um die Verkabelung und den Anschluss zu vereinfachen.<\/p>\n<p>Die Installation erfolgt in der Regel in einer H\u00f6he zwischen 2 und 3 Metern, was die empfohlene Installationsh\u00f6he f\u00fcr beste Ergebnisse ist.<\/p>\n<p>FLX-A-DAM-X5 verf\u00fcgt au\u00dferdem \u00fcber ein modernes und langlebiges Design aus Acrylnitril-Kunststoff, das es best\u00e4ndig gegen UV-Licht macht und verhindert, dass es mit der Zeit vergilbt.<\/p>\n<p>Dadurch beh\u00e4lt es auch in exponierten Umgebungen sein \u00e4sthetisches Erscheinungsbild.<\/p>\n<p>Zusammenfassend l\u00e4sst sich sagen, dass der Optex FLX-A-DAM-X5 ein hochwertiger, flexibler und zuverl\u00e4ssiger Detektor ist, der die neueste Technologie kombiniert, um eine effektive und sichere \u00dcberwachung sowohl in Privat- als auch in Gewerbeimmobilien zu gew\u00e4hrleisten.<\/p>\n<p>Es ist einfach zu installieren, weist eine geringe Fehlalarmrate auf und bietet individuelle Erkennungsoptionen f\u00fcr verschiedene Umgebungen.<\/p>\n<p><strong>Technische Spezifikationen:<\/strong><\/p>\n<ul>\n<li><strong>Art des Detektors:<\/strong> Kombinationsmelder (PIR + Mikrowelle)<\/li>\n<li><strong>Erfassungsbereich:<\/strong> 15 x 15 m (breiter Balken) oder 24 x 2 m (langer Balken)<\/li>\n<li><strong>Immun gegen Haustiere:<\/strong> Ja, f\u00fcr kleine Haustiere<\/li>\n<li><strong>Maskierungsschutz:<\/strong> Ja<\/li>\n<li><strong>Signalprozessor:<\/strong> Digital<\/li>\n<li><strong>Einbauh\u00f6he:<\/strong> 2\u20133 Meter<\/li>\n<li><strong>Stromversorgung:<\/strong> 12V Gleichstrom<\/li>\n<li><strong>Schutzklasse:<\/strong> IP50<\/li>\n<li><strong>Temperaturbereich:<\/strong> -20\u00b0C bis +45\u00b0C<\/li>\n<li><strong>Zertifizierung:<\/strong> SBSC hat in LK 3 bestanden<\/li>\n<li><strong>Material:<\/strong> Acrylnitril-Kunststoff<\/li>\n<li><strong>Messen:<\/strong> 160 x 62 x 59 mm<\/li>\n<li><strong>Gewicht:<\/strong> 200 g<\/li>\n<\/ul>","protected":false},"excerpt":{"rendered":"<p>Der Optex FLX-A-DAM-X5 ist ein von der SBSC zugelassener PIR- und Mikrowellenmelder f\u00fcr den Innenbereich, immun gegen Haustiere und mit einstellbaren Erfassungsbereichen.<\/p>\n<p>Mit Maskierungsschutz und geringer Fehlalarmneigung eignet sich der Melder sowohl f\u00fcr Wohn- als auch f\u00fcr \u00f6ffentliche R\u00e4umlichkeiten.<\/p>","protected":false},"featured_media":140467,"template":"","meta":{"_acf_changed":false},"product_brand":[],"product_cat":[1325],"product_tag":[2989,2145,2466],"class_list":{"0":"post-94469","1":"product","2":"type-product","3":"status-publish","4":"has-post-thumbnail","6":"product_cat-larmgivare-skalskydd","7":"product_tag-egen-logo-ej-taggar-kort","8":"product_tag-rorelsedetektor-ir-detektorer","9":"product_tag-sbsc-larmklass3","10":"product_shipping_class-postnord-varubrev","11":"pa_brands-optex","12":"tm-no-options","14":"first","15":"instock","16":"sale","17":"featured","18":"taxable","19":"shipping-taxable","20":"purchasable","21":"product-type-simple"},"acf":[],"_links":{"self":[{"href":"https:\/\/secureus.se\/de\/wp-json\/wp\/v2\/product\/94469","targetHints":{"allow":["GET"]}}],"collection":[{"href":"https:\/\/secureus.se\/de\/wp-json\/wp\/v2\/product"}],"about":[{"href":"https:\/\/secureus.se\/de\/wp-json\/wp\/v2\/types\/product"}],"wp:featuredmedia":[{"embeddable":true,"href":"https:\/\/secureus.se\/de\/wp-json\/wp\/v2\/media\/140467"}],"wp:attachment":[{"href":"https:\/\/secureus.se\/de\/wp-json\/wp\/v2\/media?parent=94469"}],"wp:term":[{"taxonomy":"product_brand","embeddable":true,"href":"https:\/\/secureus.se\/de\/wp-json\/wp\/v2\/product_brand?post=94469"},{"taxonomy":"product_cat","embeddable":true,"href":"https:\/\/secureus.se\/de\/wp-json\/wp\/v2\/product_cat?post=94469"},{"taxonomy":"product_tag","embeddable":true,"href":"https:\/\/secureus.se\/de\/wp-json\/wp\/v2\/product_tag?post=94469"}],"curies":[{"name":"wp","href":"https:\/\/api.w.org\/{rel}","templated":true}]}}