{"id":94472,"date":"2022-06-29T12:45:51","date_gmt":"2022-06-29T10:45:51","guid":{"rendered":"https:\/\/secureus.se\/ir-detektor-pdm-i18t\/"},"modified":"2026-04-08T16:53:41","modified_gmt":"2026-04-08T14:53:41","slug":"ir-detektor-pdm-i18t","status":"publish","type":"product","link":"https:\/\/secureus.se\/de\/ir-detektor-pdm-i18t\/","title":{"rendered":"IR-Detektor PDM-I18T Antimask - 18 Meter Weitwinkel"},"content":{"rendered":"<h1>IR-Detektor PDM-I18T Antimask - 18 Meter Weitwinkel<\/h1>\n<p data-start=\"327\" data-end=\"1330\">Der PDM-I18T IR-Detektor ist ein eleganter und modern gestalteter Bewegungsmelder, der fortschrittliche Technologien wie MAGIC-Spiegeloptik und Visatec-Algorithmus kombiniert, um zuverl\u00e4ssige Erkennung und hohe Sicherheit zu gew\u00e4hrleisten.<\/p>\n<p data-start=\"327\" data-end=\"1330\">Mit einem Abdeckungsbereich von 18 Metern Weitwinkel eignet sich das PDM-I18T perfekt f\u00fcr alle Arten von Installationen, sowohl im privaten als auch im gewerblichen Bereich.<br data-start=\"707\" data-end=\"710\" \/>Ein einzigartiges Merkmal des PDM-I18T ist seine Echtzeit-Anti-Maskierungsfunktion, die es erm\u00f6glicht, Manipulations- und Maskierungsversuche in Echtzeit zu erkennen und so ein h\u00f6heres Ma\u00df an Sicherheit zu bieten.<br data-start=\"891\" data-end=\"894\" \/>Der PDM-I18T ist mit einem installationsfreundlichen Konzept ausgestattet, das ein neues Walk-Test-Verfahren und ein EOL-System umfasst, um die Installation schnell und einfach zu gestalten.<\/p>\n<p data-start=\"327\" data-end=\"1330\">Es hat einen niedrigen Stromverbrauch von 3,9 mA (rms) und einen maximalen Spitzenwert von 6,6 mA, was es energieeffizient und zuverl\u00e4ssig macht.<br data-start=\"1177\" data-end=\"1180\" \/>Das PDM-I18T ist nach EN50131-2-2 Grad 3, VdS Klasse C und SBSC Klasse 3\/4 zugelassen und erf\u00fcllt somit die h\u00f6chsten Sicherheitsstandards.<\/p>\n<p data-start=\"1332\" data-end=\"1362\"><strong data-start=\"1332\" data-end=\"1360\">Funktionen und Vorteile:<\/strong><\/p>\n<ul data-start=\"1363\" data-end=\"1823\">\n<li data-start=\"1363\" data-end=\"1412\">\n<p data-start=\"1365\" data-end=\"1412\">18 Meter Weitwinkel f\u00fcr fl\u00e4chendeckende Erfassung<\/p>\n<\/li>\n<li data-start=\"1413\" data-end=\"1485\">\n<p data-start=\"1415\" data-end=\"1485\">Echtzeit-Anti-Maskierungsfunktion zur Erkennung von Manipulation und Maskierung<\/p>\n<\/li>\n<li data-start=\"1486\" data-end=\"1559\">\n<p data-start=\"1488\" data-end=\"1559\">MAGIC Spiegeloptik und Visatec Algorithmus f\u00fcr hohe Sicherheit und Pr\u00e4zision<\/p>\n<\/li>\n<li data-start=\"1560\" data-end=\"1614\">\n<p data-start=\"1562\" data-end=\"1614\">Niedriger Stromverbrauch (3,9 mA RMS, 6,6 mA Max. Spitze)<\/p>\n<\/li>\n<li data-start=\"1615\" data-end=\"1680\">\n<p data-start=\"1617\" data-end=\"1680\">Einfache Installation mit neuem Walk-Test-Verfahren und EOL-System<\/p>\n<\/li>\n<li data-start=\"1681\" data-end=\"1747\">\n<p data-start=\"1683\" data-end=\"1747\">Ausgang: 30 VDC \/ 100 mA, NC f\u00fcr sichere und flexible Integration<\/p>\n<\/li>\n<li data-start=\"1748\" data-end=\"1823\">\n<p data-start=\"1750\" data-end=\"1823\">Zertifiziert nach EN50131-2-2 Grad 3, VdS Klasse C und SBSC Klasse 3\/4<\/p>\n<\/li>\n<\/ul>\n<p data-start=\"1825\" data-end=\"1856\"><strong data-start=\"1825\" data-end=\"1854\">Technische Spezifikationen:<\/strong><\/p>\n<ul data-start=\"1857\" data-end=\"2177\">\n<li data-start=\"1857\" data-end=\"1889\">\n<p data-start=\"1859\" data-end=\"1889\">Abdeckung: 18 Meter Weitwinkel<\/p>\n<\/li>\n<li data-start=\"1890\" data-end=\"1934\">\n<p data-start=\"1892\" data-end=\"1934\">Stromversorgung: 9 \u2013 16 VDC (12 V nominal)<\/p>\n<\/li>\n<li data-start=\"1935\" data-end=\"1988\">\n<p data-start=\"1937\" data-end=\"1988\">Stromaufnahme: 3,9 mA (rms), 6,6 mA (max. Spitze)<\/p>\n<\/li>\n<li data-start=\"1989\" data-end=\"2022\">\n<p data-start=\"1991\" data-end=\"2022\">Ausg\u00e4nge: 30 VDC \/ 100 mA, NC<\/p>\n<\/li>\n<li data-start=\"2023\" data-end=\"2057\">\n<p data-start=\"2025\" data-end=\"2057\">Abmessungen (BxHxT): 64 x 147 x 35 mm<\/p>\n<\/li>\n<li data-start=\"2058\" data-end=\"2124\">\n<p data-start=\"2060\" data-end=\"2124\">Zulassung: EN50131-2-2 Grad 3, VdS Klasse C, SBSC Klasse 3\/4<\/p>\n<\/li>\n<li data-start=\"2125\" data-end=\"2177\">\n<p data-start=\"2127\" data-end=\"2177\">Temperaturbereich: Standard f\u00fcr PIR-Detektoren<\/p>\n<\/li>\n<\/ul>","protected":false},"excerpt":{"rendered":"<p>MAGIC Bewegungsmelder mit 18 Meter Weitwinkel und Echtzeit-Abdeckschutz.<\/p>\n<p>Visatec-Algorithmus, patentierter MAGIC-Spiegel und hohe Sicherheit f\u00fcr zuverl\u00e4ssige Erkennung.<\/p>","protected":false},"featured_media":142197,"template":"","meta":{"_acf_changed":false},"product_brand":[],"product_cat":[1325],"product_tag":[2145,2418,2466],"class_list":{"0":"post-94472","1":"product","2":"type-product","3":"status-publish","4":"has-post-thumbnail","6":"product_cat-larmgivare-skalskydd","7":"product_tag-rorelsedetektor-ir-detektorer","8":"product_tag-rel-larmgivare","9":"product_tag-sbsc-larmklass3","10":"product_shipping_class-postnord-varubrev","11":"pa_brands-6vanderbilt","12":"tm-no-options","14":"first","15":"instock","16":"sale","17":"featured","18":"taxable","19":"shipping-taxable","20":"purchasable","21":"product-type-simple"},"acf":[],"_links":{"self":[{"href":"https:\/\/secureus.se\/de\/wp-json\/wp\/v2\/product\/94472","targetHints":{"allow":["GET"]}}],"collection":[{"href":"https:\/\/secureus.se\/de\/wp-json\/wp\/v2\/product"}],"about":[{"href":"https:\/\/secureus.se\/de\/wp-json\/wp\/v2\/types\/product"}],"wp:featuredmedia":[{"embeddable":true,"href":"https:\/\/secureus.se\/de\/wp-json\/wp\/v2\/media\/142197"}],"wp:attachment":[{"href":"https:\/\/secureus.se\/de\/wp-json\/wp\/v2\/media?parent=94472"}],"wp:term":[{"taxonomy":"product_brand","embeddable":true,"href":"https:\/\/secureus.se\/de\/wp-json\/wp\/v2\/product_brand?post=94472"},{"taxonomy":"product_cat","embeddable":true,"href":"https:\/\/secureus.se\/de\/wp-json\/wp\/v2\/product_cat?post=94472"},{"taxonomy":"product_tag","embeddable":true,"href":"https:\/\/secureus.se\/de\/wp-json\/wp\/v2\/product_tag?post=94472"}],"curies":[{"name":"wp","href":"https:\/\/api.w.org\/{rel}","templated":true}]}}