{"id":94473,"date":"2022-06-29T12:45:25","date_gmt":"2022-06-29T10:45:25","guid":{"rendered":"https:\/\/secureus.se\/ir-detektor-pdm-i12t\/"},"modified":"2026-04-23T11:08:27","modified_gmt":"2026-04-23T09:08:27","slug":"ir-detektor-pdm-i12t","status":"publish","type":"product","link":"https:\/\/secureus.se\/de\/ir-detektor-pdm-i12t\/","title":{"rendered":"IR-Detektor PDM-I12T Antimask - 12 Meter Weitwinkel"},"content":{"rendered":"<h1>IR-Detektor PDM-I12T Antimask - 12 Meter Weitwinkel<\/h1>\n<p data-start=\"330\" data-end=\"1423\">Der PDM-I12T Antimask IR-Detektor ist ein moderner und elegant gestalteter Bewegungsmelder, der den patentierten MAGIC-Spiegel und einen weiterentwickelten Visatec-Algorithmus zur pr\u00e4zisen und zuverl\u00e4ssigen Erkennung von Eindringlingen kombiniert.<\/p>\n<p data-start=\"330\" data-end=\"1423\">Mit einem 12 Meter gro\u00dfen Weitwinkel-Abdeckungsbereich und einer Echtzeit-Anti-Masking-Funktion bietet das PDM-I12T hohe Sicherheit und minimiert das Risiko von Fehlalarmen sowohl im privaten als auch im gewerblichen Bereich.<br data-start=\"751\" data-end=\"754\" \/>Der fortschrittliche MAGIC-Spiegel stellt sicher, dass der Detektor Eindringlinge effektiv erfasst und verfolgt, w\u00e4hrend der patentierte Visatec-Algorithmus es dem PDM-I12T erm\u00f6glicht, unerw\u00fcnschte Signale und Objekte herauszufiltern, die keine Bedrohung darstellen.<br data-start=\"998\" data-end=\"1001\" \/>Der PDM-I12T ist au\u00dferdem mit einem benutzerfreundlichen Installationskonzept ausgestattet, einschlie\u00dflich eines neuen Walk-Test-Verfahrens und eines EOL-Systems, das die Installation schnell und einfach macht.<\/p>\n<p data-start=\"330\" data-end=\"1423\">Mit einem geringen Stromverbrauch von max. 6,6 mA (LED EIN) und einer Spannungsversorgung von 9-16 VDC ist der Detektor sowohl energieeffizient als auch zuverl\u00e4ssig.<\/p>\n<p data-start=\"330\" data-end=\"1423\">Es ist nach dem SBSC-Zertifikat 13-332, Klasse 3-4 zertifiziert, was die Einhaltung hoher Sicherheitsstandards garantiert.<\/p>\n<p data-start=\"1425\" data-end=\"1455\"><strong data-start=\"1425\" data-end=\"1453\">Funktionen und Vorteile:<\/strong><\/p>\n<ul data-start=\"1456\" data-end=\"1905\">\n<li data-start=\"1456\" data-end=\"1513\">\n<p data-start=\"1458\" data-end=\"1513\">12 Meter Weitwinkel f\u00fcr effiziente und genaue Erkennung<\/p>\n<\/li>\n<li data-start=\"1514\" data-end=\"1587\">\n<p data-start=\"1516\" data-end=\"1587\">Echtzeit-Anti-Maskierungsfunktion zur Verhinderung von Manipulation und Maskierung<\/p>\n<\/li>\n<li data-start=\"1588\" data-end=\"1661\">\n<p data-start=\"1590\" data-end=\"1661\">MAGIC Spiegeloptik und Visatec Algorithmus f\u00fcr hohe Sicherheit und Pr\u00e4zision<\/p>\n<\/li>\n<li data-start=\"1662\" data-end=\"1710\">\n<p data-start=\"1664\" data-end=\"1710\">Niedriger Stromverbrauch (max. 6,6 mA bei eingeschalteter LED)<\/p>\n<\/li>\n<li data-start=\"1711\" data-end=\"1776\">\n<p data-start=\"1713\" data-end=\"1776\">Neues Walk-Test-Verfahren und EOL-System f\u00fcr eine schnelle Installation<\/p>\n<\/li>\n<li data-start=\"1777\" data-end=\"1845\">\n<p data-start=\"1779\" data-end=\"1845\">Zertifiziert nach SBSC-Zertifikat 13-332, Klasse 3-4 f\u00fcr hohe Sicherheit<\/p>\n<\/li>\n<li data-start=\"1846\" data-end=\"1905\">\n<p data-start=\"1848\" data-end=\"1905\">Kompaktes und elegantes Design, das zu jeder Installation passt<\/p>\n<\/li>\n<\/ul>\n<p data-start=\"1907\" data-end=\"1938\"><strong data-start=\"1907\" data-end=\"1936\">Technische Spezifikationen:<\/strong><\/p>\n<ul data-start=\"1939\" data-end=\"2210\">\n<li data-start=\"1939\" data-end=\"1971\">\n<p data-start=\"1941\" data-end=\"1971\">Abdeckung: 12 Meter Weitwinkel<\/p>\n<\/li>\n<li data-start=\"1972\" data-end=\"2004\">\n<p data-start=\"1974\" data-end=\"2004\">Stromversorgung: 9 \u2013 16 VDC<\/p>\n<\/li>\n<li data-start=\"2005\" data-end=\"2046\">\n<p data-start=\"2007\" data-end=\"2046\">Stromverbrauch: max. 6,6 mA (LED EIN)<\/p>\n<\/li>\n<li data-start=\"2047\" data-end=\"2063\">\n<p data-start=\"2049\" data-end=\"2063\">Anti-Maske: Ja<\/p>\n<\/li>\n<li data-start=\"2064\" data-end=\"2109\">\n<p data-start=\"2066\" data-end=\"2109\">Zulassung: SBSC-Zertifikat 13-332, Klasse 3-4<\/p>\n<\/li>\n<li data-start=\"2110\" data-end=\"2159\">\n<p data-start=\"2112\" data-end=\"2159\">Abmessungen: Standardabmessungen f\u00fcr PIR-\/Mikrowellenmelder<\/p>\n<\/li>\n<li data-start=\"2160\" data-end=\"2210\">\n<p data-start=\"2162\" data-end=\"2210\">Temperaturbereich: Standard f\u00fcr PIR-Detektoren<\/p>\n<\/li>\n<\/ul>","protected":false},"excerpt":{"rendered":"<p>MAGIC Bewegungsmelder mit 12 Meter Weitwinkel und Echtzeit-Anti-Maskenfunktion.<\/p>\n<p>Visatec-Algorithmus und hohe Sicherheit f\u00fcr genaue Erkennung und zuverl\u00e4ssige Leistung.<\/p>","protected":false},"featured_media":142553,"template":"","meta":{"_acf_changed":false},"product_brand":[],"product_cat":[1325],"product_tag":[2145,2466],"class_list":{"0":"post-94473","1":"product","2":"type-product","3":"status-publish","4":"has-post-thumbnail","6":"product_cat-larmgivare-skalskydd","7":"product_tag-rorelsedetektor-ir-detektorer","8":"product_tag-sbsc-larmklass3","9":"product_shipping_class-postnord-varubrev","10":"pa_brands-6vanderbilt","11":"tm-no-options","13":"first","14":"instock","15":"sale","16":"featured","17":"taxable","18":"shipping-taxable","19":"purchasable","20":"product-type-simple"},"acf":[],"_links":{"self":[{"href":"https:\/\/secureus.se\/de\/wp-json\/wp\/v2\/product\/94473","targetHints":{"allow":["GET"]}}],"collection":[{"href":"https:\/\/secureus.se\/de\/wp-json\/wp\/v2\/product"}],"about":[{"href":"https:\/\/secureus.se\/de\/wp-json\/wp\/v2\/types\/product"}],"wp:featuredmedia":[{"embeddable":true,"href":"https:\/\/secureus.se\/de\/wp-json\/wp\/v2\/media\/142553"}],"wp:attachment":[{"href":"https:\/\/secureus.se\/de\/wp-json\/wp\/v2\/media?parent=94473"}],"wp:term":[{"taxonomy":"product_brand","embeddable":true,"href":"https:\/\/secureus.se\/de\/wp-json\/wp\/v2\/product_brand?post=94473"},{"taxonomy":"product_cat","embeddable":true,"href":"https:\/\/secureus.se\/de\/wp-json\/wp\/v2\/product_cat?post=94473"},{"taxonomy":"product_tag","embeddable":true,"href":"https:\/\/secureus.se\/de\/wp-json\/wp\/v2\/product_tag?post=94473"}],"curies":[{"name":"wp","href":"https:\/\/api.w.org\/{rel}","templated":true}]}}