{"id":94475,"date":"2022-06-13T15:04:05","date_gmt":"2022-06-13T13:04:05","guid":{"rendered":"https:\/\/secureus.se\/kombi-bosch-blueline-husdj-isc-bdl2-wp12g\/"},"modified":"2026-04-09T10:16:57","modified_gmt":"2026-04-09T08:16:57","slug":"kombi-bosch-blueline-husdj-isc-bdl2-wp12g","status":"publish","type":"product","link":"https:\/\/secureus.se\/de\/kombi-bosch-blueline-husdj-isc-bdl2-wp12g\/","title":{"rendered":"Bosch BLUELINE Kombimelder Haustiere ISC-BDL2-WP12G"},"content":{"rendered":"<h1>Bosch BLUELINE Kombimelder Haustiere ISC-BDL2-WP12G<\/h1>\n<p data-start=\"352\" data-end=\"1150\">Der Bosch BLUELINE ISC-BDL2-WP12G ist ein fortschrittlicher Kombinationsmelder, der IR- und Mikrowellentechnologie nutzt, um eine zuverl\u00e4ssige und genaue Erkennung zu gew\u00e4hrleisten.<\/p>\n<p data-start=\"352\" data-end=\"1150\">Mit einem Abdeckungsbereich von 12 x 12 Metern und w\u00e4hlbarer Haustierimmunit\u00e4t bis 45 kg ist es ideal f\u00fcr gewerbliche und private Umgebungen, auch dort, wo Haustiere anwesend sind.<br data-start=\"696\" data-end=\"699\" \/>Der Detektor ist mit First Step Processing (FSP) und dynamischer Temperaturkompensation ausgestattet, sodass er sich an wechselnde Umgebungsbedingungen anpassen kann und bei allen Temperaturen eine hohe Zuverl\u00e4ssigkeit bietet.<\/p>\n<p data-start=\"352\" data-end=\"1150\">Die flexible Montage ohne H\u00f6henverstellung und das zweiteilige, selbstverriegelnde Geh\u00e4use erm\u00f6glichen eine schnelle und einfache Installation.<br data-start=\"1029\" data-end=\"1032\" \/>Das ISC-BDL2-WP12G vereint die beste Technologie, um ein hohes Ma\u00df an Sicherheit zu gew\u00e4hrleisten und das Risiko von Fehlalarmen zu reduzieren.<\/p>\n<p data-start=\"1152\" data-end=\"1182\"><strong data-start=\"1152\" data-end=\"1180\">Funktionen und Vorteile:<\/strong><\/p>\n<ul data-start=\"1183\" data-end=\"1650\">\n<li data-start=\"1183\" data-end=\"1235\">\n<p data-start=\"1185\" data-end=\"1235\">12 x 12 m Abdeckungsbereich f\u00fcr effektive Erkennung<\/p>\n<\/li>\n<li data-start=\"1236\" data-end=\"1302\">\n<p data-start=\"1238\" data-end=\"1302\">Kombinieren Sie IR und Mikrowelle f\u00fcr h\u00f6here Genauigkeit und Zuverl\u00e4ssigkeit<\/p>\n<\/li>\n<li data-start=\"1303\" data-end=\"1374\">\n<p data-start=\"1305\" data-end=\"1374\">W\u00e4hlbare Haustierimmunit\u00e4t bis 45 kg zur Vermeidung von Fehlalarmen<\/p>\n<\/li>\n<li data-start=\"1375\" data-end=\"1436\">\n<p data-start=\"1377\" data-end=\"1436\">First Step Processing (FSP) f\u00fcr schnelle und genaue Erkennung<\/p>\n<\/li>\n<li data-start=\"1437\" data-end=\"1515\">\n<p data-start=\"1439\" data-end=\"1515\">Dynamische Temperaturkompensation f\u00fcr konstante Leistung bei allen Temperaturen<\/p>\n<\/li>\n<li data-start=\"1516\" data-end=\"1579\">\n<p data-start=\"1518\" data-end=\"1579\">Einfache und flexible Montage ohne H\u00f6henverstellung<\/p>\n<\/li>\n<li data-start=\"1580\" data-end=\"1650\">\n<p data-start=\"1582\" data-end=\"1650\">Zweiteiliges, selbstsicherndes Geh\u00e4use f\u00fcr einfache Installation und Wartung<\/p>\n<\/li>\n<\/ul>\n<p data-start=\"1652\" data-end=\"1683\"><strong data-start=\"1652\" data-end=\"1681\">Technische Spezifikationen:<\/strong><\/p>\n<ul data-start=\"1684\" data-end=\"2050\">\n<li data-start=\"1684\" data-end=\"1707\">\n<p data-start=\"1686\" data-end=\"1707\">Abdeckung: 12 x 12 m<\/p>\n<\/li>\n<li data-start=\"1708\" data-end=\"1745\">\n<p data-start=\"1710\" data-end=\"1745\">Technologie: Kombinierte IR\/Mikrowelle<\/p>\n<\/li>\n<li data-start=\"1746\" data-end=\"1790\">\n<p data-start=\"1748\" data-end=\"1790\">Haustierimmunit\u00e4t: W\u00e4hlbar bis 45 kg<\/p>\n<\/li>\n<li data-start=\"1791\" data-end=\"1822\">\n<p data-start=\"1793\" data-end=\"1822\">First Step Processing (FSP)<\/p>\n<\/li>\n<li data-start=\"1823\" data-end=\"1858\">\n<p data-start=\"1825\" data-end=\"1858\">Dynamische Temperaturkompensation<\/p>\n<\/li>\n<li data-start=\"1859\" data-end=\"1911\">\n<p data-start=\"1861\" data-end=\"1911\">Montagem\u00f6glichkeit: Flexibel ohne H\u00f6henverstellung<\/p>\n<\/li>\n<li data-start=\"1912\" data-end=\"1948\">\n<p data-start=\"1914\" data-end=\"1948\">Geh\u00e4use: Zweiteilig, selbstverriegelnd<\/p>\n<\/li>\n<li data-start=\"1949\" data-end=\"2000\">\n<p data-start=\"1951\" data-end=\"2000\">Stromversorgung: Standard f\u00fcr Bosch-Detektoren<\/p>\n<\/li>\n<li data-start=\"2001\" data-end=\"2050\">\n<p data-start=\"2003\" data-end=\"2050\">Abmessungen: Standardabmessungen f\u00fcr PIR-\/Mikrowellenmelder<\/p>\n<\/li>\n<\/ul>","protected":false},"excerpt":{"rendered":"<p>Kombinationsmelder (IR\/Mikrowelle) mit 12 x 12 m Abdeckung und w\u00e4hlbarer Haustierimmunit\u00e4t bis 45 kg.<\/p>\n<p>Erster Schritt: Verarbeitung und dynamische Temperaturkompensation.<\/p>","protected":false},"featured_media":144201,"template":"","meta":{"_acf_changed":false},"product_brand":[],"product_cat":[1325],"product_tag":[2146,2418,2465],"class_list":{"0":"post-94475","1":"product","2":"type-product","3":"status-publish","4":"has-post-thumbnail","6":"product_cat-larmgivare-skalskydd","7":"product_tag-rorelsedetektor-kombidetektorer","8":"product_tag-rel-larmgivare","9":"product_tag-sbsc-larmklass2","10":"product_shipping_class-postnord-varubrev","11":"pa_brands-bosch","12":"tm-no-options","14":"first","15":"instock","16":"sale","17":"featured","18":"taxable","19":"shipping-taxable","20":"purchasable","21":"product-type-simple"},"acf":[],"_links":{"self":[{"href":"https:\/\/secureus.se\/de\/wp-json\/wp\/v2\/product\/94475","targetHints":{"allow":["GET"]}}],"collection":[{"href":"https:\/\/secureus.se\/de\/wp-json\/wp\/v2\/product"}],"about":[{"href":"https:\/\/secureus.se\/de\/wp-json\/wp\/v2\/types\/product"}],"wp:featuredmedia":[{"embeddable":true,"href":"https:\/\/secureus.se\/de\/wp-json\/wp\/v2\/media\/144201"}],"wp:attachment":[{"href":"https:\/\/secureus.se\/de\/wp-json\/wp\/v2\/media?parent=94475"}],"wp:term":[{"taxonomy":"product_brand","embeddable":true,"href":"https:\/\/secureus.se\/de\/wp-json\/wp\/v2\/product_brand?post=94475"},{"taxonomy":"product_cat","embeddable":true,"href":"https:\/\/secureus.se\/de\/wp-json\/wp\/v2\/product_cat?post=94475"},{"taxonomy":"product_tag","embeddable":true,"href":"https:\/\/secureus.se\/de\/wp-json\/wp\/v2\/product_tag?post=94475"}],"curies":[{"name":"wp","href":"https:\/\/api.w.org\/{rel}","templated":true}]}}