{"id":94480,"date":"2022-03-10T15:47:00","date_gmt":"2022-03-10T14:47:00","guid":{"rendered":"https:\/\/secureus.se\/optex-ir-detektor-mw-fmx-dst-kombi-15x15-meter-husdjur-sbsc-klass-2\/"},"modified":"2026-02-20T11:29:44","modified_gmt":"2026-02-20T10:29:44","slug":"optex-ir-detektor-mw-fmx-dst-kombi-15x15-meter-husdjur-sbsc-klass-2","status":"publish","type":"product","link":"https:\/\/secureus.se\/de\/optex-ir-detektor-mw-fmx-dst-kombi-15x15-meter-husdjur-sbsc-klass-2\/","title":{"rendered":"Optex FMX-DST \u2013 IR-Detektor \u2013 15\u00d715 Meter Haustiere"},"content":{"rendered":"<h1 data-start=\"511\" data-end=\"598\">Optex FMX-DST \u2013 Bewegungsmelder f\u00fcr den Innenbereich mit hoher Pr\u00e4zision und geringer Falschalarmrate<\/h1>\n<p class=\"\" data-start=\"600\" data-end=\"888\"><strong data-start=\"600\" data-end=\"617\">Optex FMX-DST<\/strong> ist ein leistungsstarker passiver Infrarot-Bewegungsmelder (PIR), der f\u00fcr den Einsatz in Innenr\u00e4umen, beispielsweise in Villen, B\u00fcros und leichten gewerblichen Umgebungen, konzipiert ist. Der Detektor bietet <strong data-start=\"783\" data-end=\"813\">15\u00d715 Meter breite Abdeckung<\/strong> mit 85\u00b0-Winkel, optimiert f\u00fcr die Montage in H\u00f6hen zwischen 2,2 und 3,0 Metern.<\/p>\n<p class=\"\" data-start=\"890\" data-end=\"1175\">Dank der intelligenten <strong data-start=\"917\" data-end=\"945\">Digitale Quad-Zonen-Logik\u2122<\/strong> Bewegungen werden mit \u00e4u\u00dferster Genauigkeit analysiert. An jedem Punkt wird anhand von mehr als vier sich \u00fcberlappenden Zonen ermittelt, ob ein Alarm ausgel\u00f6st werden soll. Dadurch wird das Risiko von Fehlalarmen \u2013 auch bei Anwesenheit kleinerer Tiere wie Hauskatzen \u2013 effektiv reduziert.<\/p>\n<p class=\"\" data-start=\"1177\" data-end=\"1341\">Der FMX-DST ist au\u00dferdem ausgestattet mit <strong data-start=\"1210\" data-end=\"1241\">Doppelte leitf\u00e4hige Abschirmung<\/strong>, wodurch es auch in Umgebungen mit starker Sonneneinstrahlung oder elektrischen St\u00f6rungen stabil funktioniert.<\/p>\n<hr class=\"\" data-start=\"1343\" data-end=\"1346\" \/>\n<h3 class=\"\" data-start=\"1348\" data-end=\"1363\">Vorteile:<\/h3>\n<ul data-start=\"1364\" data-end=\"1749\">\n<li class=\"\" data-start=\"1364\" data-end=\"1431\">\n<p class=\"\" data-start=\"1366\" data-end=\"1431\"><strong data-start=\"1366\" data-end=\"1379\">Tierresistent<\/strong> \u2013 erkennt den Unterschied zwischen Menschen und Kleintieren<\/p>\n<\/li>\n<li class=\"\" data-start=\"1432\" data-end=\"1493\">\n<p class=\"\" data-start=\"1434\" data-end=\"1493\"><strong data-start=\"1434\" data-end=\"1452\">Hohe Empfindlichkeit<\/strong> \u2013 dreistufig einstellbar (Niedrig\/Mittel\/Hoch)<\/p>\n<\/li>\n<li class=\"\" data-start=\"1494\" data-end=\"1552\">\n<p class=\"\" data-start=\"1496\" data-end=\"1552\"><strong data-start=\"1496\" data-end=\"1515\">Starker Sonnenschutz<\/strong> \u2013 durch eingebauten bi-leitenden Filter<\/p>\n<\/li>\n<li class=\"\" data-start=\"1553\" data-end=\"1625\">\n<p class=\"\" data-start=\"1555\" data-end=\"1625\"><strong data-start=\"1555\" data-end=\"1575\">Erweiterte Analyse<\/strong> \u2013 reduziert Fehlalarme durch Digital Quad Zone Logic<\/p>\n<\/li>\n<li class=\"\" data-start=\"1626\" data-end=\"1681\">\n<p class=\"\" data-start=\"1628\" data-end=\"1681\"><strong data-start=\"1628\" data-end=\"1653\">Niedriger Energieverbrauch<\/strong> \u2013 nur 8-11 mA bei 12 VDC<\/p>\n<\/li>\n<li class=\"\" data-start=\"1682\" data-end=\"1749\">\n<p class=\"\" data-start=\"1684\" data-end=\"1749\"><strong data-start=\"1684\" data-end=\"1706\">Schnelle Installation<\/strong> \u2013 Plug-in-End-of-Line-Unit-Unterst\u00fctzung (PEU)<\/p>\n<\/li>\n<\/ul>\n<hr class=\"\" data-start=\"1751\" data-end=\"1754\" \/>\n<h3 class=\"\" data-start=\"1756\" data-end=\"1785\">Technische Spezifikation:<\/h3>\n<ul data-start=\"1786\" data-end=\"2109\">\n<li class=\"\" data-start=\"1786\" data-end=\"1821\">\n<p class=\"\" data-start=\"1788\" data-end=\"1821\"><strong data-start=\"1788\" data-end=\"1798\">Technik<\/strong>: Passives Infrarot (PIR)<\/p>\n<\/li>\n<li class=\"\" data-start=\"1822\" data-end=\"1855\">\n<p class=\"\" data-start=\"1824\" data-end=\"1855\"><strong data-start=\"1824\" data-end=\"1836\">Abdeckung<\/strong>: 15 m x 15 m (85\u00b0)<\/p>\n<\/li>\n<li class=\"\" data-start=\"1856\" data-end=\"1871\">\n<p class=\"\" data-start=\"1858\" data-end=\"1871\"><strong data-start=\"1858\" data-end=\"1867\">Zonen<\/strong>: 78<\/p>\n<\/li>\n<li class=\"\" data-start=\"1872\" data-end=\"1905\">\n<p class=\"\" data-start=\"1874\" data-end=\"1905\"><strong data-start=\"1874\" data-end=\"1892\">Montageh\u00f6he<\/strong>: 2,2 \u2013 3,0 m<\/p>\n<\/li>\n<li class=\"\" data-start=\"1906\" data-end=\"1956\">\n<p class=\"\" data-start=\"1908\" data-end=\"1956\"><strong data-start=\"1908\" data-end=\"1928\">Stromverbrauch<\/strong>: 8 mA (typisch), 11 mA (maximal)<\/p>\n<\/li>\n<li class=\"\" data-start=\"1957\" data-end=\"1996\">\n<p class=\"\" data-start=\"1959\" data-end=\"1996\"><strong data-start=\"1959\" data-end=\"1978\">Temperaturbereich<\/strong>: -20\u00b0C bis +50\u00b0C<\/p>\n<\/li>\n<li class=\"\" data-start=\"1997\" data-end=\"2031\">\n<p class=\"\" data-start=\"1999\" data-end=\"2031\"><strong data-start=\"1999\" data-end=\"2007\">Messen<\/strong>: 111,7 x 61,4 x 50,0 mm<\/p>\n<\/li>\n<li class=\"\" data-start=\"2032\" data-end=\"2052\">\n<p class=\"\" data-start=\"2034\" data-end=\"2052\"><strong data-start=\"2034\" data-end=\"2042\">Gewicht<\/strong>: ca. 100g<\/p>\n<\/li>\n<li class=\"\" data-start=\"2053\" data-end=\"2109\">\n<p class=\"\" data-start=\"2055\" data-end=\"2109\"><strong data-start=\"2055\" data-end=\"2073\">Umgebungsfeuchtigkeit<\/strong>: bis zu 95 % (nicht kondensierend)<\/p>\n<\/li>\n<\/ul>\n<hr class=\"\" data-start=\"2111\" data-end=\"2114\" \/>\n<h3 class=\"\" data-start=\"2116\" data-end=\"2140\">Passt perfekt in:<\/h3>\n<ul data-start=\"2141\" data-end=\"2215\">\n<li class=\"\" data-start=\"2141\" data-end=\"2169\">\n<p class=\"\" data-start=\"2143\" data-end=\"2169\">Wohnzimmer, Schlafzimmer, B\u00fcro<\/p>\n<\/li>\n<li class=\"\" data-start=\"2170\" data-end=\"2189\">\n<p class=\"\" data-start=\"2172\" data-end=\"2189\">Villen und Stadth\u00e4user<\/p>\n<\/li>\n<li class=\"\" data-start=\"2190\" data-end=\"2215\">\n<p class=\"\" data-start=\"2192\" data-end=\"2215\">Leichtere Gesch\u00e4ftsumgebungen<\/p>\n<\/li>\n<\/ul>\n<hr class=\"\" data-start=\"2217\" data-end=\"2220\" \/>\n<p class=\"\" data-start=\"2222\" data-end=\"2382\">Geben Sie Ihrem Sicherheitssystem eine sichere und stabile Grundlage mit <strong data-start=\"2276\" data-end=\"2293\">Optex FMX-DST<\/strong> \u2013 ein professioneller Bewegungsmelder, der Spitzentechnologie mit zuverl\u00e4ssiger Funktion verbindet.<\/p>","protected":false},"excerpt":{"rendered":"<p><strong data-start=\"207\" data-end=\"224\">Optex FMX-DST<\/strong> ist ein fortschrittlicher Bewegungsmelder f\u00fcr den Innenbereich mit PIR-Technologie, perfekt f\u00fcr Villen und kleinere R\u00e4umlichkeiten. Mit einer Abdeckung von 15 x 15 Metern, digitaler Zonenlogik und tierresistentem Design werden Fehlalarme effektiv minimiert \u2013 selbst in Umgebungen mit Sonnenlicht.<\/p>","protected":false},"featured_media":145333,"template":"","meta":{"_acf_changed":false},"product_brand":[],"product_cat":[1325],"product_tag":[2146,2418,2465],"class_list":{"0":"post-94480","1":"product","2":"type-product","3":"status-publish","4":"has-post-thumbnail","6":"product_cat-larmgivare-skalskydd","7":"product_tag-rorelsedetektor-kombidetektorer","8":"product_tag-rel-larmgivare","9":"product_tag-sbsc-larmklass2","10":"product_shipping_class-postnord-varubrev","11":"pa_brands-optex","12":"tm-no-options","14":"first","15":"onbackorder","16":"sale","17":"featured","18":"taxable","19":"shipping-taxable","20":"purchasable","21":"product-type-simple"},"acf":[],"_links":{"self":[{"href":"https:\/\/secureus.se\/de\/wp-json\/wp\/v2\/product\/94480","targetHints":{"allow":["GET"]}}],"collection":[{"href":"https:\/\/secureus.se\/de\/wp-json\/wp\/v2\/product"}],"about":[{"href":"https:\/\/secureus.se\/de\/wp-json\/wp\/v2\/types\/product"}],"wp:featuredmedia":[{"embeddable":true,"href":"https:\/\/secureus.se\/de\/wp-json\/wp\/v2\/media\/145333"}],"wp:attachment":[{"href":"https:\/\/secureus.se\/de\/wp-json\/wp\/v2\/media?parent=94480"}],"wp:term":[{"taxonomy":"product_brand","embeddable":true,"href":"https:\/\/secureus.se\/de\/wp-json\/wp\/v2\/product_brand?post=94480"},{"taxonomy":"product_cat","embeddable":true,"href":"https:\/\/secureus.se\/de\/wp-json\/wp\/v2\/product_cat?post=94480"},{"taxonomy":"product_tag","embeddable":true,"href":"https:\/\/secureus.se\/de\/wp-json\/wp\/v2\/product_tag?post=94480"}],"curies":[{"name":"wp","href":"https:\/\/api.w.org\/{rel}","templated":true}]}}