{"id":94862,"date":"2024-07-04T10:34:25","date_gmt":"2024-07-04T08:34:25","guid":{"rendered":"https:\/\/secureus.se\/ajax-turretcam-5mp-28mm-vit\/"},"modified":"2026-03-30T12:32:14","modified_gmt":"2026-03-30T10:32:14","slug":"ajax-turretcam-5mp-2-8mm-lins-vit","status":"publish","type":"product","link":"https:\/\/secureus.se\/de\/ajax-turretcam-5mp-2-8mm-lins-vit\/","title":{"rendered":"Ajax TurretCam 5MP \u2013 2,8-mm-Objektiv, Wei\u00df"},"content":{"rendered":"<h3>Die Ajax TurretCam 5MP ist eine leistungsstarke und zuverl\u00e4ssige Sicherheitskamera, die kristallklare Bilder und flexible Speicherm\u00f6glichkeiten f\u00fcr kleine und gro\u00dfe Sicherheitssysteme bietet.<\/h3>\n<p>Mit einer beeindruckenden Aufl\u00f6sung von 5 MP (2880 x 1620) erfasst diese Kamera jedes Detail in Ihren \u00fcberwachten Bereichen.<\/p>\n<p>Ob f\u00fcr die Innen- oder Au\u00dfen\u00fcberwachung, die Ajax TurretCam 5MP bietet zuverl\u00e4ssige Leistung und fortschrittliche Technologie, um sicherzustellen, dass kein Detail \u00fcbersehen wird.<\/p>\n<p>Die Kamera ist mit einem 2,8-mm-Objektiv ausgestattet und bietet einen Betrachtungswinkel von 100\u00b0\u2013110\u00b0, wodurch sie sich ideal f\u00fcr die Abdeckung gro\u00dfer Bereiche wie Eing\u00e4nge, Parkpl\u00e4tze und G\u00e4rten eignet.<\/p>\n<p>Die fortschrittliche KI-basierte Objekterkennung erm\u00f6glicht es der Kamera, Personen, Fahrzeuge und Haustiere zu identifizieren und zu unterscheiden, wodurch die Zahl der Fehlalarme erheblich reduziert wird. Dies hilft auch, Speicherplatz zu sparen und f\u00fchrt dazu, dass die Kamera nur relevante Ereignisse speichert.<\/p>\n<p>Ein weiteres beeindruckendes Merkmal der Ajax TurretCam 5MP ist die True WDR-Technologie, die es der Kamera erm\u00f6glicht, extreme Lichtverh\u00e4ltnisse wie Gegenlicht und Schatten zu bew\u00e4ltigen.<\/p>\n<p>Es stellt sicher, dass Sie klare und detaillierte Bilder erhalten, auch wenn das Licht stark variiert, was f\u00fcr viele \u00dcberwachungskameras eine Herausforderung darstellen kann.<\/p>\n<p>F\u00fcr eine einfache Installation und Stromversorgung unterst\u00fctzt die Ajax TurretCam 5MP PoE (Power over Ethernet), was bedeutet, dass sowohl Netzwerkverbindung als auch Stromversorgung \u00fcber ein einziges Ethernet-Kabel erfolgen.<\/p>\n<p>Dies vereinfacht die Installation erheblich und reduziert den Bedarf an zus\u00e4tzlichen Kabeln. Wer eine separate Stromquelle bevorzugt, kann die Kamera auch \u00fcber ein Standard-12-V-DC-Netzteil anschlie\u00dfen.<\/p>\n<p>Die Ajax TurretCam 5MP bietet au\u00dferdem flexible Speicherm\u00f6glichkeiten. Sie k\u00f6nnen Videomaterial lokal auf einer microSD-Karte (bis zu 256 GB) speichern oder die Kamera an ein Ajax NVR-System anschlie\u00dfen, um mehrere Kameras zentral zu speichern und zu verwalten. F\u00fcr zus\u00e4tzliche Sicherheit werden die Videostreams mit mTLS (mutual Transport Layer Security) verschl\u00fcsselt, was Ihre Aufnahmen vor unbefugtem Zugriff sch\u00fctzt.<\/p>\n<p>Die Kamera ist au\u00dferdem mit einer integrierten IR-Beleuchtung ausgestattet, die bis zu 35 Meter reicht und daf\u00fcr sorgt, dass Sie auch bei v\u00f6lliger Dunkelheit klare Bilder erhalten.<\/p>\n<p>Dar\u00fcber hinaus verf\u00fcgt es \u00fcber einen gro\u00dfen Temperaturbereich von -25 \u00b0C bis +40 \u00b0C und die Schutzart IP65, sodass es sowohl in kalten als auch hei\u00dfen Klimazonen eingesetzt werden kann und rauen Wetterbedingungen standh\u00e4lt.<\/p>\n<p>Zur Installation und Konfiguration k\u00f6nnen Sie die Ajax-App verwenden, um die Kamera durch Scannen eines QR-Codes schnell zu Ihrem System hinzuzuf\u00fcgen.<\/p>\n<p>Mit der App k\u00f6nnen Sie ganz einfach Aufzeichnungen verwalten und Bewegungserkennungszonen anpassen, um Fehlalarme zu vermeiden.<\/p>\n<p><strong>Spezifikationen<\/strong>:<\/p>\n<ul>\n<li><strong>Aufl\u00f6sung<\/strong>: 5 MP (2880 x 1620 bei 25 fps)<\/li>\n<li><strong>Linse<\/strong>: 2,8 mm mit 100\u00b0\u2013110\u00b0 Betrachtungswinkel<\/li>\n<li><strong>Lagerung<\/strong>: microSD-Karte (bis zu 256 GB) oder NVR-Anschluss<\/li>\n<li><strong>Netzwerkverbindung<\/strong>: Ethernet mit Unterst\u00fctzung f\u00fcr PoE (802.3at)<\/li>\n<li><strong>Malen<\/strong>: Wei\u00df<\/li>\n<li><strong>Abmessungen<\/strong>: 103 \u00d7 98 \u00d7 98 mm<\/li>\n<li><strong>Gewicht<\/strong>: 475 g<\/li>\n<li><strong>Stromversorgung<\/strong>: 12V oder PoE<\/li>\n<li><strong>Wetterbest\u00e4ndigkeit<\/strong>: IP65, h\u00e4lt Temperaturen von \u201325 \u00b0C bis +40 \u00b0C stand<\/li>\n<\/ul>\n<p><strong>Das Paket enth\u00e4lt<\/strong>:<\/p>\n<ul>\n<li>Ajax TurretCam 5MP<\/li>\n<li>Installationsvorlage<\/li>\n<li>Montagesatz<\/li>\n<li>Kurzanleitung<\/li>\n<\/ul>\n<p><strong>Abschluss<\/strong>: Ajax TurretCam 5MP bietet die neueste Technologie f\u00fcr zuverl\u00e4ssige und flexible \u00dcberwachung. Mit hochaufl\u00f6sender Bildqualit\u00e4t, fortschrittlicher KI und robustem Design ist diese Kamera eine ideale L\u00f6sung f\u00fcr Privatpersonen und Unternehmen.<\/p>\n<p>Die einfache Installation und die sichere Aufbewahrung machen es zu einer hervorragenden Wahl, um Ihr Zuhause oder Ihr Unternehmen rund um die Uhr zu sch\u00fctzen.<\/p>","protected":false},"excerpt":{"rendered":"<p>Ajax TurretCam 5MP ist eine kabelgebundene Sicherheitskamera, die eine Aufl\u00f6sung von 5 MP, KI-basierte Objekterkennung und PoE-Unterst\u00fctzung bietet.<\/p>\n<p>Die Kamera liefert scharfe und detaillierte Bilder mit einem Blickwinkel von 100\u00b0\u2013110\u00b0.<\/p>\n<p>Es ist wetterfest und ideal f\u00fcr den Innen- und Au\u00dfenbereich.<\/p>","protected":false},"featured_media":151975,"template":"","meta":{"_acf_changed":false},"product_brand":[],"product_cat":[4011],"product_tag":[4863],"class_list":{"0":"post-94862","1":"product","2":"type-product","3":"status-publish","4":"has-post-thumbnail","6":"product_cat-ajax-kameror","7":"product_tag-pf","8":"product_shipping_class-tunga-paket","9":"pa_brands-ajax-systems","10":"pa_farg-vit","11":"tm-no-options","13":"first","14":"instock","15":"sale","16":"taxable","17":"shipping-taxable","18":"purchasable","19":"product-type-simple"},"acf":[],"_links":{"self":[{"href":"https:\/\/secureus.se\/de\/wp-json\/wp\/v2\/product\/94862","targetHints":{"allow":["GET"]}}],"collection":[{"href":"https:\/\/secureus.se\/de\/wp-json\/wp\/v2\/product"}],"about":[{"href":"https:\/\/secureus.se\/de\/wp-json\/wp\/v2\/types\/product"}],"wp:featuredmedia":[{"embeddable":true,"href":"https:\/\/secureus.se\/de\/wp-json\/wp\/v2\/media\/151975"}],"wp:attachment":[{"href":"https:\/\/secureus.se\/de\/wp-json\/wp\/v2\/media?parent=94862"}],"wp:term":[{"taxonomy":"product_brand","embeddable":true,"href":"https:\/\/secureus.se\/de\/wp-json\/wp\/v2\/product_brand?post=94862"},{"taxonomy":"product_cat","embeddable":true,"href":"https:\/\/secureus.se\/de\/wp-json\/wp\/v2\/product_cat?post=94862"},{"taxonomy":"product_tag","embeddable":true,"href":"https:\/\/secureus.se\/de\/wp-json\/wp\/v2\/product_tag?post=94862"}],"curies":[{"name":"wp","href":"https:\/\/api.w.org\/{rel}","templated":true}]}}