{"id":94921,"date":"2024-07-04T13:57:56","date_gmt":"2024-07-04T11:57:56","guid":{"rendered":"https:\/\/secureus.se\/?post_type=product&#038;p=94921"},"modified":"2026-04-21T12:12:46","modified_gmt":"2026-04-21T10:12:46","slug":"winland-ea200-enviroalert-2-zons-miljosensor-for-kritiskt-tillstand-12v-dc-1-sensoringang","status":"publish","type":"product","link":"https:\/\/secureus.se\/de\/winland-ea200-enviroalert-2-zons-miljosensor-for-kritiskt-tillstand-12v-dc-1-sensoringang\/","title":{"rendered":"Winland EA200 EnviroAlert 2-Zonen-Umgebungssensor f\u00fcr kritische Zust\u00e4nde, 12 V DC, 1 Sensoreingang"},"content":{"rendered":"<div class=\"headernamehrnone\">Das EnviroAlert\u00ae EA-200-Ger\u00e4t zur \u00dcberwachung kritischer Umgebungen bietet Einblick in zwei Umgebungsfaktoren: Umgebungstemperatur und einen zus\u00e4tzlichen Faktor wie Temperatur, Luftfeuchtigkeit oder Wasseranwesenheit. Zus\u00e4tzlich zu den lokalen (auf dem Ger\u00e4t) visuellen und akustischen Alarmen kann das System, wenn es in ein Sicherheitspanel integriert ist, in Echtzeit \u00fcber einen Vorfall informieren und sofortige Korrekturma\u00dfnahmen ergreifen.<\/div>\n<div class=\"row headername\">\n<div class=\"item-header rd-hyg-item-header\"><strong>Hauptmerkmale<\/strong><\/div>\n<div class=\"row\">\n<ul>\n<li>Gleichzeitiger Betrieb von zwei Sensoren<\/li>\n<li>Gut ablesbares LCD-Display<\/li>\n<li>8 Speicher f\u00fcr Ereignisse, einschlie\u00dflich Uhrzeit und Datum<\/li>\n<li>Hilfsausgangsrelais f\u00fcr lokalen akustischen Alarm<\/li>\n<li>Schalld\u00e4mpfungsfunktion f\u00fcr Zusatzalarm mit 10-Minuten-Timer<\/li>\n<li>Anpassung der Offset-Sensorkalibrierung<\/li>\n<li>Manipulationssichere Schlosseinstellung<\/li>\n<li>Alarmmeldung \u00fcber Trockenkontaktrelais an jede Alarmzentrale<\/li>\n<\/ul>\n<\/div>\n<\/div>","protected":false},"excerpt":{"rendered":"<p>Winland EA200 EnviroAlert 2-Zonen-Umgebungssensor f\u00fcr kritische Zust\u00e4nde, 12 V DC, 1 Sensoreingang<\/p>","protected":false},"featured_media":138038,"template":"","meta":{"_acf_changed":false},"product_brand":[],"product_cat":[1309],"product_tag":[],"class_list":{"0":"post-94921","1":"product","2":"type-product","3":"status-publish","4":"has-post-thumbnail","6":"product_cat-temperaturdetektor-vattendetektor","7":"product_shipping_class-tunga-paket","8":"pa_brands-winland-electronics","9":"tm-no-options","11":"first","12":"instock","13":"sale","14":"taxable","15":"shipping-taxable","16":"purchasable","17":"product-type-simple"},"acf":[],"_links":{"self":[{"href":"https:\/\/secureus.se\/de\/wp-json\/wp\/v2\/product\/94921","targetHints":{"allow":["GET"]}}],"collection":[{"href":"https:\/\/secureus.se\/de\/wp-json\/wp\/v2\/product"}],"about":[{"href":"https:\/\/secureus.se\/de\/wp-json\/wp\/v2\/types\/product"}],"wp:featuredmedia":[{"embeddable":true,"href":"https:\/\/secureus.se\/de\/wp-json\/wp\/v2\/media\/138038"}],"wp:attachment":[{"href":"https:\/\/secureus.se\/de\/wp-json\/wp\/v2\/media?parent=94921"}],"wp:term":[{"taxonomy":"product_brand","embeddable":true,"href":"https:\/\/secureus.se\/de\/wp-json\/wp\/v2\/product_brand?post=94921"},{"taxonomy":"product_cat","embeddable":true,"href":"https:\/\/secureus.se\/de\/wp-json\/wp\/v2\/product_cat?post=94921"},{"taxonomy":"product_tag","embeddable":true,"href":"https:\/\/secureus.se\/de\/wp-json\/wp\/v2\/product_tag?post=94921"}],"curies":[{"name":"wp","href":"https:\/\/api.w.org\/{rel}","templated":true}]}}