{"id":96405,"date":"2024-07-22T12:21:55","date_gmt":"2024-07-22T10:21:55","guid":{"rendered":"https:\/\/secureus.se\/4tb-hdd-seagate-skyhawk\/"},"modified":"2026-04-20T17:18:09","modified_gmt":"2026-04-20T15:18:09","slug":"4tb-hdd-seagate-skyhawk","status":"publish","type":"product","link":"https:\/\/secureus.se\/de\/4tb-hdd-seagate-skyhawk\/","title":{"rendered":"Seagate SkyHawk ST4000VX016 \u2013 4 TB Festplatte 3,5\u2033 SATA 6 Gbit\/s mit 3 Jahren Seagate Rescue Data Recovery"},"content":{"rendered":"<p>SkyHawk ist das erste Videoger\u00e4t der Welt, das speziell f\u00fcr Videosysteme entwickelt wurde. Diese 4-TB-Festplatte von Seagate ist ideal f\u00fcr DVR- und NVR-Systeme und kann bis zu 64 HD-Kameras gleichzeitig verwalten, was sie perfekt f\u00fcr umfassende \u00dcberwachungsl\u00f6sungen macht. Die verbesserte ImagePerfect-Technologie minimiert das Risiko von Bildverlusten und sorgt daf\u00fcr, dass Ihre Aufnahmen ohne Unterbrechung scharf und klar sind.<\/p>\n<p>SkyHawk umfasst SkyHawk Health Management, das mit Systemen von HikVision und Dahua kompatibel ist. Dieses System \u00fcberwacht kontinuierlich den Zustand der Festplatte und gibt Empfehlungen f\u00fcr vorbeugende Ma\u00dfnahmen, wodurch die Zuverl\u00e4ssigkeit und Langlebigkeit der Festplatte weiter verbessert wird. Mit einer mittleren Ausfallzeit (MTBF) von 1 Million Stunden und einem Start-Stopp-Zyklus von 600.000 k\u00f6nnen Sie sicher sein, dass diese Festplatte rund um die Uhr zuverl\u00e4ssige Leistung liefert.<\/p>\n<p>Diese Festplatte bietet eine \u00dcbertragungsrate von 6 Gbit\/s und eine dauerhafte \u00dcbertragungsrate von 180 MiB\/s und sorgt so f\u00fcr eine schnelle und effiziente Daten\u00fcbertragung. Mit einer Puffergr\u00f6\u00dfe von 256 MB, RV-Sensoren und einem Stromverbrauch von nur 3,7 W beim Lesen und Schreiben ist SkyHawk sowohl leistungsstark als auch energieeffizient.<\/p>\n<p>F\u00fcr zus\u00e4tzliche Sicherheit sorgen eine dreij\u00e4hrige eingeschr\u00e4nkte Garantie sowie die exklusiven Rescue Data Recovery Services von Seagate, die Ihnen langfristige Sicherheit geben, indem Sie Ihre Daten vor unerwarteten Ereignissen sch\u00fctzen.<\/p>\n<p><strong>Eigenschaften:<\/strong><\/p>\n<ul>\n<li><strong>Kapazit\u00e4t:<\/strong> 4 TB<\/li>\n<li><strong>Formfaktor:<\/strong> 3,5\u2033<\/li>\n<li><strong>Schnittstelle:<\/strong> SATA 6,0 Gbit\/s<\/li>\n<li><strong>Puffergr\u00f6\u00dfe:<\/strong> 256 MB<\/li>\n<li><strong>Gepflegte \u00dcbertragungsrate:<\/strong> 180 MiB\/s<\/li>\n<li><strong>24\/7-Betrieb:<\/strong> Ja<\/li>\n<li><strong>RV-Sensoren:<\/strong> Ja<\/li>\n<li><strong>Maximale Anzahl unterst\u00fctzter Kameras:<\/strong> 64<\/li>\n<li><strong>Mittlere Zeit zwischen Ausf\u00e4llen (MTBF):<\/strong> 1.000.000 Stunden<\/li>\n<li><strong>Zyklus starten und stoppen:<\/strong> 600,000<\/li>\n<li><strong>Stromverbrauch (Lesen\/Schreiben):<\/strong> 3,7 W<\/li>\n<li><strong>Stromverbrauch (Ruhemodus):<\/strong> 2,5W<\/li>\n<li><strong>Betriebsspannung:<\/strong> 5 \/ 12 V<\/li>\n<li><strong>Temperatur im Betrieb:<\/strong> 0 \u2013 65 \u00b0C<\/li>\n<li><strong>Gewicht:<\/strong> 490 g<\/li>\n<li><strong>Abmessungen (B x H x T):<\/strong> 101,85 mm x 20,2 mm x 146,99 mm<\/li>\n<li><strong>HS-Code:<\/strong> 84717050<\/li>\n<\/ul>","protected":false},"excerpt":{"rendered":"<p><strong>Seagate SkyHawk ST4000VX016 \u2013 4 TB 3,5-Zoll-SATA-Festplatte<\/strong><\/p>\n<p>SkyHawk wurde f\u00fcr Videosysteme entwickelt und eignet sich ideal f\u00fcr DVR- und NVR-Systeme, die bis zu 64 HD-Kameras unterst\u00fctzen. Mit ImagePerfect-Technologie und SkyHawk Health Management sorgt es f\u00fcr eine zuverl\u00e4ssige und kontinuierliche Videoaufzeichnung. Es bietet eine schnelle Daten\u00fcbertragung von 6 Gbit\/s, eine dauerhafte \u00dcbertragungsrate von 180 MiB\/s und verf\u00fcgt \u00fcber eine Puffergr\u00f6\u00dfe von 256 MB. Beinhaltet drei Jahre Seagate Rescue Data Recovery f\u00fcr zus\u00e4tzlichen Datenschutz.<\/p>","protected":false},"featured_media":137186,"template":"","meta":{"_acf_changed":false},"product_brand":[],"product_cat":[3261],"product_tag":[],"class_list":{"0":"post-96405","1":"product","2":"type-product","3":"status-publish","4":"has-post-thumbnail","6":"product_cat-hdd-harddisk-3-5","7":"product_shipping_class-tunga-paket","8":"pa_brands-seagate","9":"tm-no-options","11":"first","12":"outofstock","13":"taxable","14":"shipping-taxable","15":"purchasable","16":"product-type-simple"},"acf":[],"_links":{"self":[{"href":"https:\/\/secureus.se\/de\/wp-json\/wp\/v2\/product\/96405","targetHints":{"allow":["GET"]}}],"collection":[{"href":"https:\/\/secureus.se\/de\/wp-json\/wp\/v2\/product"}],"about":[{"href":"https:\/\/secureus.se\/de\/wp-json\/wp\/v2\/types\/product"}],"wp:featuredmedia":[{"embeddable":true,"href":"https:\/\/secureus.se\/de\/wp-json\/wp\/v2\/media\/137186"}],"wp:attachment":[{"href":"https:\/\/secureus.se\/de\/wp-json\/wp\/v2\/media?parent=96405"}],"wp:term":[{"taxonomy":"product_brand","embeddable":true,"href":"https:\/\/secureus.se\/de\/wp-json\/wp\/v2\/product_brand?post=96405"},{"taxonomy":"product_cat","embeddable":true,"href":"https:\/\/secureus.se\/de\/wp-json\/wp\/v2\/product_cat?post=96405"},{"taxonomy":"product_tag","embeddable":true,"href":"https:\/\/secureus.se\/de\/wp-json\/wp\/v2\/product_tag?post=96405"}],"curies":[{"name":"wp","href":"https:\/\/api.w.org\/{rel}","templated":true}]}}