{"id":96662,"date":"2022-06-28T12:30:53","date_gmt":"2022-06-28T10:30:53","guid":{"rendered":"https:\/\/secureus.se\/kombidet-ir-mw-tak-dd669am\/"},"modified":"2026-04-23T11:36:44","modified_gmt":"2026-04-23T09:36:44","slug":"kombidet-ir-mw-tak-dd669am","status":"publish","type":"product","link":"https:\/\/secureus.se\/de\/kombidet-ir-mw-tak-dd669am\/","title":{"rendered":"UTC-Kombidetektor Ir\/Mw Tak Dd669Am Antimask"},"content":{"rendered":"<h1>UTC-Kombidetektor Ir\/Mw Tak Dd669Am Antimask<\/h1>\n<p data-start=\"388\" data-end=\"879\">Der UTC-Kombinationsmelder IR\/MW Decke DD669AM geh\u00f6rt zur DD669-Serie und bietet eine Kombination aus PIR (Passiv-Infrarot) und Mikrowellenerkennung f\u00fcr maximale Pr\u00e4zision in unterschiedlichen Umgebungen.<\/p>\n<p data-start=\"388\" data-end=\"879\">Der Melder ist mit einem Abdeckschutz und einer einzigartigen Spiegeloptik-Technologie ausgestattet, die eine l\u00fcckenlose Erfassung garantiert, ohne dass Eindringlinge entkommen k\u00f6nnen.<\/p>\n<p data-start=\"388\" data-end=\"879\">Mit 18 Vorh\u00e4ngen bietet der DD669AM einen Schutzbereich von bis zu 20 Metern Durchmesser und stellt so sicher, dass der gesamte Raum oder Bereich effektiv abgedeckt ist.<\/p>\n<p data-start=\"881\" data-end=\"1230\">Dank 4D-Signalverarbeitung und Bi-Curtain-Verarbeitung kann der Detektor zwischen echten Eindringlingen und St\u00f6rsignalen unterscheiden, was ihn besonders in schwierigen Umgebungen n\u00fctzlich macht.<\/p>\n<p data-start=\"881\" data-end=\"1230\">Die 5,8 GHz Radartechnologie mit Reichweitenanpassung erm\u00f6glicht Ihnen die Anpassung der Erfassungsreichweite, um Fehlalarme durch Bewegungen au\u00dferhalb der angegebenen Entfernung zu verhindern.<\/p>\n<p data-start=\"1232\" data-end=\"1424\">Die Installation des DD669AM ist einfach und er kann mit dem Zubeh\u00f6r 360FM in die Decke eingelassen werden, was eine stilvolle und diskrete Installation erm\u00f6glicht, bei der nur der obere Teil des Sensors sichtbar ist.<\/p>\n<p data-start=\"1426\" data-end=\"1455\"><strong data-start=\"1426\" data-end=\"1454\">Technische Spezifikationen<\/strong>:<\/p>\n<ul data-start=\"1456\" data-end=\"1866\">\n<li data-start=\"1456\" data-end=\"1497\">\n<p data-start=\"1458\" data-end=\"1497\"><strong data-start=\"1458\" data-end=\"1482\">Spannung (im Betrieb)<\/strong>: 9 bis 15 VDC<\/p>\n<\/li>\n<li data-start=\"1498\" data-end=\"1527\">\n<p data-start=\"1500\" data-end=\"1527\"><strong data-start=\"1500\" data-end=\"1520\">Stromverbrauch<\/strong>: 12 mA<\/p>\n<\/li>\n<li data-start=\"1528\" data-end=\"1558\">\n<p data-start=\"1530\" data-end=\"1558\"><strong data-start=\"1530\" data-end=\"1555\">Zertifizierte Alarmklasse<\/strong>: 3<\/p>\n<\/li>\n<li data-start=\"1559\" data-end=\"1613\">\n<p data-start=\"1561\" data-end=\"1613\"><strong data-start=\"1561\" data-end=\"1583\">Erfassungsbereich<\/strong>: Bis zu 20 Meter Durchmesser<\/p>\n<\/li>\n<li data-start=\"1614\" data-end=\"1646\">\n<p data-start=\"1616\" data-end=\"1646\"><strong data-start=\"1616\" data-end=\"1637\">Mikrowellenfrequenz<\/strong>: 5,8 GHz<\/p>\n<\/li>\n<li data-start=\"1647\" data-end=\"1671\">\n<p data-start=\"1649\" data-end=\"1671\"><strong data-start=\"1649\" data-end=\"1667\">Maskierungsschutz<\/strong>: Ja<\/p>\n<\/li>\n<li data-start=\"1672\" data-end=\"1701\">\n<p data-start=\"1674\" data-end=\"1701\"><strong data-start=\"1674\" data-end=\"1697\">4D-Signalverarbeitung<\/strong>: Ja<\/p>\n<\/li>\n<li data-start=\"1702\" data-end=\"1729\">\n<p data-start=\"1704\" data-end=\"1729\"><strong data-start=\"1704\" data-end=\"1725\">Bi-Vorhang-Behandlung<\/strong>: Ja<\/p>\n<\/li>\n<li data-start=\"1730\" data-end=\"1759\">\n<p data-start=\"1732\" data-end=\"1759\"><strong data-start=\"1732\" data-end=\"1755\">Distanzeinstellung<\/strong>: Ja<\/p>\n<\/li>\n<li data-start=\"1760\" data-end=\"1821\">\n<p data-start=\"1762\" data-end=\"1821\"><strong data-start=\"1762\" data-end=\"1784\">Installationsmethode<\/strong>: Unterputzmontage mit 360FM-Zubeh\u00f6r<\/p>\n<\/li>\n<li data-start=\"1822\" data-end=\"1866\">\n<p data-start=\"1824\" data-end=\"1866\"><strong data-start=\"1824\" data-end=\"1832\">Messen<\/strong>: Standardma\u00dfe f\u00fcr Deckenmontage<\/p>\n<\/li>\n<\/ul>","protected":false},"excerpt":{"rendered":"<p>Der UTC DD669AM ist ein fortschrittlicher Kombinationsmelder mit PIR- und Mikrowellentechnologie, perfekt f\u00fcr die Deckenmontage.<\/p>\n<p>Mit Maskierungsschutz, 20-Meter-Erkennung und 4D-Signalverarbeitung bietet dieser Detektor h\u00f6chste Pr\u00e4zision und Stabilit\u00e4t.<\/p>","protected":false},"featured_media":144028,"template":"","meta":{"_acf_changed":false},"product_brand":[],"product_cat":[1325],"product_tag":[2146],"class_list":{"0":"post-96662","1":"product","2":"type-product","3":"status-publish","4":"has-post-thumbnail","6":"product_cat-larmgivare-skalskydd","7":"product_tag-rorelsedetektor-kombidetektorer","8":"product_shipping_class-tunga-paket","9":"pa_brands-aritech","10":"tm-no-options","12":"first","13":"instock","14":"sale","15":"taxable","16":"shipping-taxable","17":"purchasable","18":"product-type-simple"},"acf":[],"_links":{"self":[{"href":"https:\/\/secureus.se\/de\/wp-json\/wp\/v2\/product\/96662","targetHints":{"allow":["GET"]}}],"collection":[{"href":"https:\/\/secureus.se\/de\/wp-json\/wp\/v2\/product"}],"about":[{"href":"https:\/\/secureus.se\/de\/wp-json\/wp\/v2\/types\/product"}],"wp:featuredmedia":[{"embeddable":true,"href":"https:\/\/secureus.se\/de\/wp-json\/wp\/v2\/media\/144028"}],"wp:attachment":[{"href":"https:\/\/secureus.se\/de\/wp-json\/wp\/v2\/media?parent=96662"}],"wp:term":[{"taxonomy":"product_brand","embeddable":true,"href":"https:\/\/secureus.se\/de\/wp-json\/wp\/v2\/product_brand?post=96662"},{"taxonomy":"product_cat","embeddable":true,"href":"https:\/\/secureus.se\/de\/wp-json\/wp\/v2\/product_cat?post=96662"},{"taxonomy":"product_tag","embeddable":true,"href":"https:\/\/secureus.se\/de\/wp-json\/wp\/v2\/product_tag?post=96662"}],"curies":[{"name":"wp","href":"https:\/\/api.w.org\/{rel}","templated":true}]}}