{"id":96740,"date":"2024-08-08T21:47:49","date_gmt":"2024-08-08T19:47:49","guid":{"rendered":"https:\/\/secureus.se\/?post_type=product&#038;p=96740"},"modified":"2026-04-23T12:14:00","modified_gmt":"2026-04-23T10:14:00","slug":"handtag-844s-hoger-8x53","status":"publish","type":"product","link":"https:\/\/secureus.se\/de\/handtag-844s-hoger-8x53\/","title":{"rendered":"Spagnolette-Griff Griff 844S Rechts 8X53 \u2013 Assa Abloy"},"content":{"rendered":"<div>ASSA ABLOY 844S ist ein Sicherheitsgriff, der im Innenbereich eingesetzt wird, wenn Sie sich gegen Einbruch und unbefugtes \u00d6ffnen sichern m\u00f6chten. Wird an Fenstert\u00fcren, Fenstern und Schrankt\u00fcren verwendet, die einen Spaniel haben. Zugelassen nach SS 3620 Klasse B.<\/div>\n<div><\/div>\n<div><b>Eigenschaften:\u00a0<\/b><\/div>\n<div>\n<ul>\n<li>Abschlie\u00dfbar mit Druckzylinder 4484<\/li>\n<li>Die Verriegelung erfolgt, wenn der Zylinder nach unten gedr\u00fcckt wird und sich der Griff in der geschlossenen Position befindet<\/li>\n<li>Beim Drehen des Schl\u00fcssels springt der Zylinder nach oben und die Schlie\u00dffunktion wird aufgehoben<\/li>\n<li>Der Schl\u00fcssel kann im entriegelten Zustand abgezogen werden<\/li>\n<li>Zugelassen nach SS 3620 Klasse B<\/li>\n<li>Die Griffe sind mit gleicher oder unterschiedlicher Schlie\u00dfung und mit gleicher Schlie\u00dfung wie die Fenstersicherungen Fix 2820S und 2830S erh\u00e4ltlich.<\/li>\n<li>Sprint aus 8 mm verzinktem Vierkantstahl.<\/li>\n<li>Sprintl\u00e4nge 53 mm.<\/li>\n<li>Auf Anfrage k\u00f6nnen auch 7 mm Vierkantstifte und andere Stiftl\u00e4ngen bestellt werden<\/li>\n<li>Erforderliche Einwegschraube im Lieferumfang enthalten<\/li>\n<\/ul>\n<\/div>\n<div><\/div>\n<div><b>Zubeh\u00f6r:<\/b><\/div>\n<div>\n<ul>\n<li>Druckzylinder 4484. Druckzylinder Abloy (zur Systemverriegelung)<\/li>\n<li>Unterlegscheibe 4926<\/li>\n<li>Griffkupplung 833, wenn bei einem Bogen beidseitig Griffe montiert werden m\u00fcssen<\/li>\n<li>Griffkupplung 961, wenn bei einem Doppelbogen Griffe beidseitig montiert werden m\u00fcssen<\/li>\n<li>Fenstergriff 42<\/li>\n<\/ul>\n<\/div>","protected":false},"excerpt":{"rendered":"<p>ASSA ABLOY 844S \u2013 Sicherheitsgriff<\/p>\n<p>Zugelassen gem\u00e4\u00df SS 3620 Klasse B.<\/p>","protected":false},"featured_media":137460,"template":"","meta":{"_acf_changed":false},"product_brand":[],"product_cat":[4113,4126,4127],"product_tag":[],"class_list":{"0":"post-96740","1":"product","2":"type-product","3":"status-publish","4":"has-post-thumbnail","6":"product_cat-spanjoletthandtag","7":"product_cat-fonsterhandtag","8":"product_cat-handtag-altandorr","9":"product_shipping_class-postnord-varubrev","10":"pa_brands-abloy","11":"tm-no-options","13":"first","14":"instock","15":"sale","16":"taxable","17":"shipping-taxable","18":"purchasable","19":"product-type-simple"},"acf":[],"_links":{"self":[{"href":"https:\/\/secureus.se\/de\/wp-json\/wp\/v2\/product\/96740","targetHints":{"allow":["GET"]}}],"collection":[{"href":"https:\/\/secureus.se\/de\/wp-json\/wp\/v2\/product"}],"about":[{"href":"https:\/\/secureus.se\/de\/wp-json\/wp\/v2\/types\/product"}],"wp:featuredmedia":[{"embeddable":true,"href":"https:\/\/secureus.se\/de\/wp-json\/wp\/v2\/media\/137460"}],"wp:attachment":[{"href":"https:\/\/secureus.se\/de\/wp-json\/wp\/v2\/media?parent=96740"}],"wp:term":[{"taxonomy":"product_brand","embeddable":true,"href":"https:\/\/secureus.se\/de\/wp-json\/wp\/v2\/product_brand?post=96740"},{"taxonomy":"product_cat","embeddable":true,"href":"https:\/\/secureus.se\/de\/wp-json\/wp\/v2\/product_cat?post=96740"},{"taxonomy":"product_tag","embeddable":true,"href":"https:\/\/secureus.se\/de\/wp-json\/wp\/v2\/product_tag?post=96740"}],"curies":[{"name":"wp","href":"https:\/\/api.w.org\/{rel}","templated":true}]}}