{"id":96748,"date":"2024-08-08T21:47:49","date_gmt":"2024-08-08T19:47:49","guid":{"rendered":"https:\/\/secureus.se\/?post_type=product&#038;p=96748"},"modified":"2026-03-25T15:36:16","modified_gmt":"2026-03-25T14:36:16","slug":"handtag-83-rakt-8x33-krom","status":"publish","type":"product","link":"https:\/\/secureus.se\/de\/handtag-83-rakt-8x33-krom\/","title":{"rendered":"Fenstergriff Griff 83 gerade 8 x 33 Chrom \u2013 Assa Abloy"},"content":{"rendered":"<div>ASSA ABLOY 83 ist ein klassischer Griff f\u00fcr Fenster und Fenstert\u00fcren. Der Griff verf\u00fcgt \u00fcber integrierte Verriegelungspositionen zum \u00d6ffnen und Schlie\u00dfen, die den Griff in der richtigen Position halten. Erh\u00e4ltlich in linksh\u00e4ndiger, gerader und rechtsh\u00e4ndiger Ausf\u00fchrung.<\/div>\n<div><b><br \/>Eigenschaften:<\/b><\/div>\n<div>\n<ul>\n<li>Integrierte Verriegelungspositionen zum \u00d6ffnen und Schlie\u00dfen, die den Griff in der richtigen Position halten.<\/li>\n<li>Sprint aus 8 mm verzinktem Vierkantstahl.<\/li>\n<li>Sprintl\u00e4nge: 33 mm<\/li>\n<li>Empfohlene Schraube: TKFX 4,0 mm.<\/li>\n<li>Zubeh\u00f6r: Griffschloss Fix 840 und 850.<\/li>\n<li>Griffkupplung 833, 833\/16 wird verwendet, wenn Griffe beidseitig montiert werden m\u00fcssen.<\/li>\n<li>Material: Zamak-Metall<\/li>\n<li>Oberfl\u00e4chenbehandlung: Verchromt<\/li>\n<\/ul>\n<\/div>","protected":false},"excerpt":{"rendered":"<p>ASSA ABLOY 83 ist ein klassischer Griff f\u00fcr Fenster und Fenstert\u00fcren. Der Griff verf\u00fcgt \u00fcber integrierte Verriegelungspositionen zum \u00d6ffnen und Schlie\u00dfen, die den Griff in der richtigen Position halten. Erh\u00e4ltlich als Linksh\u00e4nder, gerade und<\/p>","protected":false},"featured_media":137935,"template":"","meta":{"_acf_changed":false},"product_brand":[],"product_cat":[4126,4127],"product_tag":[],"class_list":{"0":"post-96748","1":"product","2":"type-product","3":"status-publish","4":"has-post-thumbnail","6":"product_cat-fonsterhandtag","7":"product_cat-handtag-altandorr","8":"product_shipping_class-postnord-varubrev","9":"pa_brands-abloy","10":"tm-no-options","12":"first","13":"instock","14":"sale","15":"taxable","16":"shipping-taxable","17":"purchasable","18":"product-type-simple"},"acf":[],"_links":{"self":[{"href":"https:\/\/secureus.se\/de\/wp-json\/wp\/v2\/product\/96748","targetHints":{"allow":["GET"]}}],"collection":[{"href":"https:\/\/secureus.se\/de\/wp-json\/wp\/v2\/product"}],"about":[{"href":"https:\/\/secureus.se\/de\/wp-json\/wp\/v2\/types\/product"}],"wp:featuredmedia":[{"embeddable":true,"href":"https:\/\/secureus.se\/de\/wp-json\/wp\/v2\/media\/137935"}],"wp:attachment":[{"href":"https:\/\/secureus.se\/de\/wp-json\/wp\/v2\/media?parent=96748"}],"wp:term":[{"taxonomy":"product_brand","embeddable":true,"href":"https:\/\/secureus.se\/de\/wp-json\/wp\/v2\/product_brand?post=96748"},{"taxonomy":"product_cat","embeddable":true,"href":"https:\/\/secureus.se\/de\/wp-json\/wp\/v2\/product_cat?post=96748"},{"taxonomy":"product_tag","embeddable":true,"href":"https:\/\/secureus.se\/de\/wp-json\/wp\/v2\/product_tag?post=96748"}],"curies":[{"name":"wp","href":"https:\/\/api.w.org\/{rel}","templated":true}]}}