{"id":96770,"date":"2024-08-08T21:47:50","date_gmt":"2024-08-08T19:47:50","guid":{"rendered":"https:\/\/secureus.se\/?post_type=product&#038;p=96770"},"modified":"2025-09-15T12:05:20","modified_gmt":"2025-09-15T10:05:20","slug":"handtag-ingaro-30r-hoger-8x43-krom","status":"publish","type":"product","link":"https:\/\/secureus.se\/de\/handtag-ingaro-30r-hoger-8x43-krom\/","title":{"rendered":"Fenstergriff Griff Ingar\u00f6 30R Rechts 8x43 Chrom - Roca"},"content":{"rendered":"<div>ROCA Ingar\u00f6 WH-I 30R ist ein rechter Fenstergriff mit Grundplatte 30 und F\u00fchrungsstiften f\u00fcr eine gerade und saubere Montage. Mit festen Endlagen f\u00fcr \u201eTipp-Dreh\u201c-Fenster. Der Griff ist in den Ausf\u00fchrungen links, rechts und gerade erh\u00e4ltlich. Die Ingar\u00f6-Serie hat ein klassisches Design und wurde speziell f\u00fcr traditionelle Fenster entwickelt, kann aber auch moderneren Fenstern und Fenstert\u00fcren ein gew\u00f6hnliches Aussehen verleihen.<\/div>\n<div><b>Eigenschaften:<\/b><\/div>\n<div>\n<ul>\n<li>C\/C-Aufsatz: 43 mm<\/li>\n<li>Sprintma\u00df: 8\u00d743 mm<\/li>\n<li>Material Griff: Zink-Aluminium-Legierung<\/li>\n<li>Material Bolzen: Verzinkter Stahl<\/li>\n<li>Oberfl\u00e4chenbehandlung: Verchromt<\/li>\n<\/ul>\n<\/div>","protected":false},"excerpt":{"rendered":"<p>ROCA Ingar\u00f6 WH-I 30R ist ein rechter Fenstergriff mit Grundplatte 30 und F\u00fchrungsstiften f\u00fcr eine gerade und saubere Montage. Mit festen Endlagen f\u00fcr \u201eTipp-Dreh\u201c-Fenster. Der Griff ist in links, rechts und erh\u00e4ltlich<\/p>","protected":false},"featured_media":137142,"template":"","meta":{"_acf_changed":false},"product_brand":[],"product_cat":[4126,4127],"product_tag":[],"class_list":{"0":"post-96770","1":"product","2":"type-product","3":"status-publish","4":"has-post-thumbnail","6":"product_cat-fonsterhandtag","7":"product_cat-handtag-altandorr","8":"product_shipping_class-postnord-varubrev","9":"pa_brands-roca","10":"tm-no-options","12":"first","13":"onbackorder","14":"sale","15":"taxable","16":"shipping-taxable","17":"purchasable","18":"product-type-simple"},"acf":[],"_links":{"self":[{"href":"https:\/\/secureus.se\/de\/wp-json\/wp\/v2\/product\/96770","targetHints":{"allow":["GET"]}}],"collection":[{"href":"https:\/\/secureus.se\/de\/wp-json\/wp\/v2\/product"}],"about":[{"href":"https:\/\/secureus.se\/de\/wp-json\/wp\/v2\/types\/product"}],"wp:featuredmedia":[{"embeddable":true,"href":"https:\/\/secureus.se\/de\/wp-json\/wp\/v2\/media\/137142"}],"wp:attachment":[{"href":"https:\/\/secureus.se\/de\/wp-json\/wp\/v2\/media?parent=96770"}],"wp:term":[{"taxonomy":"product_brand","embeddable":true,"href":"https:\/\/secureus.se\/de\/wp-json\/wp\/v2\/product_brand?post=96770"},{"taxonomy":"product_cat","embeddable":true,"href":"https:\/\/secureus.se\/de\/wp-json\/wp\/v2\/product_cat?post=96770"},{"taxonomy":"product_tag","embeddable":true,"href":"https:\/\/secureus.se\/de\/wp-json\/wp\/v2\/product_tag?post=96770"}],"curies":[{"name":"wp","href":"https:\/\/api.w.org\/{rel}","templated":true}]}}