{"id":96783,"date":"2024-08-08T21:47:50","date_gmt":"2024-08-08T19:47:50","guid":{"rendered":"https:\/\/secureus.se\/?post_type=product&#038;p=96783"},"modified":"2025-10-21T12:42:09","modified_gmt":"2025-10-21T10:42:09","slug":"handtag-tyreso-301tl-vanster-langskylt-8x70-matt-nickel","status":"publish","type":"product","link":"https:\/\/secureus.se\/de\/handtag-tyreso-301tl-vanster-langskylt-8x70-matt-nickel\/","title":{"rendered":"Espagnolette-Griff Griff Tyres\u00f6 301TL Links Langschild 8X70 Matt Nickel \u2013 Roca"},"content":{"rendered":"<div>ROCA Tyres\u00f6 301TL (mit F\u00fchrungsstiften) linksgedrehter Fenstert\u00fcrgriff f\u00fcr abschlie\u00dfbare spanische T\u00fcren. Die Langplatte hat eine ovale Aussparung f\u00fcr einen ovalen Schlie\u00dfzylinder. Das ovale Loch kann mit Vred TT01, Abdeckplatte Rokoko RC01 oder Abdeckplatte BP01 vervollst\u00e4ndigt werden. Der Fenstergriff eignet sich daher f\u00fcr die Einzel- oder Doppelmontage mit Zylinder\/Knopf, Zylinder\/Zylinder oder Zylinder\/Abdeckplatte und ist in den Ausf\u00fchrungen links, rechts und gerade erh\u00e4ltlich. Die Tyres\u00f6-Serie ist ein Fenstergriff in schlankem und zeitlosem Design, passend zu einer etwas moderneren Architektur.<\/div>\n<div><b>Eigenschaften:<\/b><\/div>\n<div>\n<ul>\n<li>Mit F\u00fchrungsstiften (301 ohne F\u00fchrungsstifte)<\/li>\n<li>C\/C-Montage: 43 mm zwischen den Griffen, oben 71 mm nach oben<\/li>\n<li>Abmessungen des langen Schildes: 28X134 mm<\/li>\n<li>Sprintabmessung: 8X70 mm<\/li>\n<li>Material Griff: Zink-Aluminium-Legierung<\/li>\n<li>Material Bolzen: Verzinkter Stahl<\/li>\n<li>Oberfl\u00e4chenbehandlung: Vernickelt, matt geb\u00fcrstet<\/li>\n<\/ul>\n<\/div>","protected":false},"excerpt":{"rendered":"<p>ROCA Tyres\u00f6 301TL (mit F\u00fchrungsstiften) linksgedrehter Fenstert\u00fcrgriff f\u00fcr abschlie\u00dfbare spanische T\u00fcren. Das Langschild hat eine ovale Aussparung f\u00fcr einen ovalen Schlie\u00dfzylinder. Das ovale Loch kann mit Vred TT01, Abdeckscheibe Rokoko RC01 oder Abdeckscheibe vervollst\u00e4ndigt werden<\/p>","protected":false},"featured_media":136890,"template":"","meta":{"_acf_changed":false},"product_brand":[],"product_cat":[4113,4126,4127],"product_tag":[4863],"class_list":{"0":"post-96783","1":"product","2":"type-product","3":"status-publish","4":"has-post-thumbnail","6":"product_cat-spanjoletthandtag","7":"product_cat-fonsterhandtag","8":"product_cat-handtag-altandorr","9":"product_tag-pf","10":"product_shipping_class-postnord-varubrev","11":"pa_brands-roca","12":"tm-no-options","14":"first","15":"instock","16":"sale","17":"taxable","18":"shipping-taxable","19":"purchasable","20":"product-type-simple"},"acf":[],"_links":{"self":[{"href":"https:\/\/secureus.se\/de\/wp-json\/wp\/v2\/product\/96783","targetHints":{"allow":["GET"]}}],"collection":[{"href":"https:\/\/secureus.se\/de\/wp-json\/wp\/v2\/product"}],"about":[{"href":"https:\/\/secureus.se\/de\/wp-json\/wp\/v2\/types\/product"}],"wp:featuredmedia":[{"embeddable":true,"href":"https:\/\/secureus.se\/de\/wp-json\/wp\/v2\/media\/136890"}],"wp:attachment":[{"href":"https:\/\/secureus.se\/de\/wp-json\/wp\/v2\/media?parent=96783"}],"wp:term":[{"taxonomy":"product_brand","embeddable":true,"href":"https:\/\/secureus.se\/de\/wp-json\/wp\/v2\/product_brand?post=96783"},{"taxonomy":"product_cat","embeddable":true,"href":"https:\/\/secureus.se\/de\/wp-json\/wp\/v2\/product_cat?post=96783"},{"taxonomy":"product_tag","embeddable":true,"href":"https:\/\/secureus.se\/de\/wp-json\/wp\/v2\/product_tag?post=96783"}],"curies":[{"name":"wp","href":"https:\/\/api.w.org\/{rel}","templated":true}]}}