{"id":96797,"date":"2024-08-08T21:47:51","date_gmt":"2024-08-08T19:47:51","guid":{"rendered":"https:\/\/secureus.se\/?post_type=product&#038;p=96797"},"modified":"2025-09-15T12:05:51","modified_gmt":"2025-09-15T10:05:51","slug":"handtag-prasto-30l-vanster-8x53-krom","status":"publish","type":"product","link":"https:\/\/secureus.se\/de\/handtag-prasto-30l-vanster-8x53-krom\/","title":{"rendered":"Fenstergriff Pr\u00e4st\u00f6 30L Links 8X53 Chrom \u2013 Roca"},"content":{"rendered":"<div>\n<div>ROCA Pr\u00e4st\u00f6 WH-P 30L ist ein linksh\u00e4ndiger Fenstergriff mit Grundplatte 30 und F\u00fchrungsstiften f\u00fcr eine gerade und saubere Montage. Mit festen Endlagen f\u00fcr \u201eTipp-Dreh\u201c-Fenster. Der Griff ist in den Ausf\u00fchrungen links, rechts und gerade erh\u00e4ltlich. Die Pr\u00e4st\u00f6-Serie ist der perfekte Fenstergriff f\u00fcr funktionale Architektur, aber der aktualisierte Retro-Klassiker eignet sich auch f\u00fcr die meisten Arten moderner Geb\u00e4ude. Pr\u00e4st\u00f6 hat einen l\u00e4ngeren und ergonomischeren Griff als \u00e4ltere Modelle.<\/div>\n<p><\/div>\n<div><b>Eigenschaften:<\/b><\/div>\n<div>\n<ul>\n<li>C\/C-Aufsatz: 43 mm<\/li>\n<li>Sprintabmessung: 8X53 mm<\/li>\n<li>Material Griff: Zink-Aluminium-Legierung<\/li>\n<li>Material Bolzen: Verzinkter Stahl<\/li>\n<li>Oberfl\u00e4chenbehandlung: Verchromt<\/li>\n<\/ul>\n<\/div>","protected":false},"excerpt":{"rendered":"<p>ROCA Pr\u00e4st\u00f6 WH-P 30L ist ein linksh\u00e4ndiger Fenstergriff mit Grundplatte 30 und F\u00fchrungsstiften f\u00fcr eine gerade und saubere Montage. Mit festen Endlagen f\u00fcr \u201eTipp-Dreh\u201c-Fenster. Der Griff ist in links, rechts und erh\u00e4ltlich<\/p>","protected":false},"featured_media":137080,"template":"","meta":{"_acf_changed":false},"product_brand":[],"product_cat":[4126],"product_tag":[],"class_list":{"0":"post-96797","1":"product","2":"type-product","3":"status-publish","4":"has-post-thumbnail","6":"product_cat-fonsterhandtag","7":"product_shipping_class-postnord-varubrev","8":"pa_brands-roca","9":"tm-no-options","11":"first","12":"onbackorder","13":"sale","14":"taxable","15":"shipping-taxable","16":"purchasable","17":"product-type-simple"},"acf":[],"_links":{"self":[{"href":"https:\/\/secureus.se\/de\/wp-json\/wp\/v2\/product\/96797","targetHints":{"allow":["GET"]}}],"collection":[{"href":"https:\/\/secureus.se\/de\/wp-json\/wp\/v2\/product"}],"about":[{"href":"https:\/\/secureus.se\/de\/wp-json\/wp\/v2\/types\/product"}],"wp:featuredmedia":[{"embeddable":true,"href":"https:\/\/secureus.se\/de\/wp-json\/wp\/v2\/media\/137080"}],"wp:attachment":[{"href":"https:\/\/secureus.se\/de\/wp-json\/wp\/v2\/media?parent=96797"}],"wp:term":[{"taxonomy":"product_brand","embeddable":true,"href":"https:\/\/secureus.se\/de\/wp-json\/wp\/v2\/product_brand?post=96797"},{"taxonomy":"product_cat","embeddable":true,"href":"https:\/\/secureus.se\/de\/wp-json\/wp\/v2\/product_cat?post=96797"},{"taxonomy":"product_tag","embeddable":true,"href":"https:\/\/secureus.se\/de\/wp-json\/wp\/v2\/product_tag?post=96797"}],"curies":[{"name":"wp","href":"https:\/\/api.w.org\/{rel}","templated":true}]}}