{"id":96804,"date":"2024-08-08T21:47:51","date_gmt":"2024-08-08T19:47:51","guid":{"rendered":"https:\/\/secureus.se\/?post_type=product&#038;p=96804"},"modified":"2026-04-08T15:56:38","modified_gmt":"2026-04-08T13:56:38","slug":"sakerhetsanordning-836s-8x53-krom","status":"publish","type":"product","link":"https:\/\/secureus.se\/de\/sakerhetsanordning-836s-8x53-krom\/","title":{"rendered":"Spagnolette-Griff Sicherheitsvorrichtung 836S 8X53 Chrom"},"content":{"rendered":"<p><b>Einsatzgebiet: <\/b><br \/>\n Wird an der Innenseite von Fenstern, Fenstert\u00fcren und Schrankt\u00fcren verwendet, die \u00fcber ein Scharnier verf\u00fcgen, an denen kein fester Griff gew\u00fcnscht wird und die gegen Einbruch oder unbefugtes \u00d6ffnen gesichert werden m\u00fcssen.<\/p>\n<div><\/div>\n<div><b>Eigenschaften\/Funktion:\u00a0<\/b><\/div>\n<div>\n<ul>\n<li>Selbstsichernder Griff mit Zylinder.<\/li>\n<li>Abschlie\u00dfbar mit Zylinder.\u00a0<\/li>\n<li>Zugelassen nach SS 3620 Klasse B.<\/li>\n<\/ul>\n<p><b>Zubeh\u00f6r: <\/b> Standard-Ovalzylinder. Dreikantschl\u00fcssel 145. Unterlegscheibe 841S.<\/p>\n<\/div>","protected":false},"excerpt":{"rendered":"<p>Einsatzgebiet: Wird an der Innenseite von Fenstern, Fenstert\u00fcren und Schrankt\u00fcren verwendet, die \u00fcber ein Scharnier verf\u00fcgen, wo kein fester Griff gew\u00fcnscht wird und die gegen Einbruch oder unbefugtes \u00d6ffnen gesichert werden m\u00fcssen. Merkmale\/Funktion: Selbsthemmend<\/p>","protected":false},"featured_media":137066,"template":"","meta":{"_acf_changed":false},"product_brand":[],"product_cat":[4113,4126,4127],"product_tag":[],"class_list":{"0":"post-96804","1":"product","2":"type-product","3":"status-publish","4":"has-post-thumbnail","6":"product_cat-spanjoletthandtag","7":"product_cat-fonsterhandtag","8":"product_cat-handtag-altandorr","9":"product_shipping_class-postnord-varubrev","10":"pa_brands-abloy","11":"tm-no-options","13":"first","14":"instock","15":"sale","16":"taxable","17":"shipping-taxable","18":"purchasable","19":"product-type-simple"},"acf":[],"_links":{"self":[{"href":"https:\/\/secureus.se\/de\/wp-json\/wp\/v2\/product\/96804","targetHints":{"allow":["GET"]}}],"collection":[{"href":"https:\/\/secureus.se\/de\/wp-json\/wp\/v2\/product"}],"about":[{"href":"https:\/\/secureus.se\/de\/wp-json\/wp\/v2\/types\/product"}],"wp:featuredmedia":[{"embeddable":true,"href":"https:\/\/secureus.se\/de\/wp-json\/wp\/v2\/media\/137066"}],"wp:attachment":[{"href":"https:\/\/secureus.se\/de\/wp-json\/wp\/v2\/media?parent=96804"}],"wp:term":[{"taxonomy":"product_brand","embeddable":true,"href":"https:\/\/secureus.se\/de\/wp-json\/wp\/v2\/product_brand?post=96804"},{"taxonomy":"product_cat","embeddable":true,"href":"https:\/\/secureus.se\/de\/wp-json\/wp\/v2\/product_cat?post=96804"},{"taxonomy":"product_tag","embeddable":true,"href":"https:\/\/secureus.se\/de\/wp-json\/wp\/v2\/product_tag?post=96804"}],"curies":[{"name":"wp","href":"https:\/\/api.w.org\/{rel}","templated":true}]}}