{"id":96812,"date":"2024-08-08T21:47:51","date_gmt":"2024-08-08T19:47:51","guid":{"rendered":"https:\/\/secureus.se\/?post_type=product&#038;p=96812"},"modified":"2026-04-23T12:12:05","modified_gmt":"2026-04-23T10:12:05","slug":"handtag-london-013vk-350kl-hoger-8x67-f1-silver","status":"publish","type":"product","link":"https:\/\/secureus.se\/de\/handtag-london-013vk-350kl-hoger-8x67-f1-silver\/","title":{"rendered":"Stangengriff London 013VK\/350KL Rechts 8x67 F1 Silber - HOPPE"},"content":{"rendered":"<div>HOPPE London 13VK\/350KL ist eine Griffserie mit Langschild f\u00fcr Fenstert\u00fcren mit abschlie\u00dfbaren Spaniels. Aus Aluminium. Erf\u00fcllt die Anforderungen f\u00fcr die Nickelabscheidung \u2013 allergiegepr\u00fcft.<\/div>\n<div><b><br \/>\nEigenschaften:<\/b><\/div>\n<div>\n<ul>\n<li>Rechts abbiegen<\/li>\n<li>Langblechjalousie (ohne Loch f\u00fcr Zylinder)<\/li>\n<li>Sprintdurchmesser: 8 mm<\/li>\n<li>Sprintl\u00e4nge: 67 mm<\/li>\n<li>Eindeutige Positionen: 90\u00b0<\/li>\n<li>Material: Aluminium<\/li>\n<li>Farbe: F1 Aluminium silberfarben<\/li>\n<li>Erf\u00fcllt die Anforderungen f\u00fcr die Nickelabscheidung \u2013 allergiegepr\u00fcft.<\/li>\n<\/ul>\n<\/div>\n<div><\/div>\n<div><\/div>","protected":false},"excerpt":{"rendered":"<p>HOPPE London 13VK\/350KL ist eine Griffserie mit Langschild f\u00fcr Fenstert\u00fcren mit abschlie\u00dfbaren Spaniels. Aus Aluminium. Erf\u00fcllt die Anforderungen f\u00fcr die Nickelabscheidung \u2013 allergiegepr\u00fcft. Merkmale: Langes Schildrollo f\u00fcr Rechtsh\u00e4nder (ohne Loch f\u00fcr Zylinder)<\/p>","protected":false},"featured_media":137400,"template":"","meta":{"_acf_changed":false},"product_brand":[],"product_cat":[4113,4126,4127],"product_tag":[],"class_list":{"0":"post-96812","1":"product","2":"type-product","3":"status-publish","4":"has-post-thumbnail","6":"product_cat-spanjoletthandtag","7":"product_cat-fonsterhandtag","8":"product_cat-handtag-altandorr","9":"product_shipping_class-postnord-varubrev","10":"pa_brands-hoppe","11":"tm-no-options","13":"first","14":"instock","15":"sale","16":"taxable","17":"shipping-taxable","18":"purchasable","19":"product-type-simple"},"acf":[],"_links":{"self":[{"href":"https:\/\/secureus.se\/de\/wp-json\/wp\/v2\/product\/96812","targetHints":{"allow":["GET"]}}],"collection":[{"href":"https:\/\/secureus.se\/de\/wp-json\/wp\/v2\/product"}],"about":[{"href":"https:\/\/secureus.se\/de\/wp-json\/wp\/v2\/types\/product"}],"wp:featuredmedia":[{"embeddable":true,"href":"https:\/\/secureus.se\/de\/wp-json\/wp\/v2\/media\/137400"}],"wp:attachment":[{"href":"https:\/\/secureus.se\/de\/wp-json\/wp\/v2\/media?parent=96812"}],"wp:term":[{"taxonomy":"product_brand","embeddable":true,"href":"https:\/\/secureus.se\/de\/wp-json\/wp\/v2\/product_brand?post=96812"},{"taxonomy":"product_cat","embeddable":true,"href":"https:\/\/secureus.se\/de\/wp-json\/wp\/v2\/product_cat?post=96812"},{"taxonomy":"product_tag","embeddable":true,"href":"https:\/\/secureus.se\/de\/wp-json\/wp\/v2\/product_tag?post=96812"}],"curies":[{"name":"wp","href":"https:\/\/api.w.org\/{rel}","templated":true}]}}