{"id":96842,"date":"2024-08-08T21:47:52","date_gmt":"2024-08-08T19:47:52","guid":{"rendered":"https:\/\/secureus.se\/?post_type=product&#038;p=96842"},"modified":"2026-03-25T15:39:09","modified_gmt":"2026-03-25T14:39:09","slug":"handtag-7312-hoger-8x43-mattkrom","status":"publish","type":"product","link":"https:\/\/secureus.se\/de\/handtag-7312-hoger-8x43-mattkrom\/","title":{"rendered":"Fenstergriff Griff 7312 Rechts 8X43 Mattchrom \u2013 Assa Abloy"},"content":{"rendered":"<div>ASSA ABLOY 7312 ist ein abschlie\u00dfbarer Fenstergriff der Vinga-Serie f\u00fcr Fenster und Fenstert\u00fcren. Erh\u00e4ltlich in rechter, linker oder gerader Ausf\u00fchrung. Passt sowohl zu \u00e4lteren als auch zu neueren Architekturen.<\/div>\n<div><b><br \/>\nEigenschaften:<\/b><\/div>\n<div>\n<ul>\n<li>Abschlie\u00dfbar mit Druckzylinder<\/li>\n<li>Passender Druckzylinder 7310 oder 716, 1216 und 1316 f\u00fcr zugelassene Verriegelung<\/li>\n<li>Zum Verriegeln den Zylinder dr\u00fccken und mit dem Schl\u00fcssel entriegeln<\/li>\n<li>Vinga 7312 verf\u00fcgt \u00fcber eine Abdeckplatte, die eine verdeckte Schraubbefestigung erm\u00f6glicht.<\/li>\n<li>Der Griff wird durch eine einzigartige Schnappbefestigung in die Ablage gedr\u00fcckt.<\/li>\n<li>Der Griff l\u00e4sst sich leicht demontieren und durch einen anderen Griff ersetzen, z.B. abschlie\u00dfbar oder Griff einer anderen Oberfl\u00e4chenbehandlung.<\/li>\n<li>Erf\u00fcllt die Anforderungen gem\u00e4\u00df der schwedischen Norm SS 3620 Klasse B hinsichtlich Einbruchschutz.<\/li>\n<li>Sprint, quadratisch 8mm<\/li>\n<li>Sprintl\u00e4nge: 43 mm. \u2013 kann bei Bedarf zugeschnitten werden<\/li>\n<li>Material: Zamak-Metall<\/li>\n<li>Oberfl\u00e4chenbehandlung: Chrom oder Mattchrom<\/li>\n<\/ul>\n<\/div>\n<div><\/div>","protected":false},"excerpt":{"rendered":"<p>ASSA ABLOY 7312 ist ein abschlie\u00dfbarer Fenstergriff der Vinga-Serie f\u00fcr Fenster und Fenstert\u00fcren. Erh\u00e4ltlich in rechter, linker oder gerader Ausf\u00fchrung. Passt sowohl zu \u00e4lteren als auch zu neueren Architekturen. Eigenschaften: Abschlie\u00dfbar mit<\/p>","protected":false},"featured_media":137003,"template":"","meta":{"_acf_changed":false},"product_brand":[],"product_cat":[4126,4127],"product_tag":[],"class_list":{"0":"post-96842","1":"product","2":"type-product","3":"status-publish","4":"has-post-thumbnail","6":"product_cat-fonsterhandtag","7":"product_cat-handtag-altandorr","8":"product_shipping_class-postnord-varubrev","9":"pa_brands-abloy","10":"tm-no-options","12":"first","13":"instock","14":"sale","15":"taxable","16":"shipping-taxable","17":"purchasable","18":"product-type-simple"},"acf":[],"_links":{"self":[{"href":"https:\/\/secureus.se\/de\/wp-json\/wp\/v2\/product\/96842","targetHints":{"allow":["GET"]}}],"collection":[{"href":"https:\/\/secureus.se\/de\/wp-json\/wp\/v2\/product"}],"about":[{"href":"https:\/\/secureus.se\/de\/wp-json\/wp\/v2\/types\/product"}],"wp:featuredmedia":[{"embeddable":true,"href":"https:\/\/secureus.se\/de\/wp-json\/wp\/v2\/media\/137003"}],"wp:attachment":[{"href":"https:\/\/secureus.se\/de\/wp-json\/wp\/v2\/media?parent=96842"}],"wp:term":[{"taxonomy":"product_brand","embeddable":true,"href":"https:\/\/secureus.se\/de\/wp-json\/wp\/v2\/product_brand?post=96842"},{"taxonomy":"product_cat","embeddable":true,"href":"https:\/\/secureus.se\/de\/wp-json\/wp\/v2\/product_cat?post=96842"},{"taxonomy":"product_tag","embeddable":true,"href":"https:\/\/secureus.se\/de\/wp-json\/wp\/v2\/product_tag?post=96842"}],"curies":[{"name":"wp","href":"https:\/\/api.w.org\/{rel}","templated":true}]}}