{"id":96844,"date":"2024-08-08T21:47:52","date_gmt":"2024-08-08T19:47:52","guid":{"rendered":"https:\/\/secureus.se\/?post_type=product&#038;p=96844"},"modified":"2026-04-08T15:46:08","modified_gmt":"2026-04-08T13:46:08","slug":"handtag-835s-vanster-8x53-krom","status":"publish","type":"product","link":"https:\/\/secureus.se\/de\/handtag-835s-vanster-8x53-krom\/","title":{"rendered":"Spagnolette-Griff Griff 835S Links 8X53 Chrom \u2013 Assa Abloy"},"content":{"rendered":"<p>\nASSA ABLOY 835S ist ein abschlie\u00dfbarer Griff, der an der Innenseite von Fenstert\u00fcren, Fenstern und Schrankt\u00fcren verwendet wird, die \u00fcber ein Scharnier verf\u00fcgen und gegen Einbruch und unbefugtes \u00d6ffnen gesichert werden m\u00fcssen.<\/p>\n<div><\/div>\n<div><b>Eigenschaften:\u00a0\u00a0<\/b><\/div>\n<div>\n<ul>\n<li>Abschlie\u00dfbar mit Ovalzylinder (nicht im Lieferumfang enthalten)<\/li>\n<li>Das Zylindergeh\u00e4use deckt den gesamten Zylinder mit sieben Stiften ab<\/li>\n<li>Zugelassen nach SS 3620 Klasse B<\/li>\n<li>Verriegelung durch Drehen des Schl\u00fcssels<\/li>\n<li>Der Schl\u00fcssel kann im entriegelten Zustand abgezogen werden.\u00a0<\/li>\n<li>Der Griff verf\u00fcgt \u00fcber eine Rutschkupplung, die bei \u00dcberlastung funktioniert und bei Einbruchversuchen und unbefugtem \u00d6ffnen von innen ein Aufbrechen des Verriegelungsmechanismus verhindert.\u00a0<\/li>\n<li>Es gibt auch ein Modell mit Mikroschalter\u00a0<\/li>\n<\/ul>\n<p><b>Varianten:<\/b><\/p>\n<ul>\n<li>835S: Schl\u00f6sser mit Schl\u00fcsseldrehung.\u00a0<\/li>\n<li>837S: Verriegelt automatisch, wenn der Griff in die geschlossene Position gedreht wird.\u00a0<\/li>\n<li>8350S: Mit Aufnahme f\u00fcr Tr\u00e4ger vom Au\u00dfenzylinder. Erm\u00f6glicht die Verriegelung von beiden Seiten<\/li>\n<\/ul>\n<\/div>\n<div><\/div>\n<div><b>Zubeh\u00f6r:<\/b>\u00a0<\/div>\n<div>\n<ul>\n<li>Standard-Ovalzylinder<\/li>\n<li>Unterlegscheibe 841S<\/li>\n<li>Befestigungsplatte 5325<\/li>\n<li>Griffkupplungen 833, 833\/16 oder 961 werden verwendet, wenn Griffe beidseitig montiert werden m\u00fcssen<\/li>\n<\/ul>\n<\/div>","protected":false},"excerpt":{"rendered":"<p>ASSA ABLOY 835S ist ein abschlie\u00dfbarer Griff, der an der Innenseite von Fenstert\u00fcren, Fenstern und Schrankt\u00fcren verwendet wird, die \u00fcber ein Scharnier verf\u00fcgen und gegen Einbruch und unbefugtes \u00d6ffnen gesichert werden m\u00fcssen. Eigenschaften: Abschlie\u00dfbar<\/p>","protected":false},"featured_media":137360,"template":"","meta":{"_acf_changed":false},"product_brand":[],"product_cat":[4113,4126,4127],"product_tag":[],"class_list":{"0":"post-96844","1":"product","2":"type-product","3":"status-publish","4":"has-post-thumbnail","6":"product_cat-spanjoletthandtag","7":"product_cat-fonsterhandtag","8":"product_cat-handtag-altandorr","9":"product_shipping_class-postnord-varubrev","10":"pa_brands-abloy","11":"tm-no-options","13":"first","14":"instock","15":"sale","16":"taxable","17":"shipping-taxable","18":"purchasable","19":"product-type-simple"},"acf":[],"_links":{"self":[{"href":"https:\/\/secureus.se\/de\/wp-json\/wp\/v2\/product\/96844","targetHints":{"allow":["GET"]}}],"collection":[{"href":"https:\/\/secureus.se\/de\/wp-json\/wp\/v2\/product"}],"about":[{"href":"https:\/\/secureus.se\/de\/wp-json\/wp\/v2\/types\/product"}],"wp:featuredmedia":[{"embeddable":true,"href":"https:\/\/secureus.se\/de\/wp-json\/wp\/v2\/media\/137360"}],"wp:attachment":[{"href":"https:\/\/secureus.se\/de\/wp-json\/wp\/v2\/media?parent=96844"}],"wp:term":[{"taxonomy":"product_brand","embeddable":true,"href":"https:\/\/secureus.se\/de\/wp-json\/wp\/v2\/product_brand?post=96844"},{"taxonomy":"product_cat","embeddable":true,"href":"https:\/\/secureus.se\/de\/wp-json\/wp\/v2\/product_cat?post=96844"},{"taxonomy":"product_tag","embeddable":true,"href":"https:\/\/secureus.se\/de\/wp-json\/wp\/v2\/product_tag?post=96844"}],"curies":[{"name":"wp","href":"https:\/\/api.w.org\/{rel}","templated":true}]}}