{"id":96846,"date":"2024-08-08T21:47:52","date_gmt":"2024-08-08T19:47:52","guid":{"rendered":"https:\/\/secureus.se\/?post_type=product&#038;p=96846"},"modified":"2026-04-23T12:05:50","modified_gmt":"2026-04-23T10:05:50","slug":"handtag-42-hoger-8x43-krom","status":"publish","type":"product","link":"https:\/\/secureus.se\/de\/handtag-42-hoger-8x43-krom\/","title":{"rendered":"Fenstergriff Griff 42 Rechts 8X43 Chrom \u2013 Assa Abloy"},"content":{"rendered":"<div>ASSA ABLOY 42 ist ein Fenstergriff f\u00fcr Fenster und Fenstert\u00fcren. Erh\u00e4ltlich als gerade, rechtsh\u00e4ndig oder linksh\u00e4ndig. Passende Griffsperren 840 und 850 sind separat erh\u00e4ltlich.<\/div>\n<div><b><br \/>\nEigenschaften:<\/b><\/div>\n<div>\n<ul>\n<li>Rechts abbiegen<\/li>\n<li>Sprint aus 8 mm verzinktem Vierkantstahl<\/li>\n<li>Sprintl\u00e4nge 43 mm<\/li>\n<li>C\/C-Aufsatz: 43 mm<\/li>\n<li>Material: Zamak-Metall<\/li>\n<li>Oberfl\u00e4chenbehandlung: Chrom<\/li>\n<li>Die Griffkupplung 833, 833\/16 wird verwendet, wenn Griffe beidseitig montiert werden m\u00fcssen<\/li>\n<\/ul>\n<\/div>","protected":false},"excerpt":{"rendered":"<p>ASSA ABLOY 42 ist ein Fenstergriff f\u00fcr Fenster und Fenstert\u00fcren. Erh\u00e4ltlich als gerade, rechtsh\u00e4ndig oder linksh\u00e4ndig. Passende Griffsperren 840 und 850 sind separat erh\u00e4ltlich. Eigenschaften: Rechter Sprint aus 8 mm verzinkt<\/p>","protected":false},"featured_media":137891,"template":"","meta":{"_acf_changed":false},"product_brand":[],"product_cat":[4126,4127],"product_tag":[],"class_list":{"0":"post-96846","1":"product","2":"type-product","3":"status-publish","4":"has-post-thumbnail","6":"product_cat-fonsterhandtag","7":"product_cat-handtag-altandorr","8":"product_shipping_class-postnord-varubrev","9":"pa_brands-abloy","10":"tm-no-options","12":"first","13":"instock","14":"sale","15":"taxable","16":"shipping-taxable","17":"purchasable","18":"product-type-simple"},"acf":[],"_links":{"self":[{"href":"https:\/\/secureus.se\/de\/wp-json\/wp\/v2\/product\/96846","targetHints":{"allow":["GET"]}}],"collection":[{"href":"https:\/\/secureus.se\/de\/wp-json\/wp\/v2\/product"}],"about":[{"href":"https:\/\/secureus.se\/de\/wp-json\/wp\/v2\/types\/product"}],"wp:featuredmedia":[{"embeddable":true,"href":"https:\/\/secureus.se\/de\/wp-json\/wp\/v2\/media\/137891"}],"wp:attachment":[{"href":"https:\/\/secureus.se\/de\/wp-json\/wp\/v2\/media?parent=96846"}],"wp:term":[{"taxonomy":"product_brand","embeddable":true,"href":"https:\/\/secureus.se\/de\/wp-json\/wp\/v2\/product_brand?post=96846"},{"taxonomy":"product_cat","embeddable":true,"href":"https:\/\/secureus.se\/de\/wp-json\/wp\/v2\/product_cat?post=96846"},{"taxonomy":"product_tag","embeddable":true,"href":"https:\/\/secureus.se\/de\/wp-json\/wp\/v2\/product_tag?post=96846"}],"curies":[{"name":"wp","href":"https:\/\/api.w.org\/{rel}","templated":true}]}}