{"id":96850,"date":"2024-08-08T21:47:53","date_gmt":"2024-08-08T19:47:53","guid":{"rendered":"https:\/\/secureus.se\/?post_type=product&#038;p=96850"},"modified":"2026-04-09T10:30:37","modified_gmt":"2026-04-09T08:30:37","slug":"handtag-london-013vk-350kl-vanster-vred-8x67-f1-silver","status":"publish","type":"product","link":"https:\/\/secureus.se\/de\/handtag-london-013vk-350kl-vanster-vred-8x67-f1-silver\/","title":{"rendered":"Stangengriff London 013VK\/350KL links Knopf 8x67 F1 Silber - HOPPE"},"content":{"rendered":"<div>HOPPE London 13VK\/350KL ist eine Griffserie mit Langschild f\u00fcr Fenstert\u00fcren mit abschlie\u00dfbaren Spaniels. Langes Schild mit Knauf zur Innenmontage. Aus Aluminium. Erf\u00fcllt die Anforderungen f\u00fcr die Nickelabscheidung \u2013 allergiegepr\u00fcft.<\/div>\n<div><b><br \/>\nEigenschaften:<\/b><\/div>\n<div>\n<ul>\n<li>Linkskurve<\/li>\n<li>Langes Schild mit Knauf<\/li>\n<li>Sprintdurchmesser: 8 mm<\/li>\n<li>Sprintl\u00e4nge: 67 mm<\/li>\n<li>Eindeutige Positionen: 90\u00b0<\/li>\n<li>Material: Aluminium<\/li>\n<li>Farbe: F1 Aluminium silberfarben<\/li>\n<li>Erf\u00fcllt die Anforderungen f\u00fcr die Nickelabscheidung \u2013 allergiegepr\u00fcft.<\/li>\n<\/ul>\n<\/div>","protected":false},"excerpt":{"rendered":"<p>HOPPE London 13VK\/350KL ist eine Griffserie mit Langschild f\u00fcr Fenstert\u00fcren mit abschlie\u00dfbaren Spaniels. Langes Schild mit Knauf zur Innenmontage. Aus Aluminium. Erf\u00fcllt die Anforderungen f\u00fcr die Nickelabscheidung \u2013 allergiegepr\u00fcft. Eigenschaften: Linksh\u00e4nder<\/p>","protected":false},"featured_media":137883,"template":"","meta":{"_acf_changed":false},"product_brand":[],"product_cat":[4113,4126,4127],"product_tag":[],"class_list":{"0":"post-96850","1":"product","2":"type-product","3":"status-publish","4":"has-post-thumbnail","6":"product_cat-spanjoletthandtag","7":"product_cat-fonsterhandtag","8":"product_cat-handtag-altandorr","9":"product_shipping_class-postnord-varubrev","10":"pa_brands-hoppe","11":"tm-no-options","13":"first","14":"instock","15":"sale","16":"taxable","17":"shipping-taxable","18":"purchasable","19":"product-type-simple"},"acf":[],"_links":{"self":[{"href":"https:\/\/secureus.se\/de\/wp-json\/wp\/v2\/product\/96850","targetHints":{"allow":["GET"]}}],"collection":[{"href":"https:\/\/secureus.se\/de\/wp-json\/wp\/v2\/product"}],"about":[{"href":"https:\/\/secureus.se\/de\/wp-json\/wp\/v2\/types\/product"}],"wp:featuredmedia":[{"embeddable":true,"href":"https:\/\/secureus.se\/de\/wp-json\/wp\/v2\/media\/137883"}],"wp:attachment":[{"href":"https:\/\/secureus.se\/de\/wp-json\/wp\/v2\/media?parent=96850"}],"wp:term":[{"taxonomy":"product_brand","embeddable":true,"href":"https:\/\/secureus.se\/de\/wp-json\/wp\/v2\/product_brand?post=96850"},{"taxonomy":"product_cat","embeddable":true,"href":"https:\/\/secureus.se\/de\/wp-json\/wp\/v2\/product_cat?post=96850"},{"taxonomy":"product_tag","embeddable":true,"href":"https:\/\/secureus.se\/de\/wp-json\/wp\/v2\/product_tag?post=96850"}],"curies":[{"name":"wp","href":"https:\/\/api.w.org\/{rel}","templated":true}]}}