{"id":96863,"date":"2024-08-08T21:47:53","date_gmt":"2024-08-08T19:47:53","guid":{"rendered":"https:\/\/secureus.se\/?post_type=product&#038;p=96863"},"modified":"2026-03-25T15:38:48","modified_gmt":"2026-03-25T14:38:48","slug":"handtag-2683-vanster-8x43-olackad-polerad-massing","status":"publish","type":"product","link":"https:\/\/secureus.se\/de\/handtag-2683-vanster-8x43-olackad-polerad-massing\/","title":{"rendered":"Espagnolette Griff Griff 2683 Links 8X43 Unlackiert Messing Poliert \u2013 SIBES"},"content":{"rendered":"<div>SIBES 2683 ist ein klassischer Fenstergriff. 683 steht f\u00fcr das Modell am Griff und ist auch als abschlie\u00dfbarer Griff und mit Langschild f\u00fcr abschlie\u00dfbare spanische T\u00fcren f\u00fcr Terrassent\u00fcren erh\u00e4ltlich. Wie alle SIBES-Fenster- und Fenstert\u00fcrgriffe sind sie so gestaltet, dass sie zu unseren gro\u00dfen Bauepochen vom Rokoko bis Funkis passen. Alle Griffe sind aus Messing gegossen, um das richtige Gewicht, die richtige Haptik und das richtige Finish zu gew\u00e4hrleisten.<\/div>\n<div><b>Eigenschaften:<\/b><\/div>\n<div>\n<ul>\n<li>Sprintabmessung: 8X43 mm<\/li>\n<li>C\/C-Aufsatz: 43 mm<\/li>\n<li>Integrierte Verriegelungspositionen zum \u00d6ffnen und Schlie\u00dfen, die den Griff in der richtigen Position halten.<\/li>\n<li>Passendes Griffschloss 7450<\/li>\n<li>Material: Messing<\/li>\n<li>Erh\u00e4ltlich in der Oberfl\u00e4chenbehandlung: Unbehandeltes, poliertes Messing, vernickelt<\/li>\n<li>Auch mit 7 mm Bolzen und anderen L\u00e4ngen erh\u00e4ltlich<\/li>\n<li>Empfohlene Schraube TKFX 4.0<\/li>\n<\/ul>\n<\/div>","protected":false},"excerpt":{"rendered":"<p>SIBES 2683 ist ein klassischer Fenstergriff. 683 steht f\u00fcr das Modell am Griff und ist auch als abschlie\u00dfbarer Griff und mit Langschild f\u00fcr abschlie\u00dfbare spanische T\u00fcren f\u00fcr Terrassent\u00fcren erh\u00e4ltlich. Wie alle GESCHWISTER<\/p>","protected":false},"featured_media":136770,"template":"","meta":{"_acf_changed":false},"product_brand":[],"product_cat":[4113,4126,4127],"product_tag":[],"class_list":{"0":"post-96863","1":"product","2":"type-product","3":"status-publish","4":"has-post-thumbnail","6":"product_cat-spanjoletthandtag","7":"product_cat-fonsterhandtag","8":"product_cat-handtag-altandorr","9":"product_shipping_class-postnord-varubrev","10":"pa_brands-sibes","11":"tm-no-options","13":"first","14":"instock","15":"sale","16":"taxable","17":"shipping-taxable","18":"purchasable","19":"product-type-simple"},"acf":[],"_links":{"self":[{"href":"https:\/\/secureus.se\/de\/wp-json\/wp\/v2\/product\/96863","targetHints":{"allow":["GET"]}}],"collection":[{"href":"https:\/\/secureus.se\/de\/wp-json\/wp\/v2\/product"}],"about":[{"href":"https:\/\/secureus.se\/de\/wp-json\/wp\/v2\/types\/product"}],"wp:featuredmedia":[{"embeddable":true,"href":"https:\/\/secureus.se\/de\/wp-json\/wp\/v2\/media\/136770"}],"wp:attachment":[{"href":"https:\/\/secureus.se\/de\/wp-json\/wp\/v2\/media?parent=96863"}],"wp:term":[{"taxonomy":"product_brand","embeddable":true,"href":"https:\/\/secureus.se\/de\/wp-json\/wp\/v2\/product_brand?post=96863"},{"taxonomy":"product_cat","embeddable":true,"href":"https:\/\/secureus.se\/de\/wp-json\/wp\/v2\/product_cat?post=96863"},{"taxonomy":"product_tag","embeddable":true,"href":"https:\/\/secureus.se\/de\/wp-json\/wp\/v2\/product_tag?post=96863"}],"curies":[{"name":"wp","href":"https:\/\/api.w.org\/{rel}","templated":true}]}}