{"id":96869,"date":"2024-08-08T21:47:53","date_gmt":"2024-08-08T19:47:53","guid":{"rendered":"https:\/\/secureus.se\/?post_type=product&#038;p=96869"},"modified":"2026-04-23T12:05:01","modified_gmt":"2026-04-23T10:05:01","slug":"handtag-51-rakt-8x63-krom","status":"publish","type":"product","link":"https:\/\/secureus.se\/de\/handtag-51-rakt-8x63-krom\/","title":{"rendered":"Fenstergriff Griff 51 gerade 8 x 63 Chrom \u2013 Assa Abloy"},"content":{"rendered":"<div>ASSA ABLOY 51 ist ein Griff f\u00fcr Fenster, T\u00fcren und Luken, die keinen festen Griff haben sollten und bei denen keine Gefahr der Selbst\u00f6ffnung besteht (in diesen F\u00e4llen wird Fix 805 + 811 empfohlen). Passend f\u00fcr Tablett 1857 und 1857T.<\/div>\n<div><b><br \/>Eigenschaften: <\/b><\/div>\n<div>\n<ul>\n<li>Passt in die Wanne Fix 1857, 1857T. <\/li>\n<li>Wenn Sie zum \u00d6ffnen drehen, k\u00f6nnen Sie den B\u00fcgel dank des Knopfes zu sich ziehen. <\/li>\n<li>Der Griff l\u00e4sst sich nur im geschlossenen Zustand abnehmen. <\/li>\n<li>Sprint aus 8 mm verzinktem Vierkantstahl. <\/li>\n<li>Sprintl\u00e4nge 63 mm.<\/li>\n<li>Material: Zamak-Metall<\/li>\n<li>Oberfl\u00e4chenbehandlung: Verchromt<\/li>\n<\/ul>\n<\/div>\n<div><\/div>","protected":false},"excerpt":{"rendered":"<p>ASSA ABLOY 51 ist ein Griff f\u00fcr Fenster, T\u00fcren und Luken, die keinen festen Griff haben sollten und bei denen keine Gefahr der Selbst\u00f6ffnung besteht (in diesen F\u00e4llen wird Fix 805 + empfohlen).<\/p>","protected":false},"featured_media":136587,"template":"","meta":{"_acf_changed":false},"product_brand":[],"product_cat":[4126],"product_tag":[],"class_list":{"0":"post-96869","1":"product","2":"type-product","3":"status-publish","4":"has-post-thumbnail","6":"product_cat-fonsterhandtag","7":"product_shipping_class-postnord-varubrev","8":"pa_brands-abloy","9":"tm-no-options","11":"first","12":"instock","13":"sale","14":"taxable","15":"shipping-taxable","16":"purchasable","17":"product-type-simple"},"acf":[],"_links":{"self":[{"href":"https:\/\/secureus.se\/de\/wp-json\/wp\/v2\/product\/96869","targetHints":{"allow":["GET"]}}],"collection":[{"href":"https:\/\/secureus.se\/de\/wp-json\/wp\/v2\/product"}],"about":[{"href":"https:\/\/secureus.se\/de\/wp-json\/wp\/v2\/types\/product"}],"wp:featuredmedia":[{"embeddable":true,"href":"https:\/\/secureus.se\/de\/wp-json\/wp\/v2\/media\/136587"}],"wp:attachment":[{"href":"https:\/\/secureus.se\/de\/wp-json\/wp\/v2\/media?parent=96869"}],"wp:term":[{"taxonomy":"product_brand","embeddable":true,"href":"https:\/\/secureus.se\/de\/wp-json\/wp\/v2\/product_brand?post=96869"},{"taxonomy":"product_cat","embeddable":true,"href":"https:\/\/secureus.se\/de\/wp-json\/wp\/v2\/product_cat?post=96869"},{"taxonomy":"product_tag","embeddable":true,"href":"https:\/\/secureus.se\/de\/wp-json\/wp\/v2\/product_tag?post=96869"}],"curies":[{"name":"wp","href":"https:\/\/api.w.org\/{rel}","templated":true}]}}