{"id":97451,"date":"2024-08-20T18:24:20","date_gmt":"2024-08-20T16:24:20","guid":{"rendered":"https:\/\/secureus.se\/?post_type=product&#038;p=97451"},"modified":"2026-05-06T10:34:56","modified_gmt":"2026-05-06T08:34:56","slug":"fonsterbroms-760-4","status":"publish","type":"product","link":"https:\/\/secureus.se\/de\/fonsterbroms-760-4\/","title":{"rendered":"ASSA Fix 760\/4 Fenster-\/T\u00fcrbremse \u2013 457 mm \u2013 Euronot"},"content":{"rendered":"<p><strong>ASSA 760<\/strong> ist einer <strong>Fensterbremse \/ T\u00fcrbremse f\u00fcr Fenster und Terrassent\u00fcren<\/strong> das zusammen mit <strong>Espagnolette mit Bremsgetriebe<\/strong>. Dadurch kann das Fenster oder die T\u00fcr in einer offenen Bel\u00fcftungsposition bleiben, anstatt zuzuschlagen oder sich vollst\u00e4ndig zu \u00f6ffnen.<\/p>\n<p>Das Modell ist <strong>angepasst f\u00fcr Euronote<\/strong> und hat eine <strong>schmaler Bremskasten von 16 mm<\/strong> die in einer gefr\u00e4sten Nut in der T\u00fcr oder im Fenster montiert wird.<\/p>\n<p>Die Fensterbremse wird \u00fcber den Espagnolette-Griff bet\u00e4tigt und erzeugt Reibung in der Bremsstange, sodass das Fenster oder die Terrassent\u00fcr in der gew\u00fcnschten L\u00fcftungsposition gehalten werden kann.<\/p>\n<h3>Eigenschaften<\/h3>\n<ul>\n<li>Abnehmbare Rahmenhalterung<\/li>\n<li>F\u00fcr Euronot (Schienenmontage) geeignet<\/li>\n<li>Schmale Bremsgeh\u00e4use \u2013 16 mm<\/li>\n<li>Passend f\u00fcr Fenster und Terrassent\u00fcren<\/li>\n<li>Bedienung \u00fcber den Espagnolette-Griff<\/li>\n<li>H\u00e4lt die T\u00fcr in der L\u00fcftungsposition<\/li>\n<li>Rutscht bei \u00dcberlastung ab, um Scharniere und Beschl\u00e4ge zu sch\u00fctzen.<\/li>\n<li>Erh\u00f6hte Reibung bei gr\u00f6\u00dferem \u00d6ffnungswinkel<\/li>\n<\/ul>\n<h3>Montage<\/h3>\n<p>ASSA 760 ist montiert in einem <strong>gefr\u00e4ste Nut im Fenster- oder T\u00fcrrahmen<\/strong> und wird zusammen mit der Rahmenhalterung verwendet:<\/p>\n<ul>\n<li>Rahmenhalterung 5580<\/li>\n<li>Rahmenhalterung 5550T<\/li>\n<\/ul>\n<p>Die Rahmenhalterung wird separat erworben.<\/p>\n<h3>Abmessungen \u2013 ASSA 760\/4<\/h3>\n<ul>\n<li>F\u00fcr eine Bogenbreite von 801\u20131100 mm<\/li>\n<li>\u00d6ffnungswinkel: 85\u00b0<\/li>\n<li>Bremskastenl\u00e4nge: 457 mm<\/li>\n<li>Arml\u00e4nge: 450 mm<\/li>\n<li>Bremskastenbreite: 16 mm<\/li>\n<\/ul>\n<h3>Empfohlene Schrauben<\/h3>\n<ul>\n<li>TFX 3,0 mm f\u00fcr Fensterbremse<\/li>\n<li>TFX 3,5 mm zur Rahmenhalterung<\/li>\n<\/ul>\n<div style=\"background: #f6f8fa;padding: 14px;border-radius: 6px;margin: 18px 0\">\n<p><strong>Sie sind sich nicht sicher, welche Fensterbremse Sie ben\u00f6tigen?<\/strong><\/p>\n<p>Vergleichen Sie Ihre vorhandene Bremse mit den Produktbildern oder sehen Sie sich das gesamte Sortiment an.<a style=\"font-weight: bold\" href=\"https:\/\/secureus.se\/de\/fonsterbroms\/\"><br \/>\nAlle Fensterbremsen hier ansehen \u2192<br \/>\n<\/a><\/p>\n<\/div>","protected":false},"excerpt":{"rendered":"<div style=\"background: #f6f8fa;padding: 14px;border-radius: 6px;margin: 15px 0\">\n<p><strong>\u2714 Dieses Modell wird in einer Nut (Euronot) montiert.<\/strong><\/p>\n<p>ASSA 760 hat eine <strong>16 mm schmale Bremsbox<\/strong> Es ist so gefertigt, dass es in eine gefr\u00e4ste Nut in einem Fenster oder einer Terrassent\u00fcr passt. Der vertiefte Teil selbst, d. h. der Teil, der in die gefr\u00e4ste Nut im Fenster oder der Terrassent\u00fcr eingesetzt wird, ist etwa 12 mm breit.<\/p>\n<p>Pr\u00fcfen Sie daher vor der Bestellung, ob Ihre vorhandene Bremse in eine Nut in der T\u00fcr oder im Fenster passt.<\/p>\n<p><img decoding=\"async\" style=\"max-width: 150px;width: 100%;margin-top: 10px;border-radius: 6px\" src=\"https:\/\/secureus.se\/wp-content\/uploads\/2024\/12\/fonsterbroms-760-4-1-150x150.jpg\" alt=\"Fensteranschlag in Nut Euronot 16 mm\" \/><\/p>\n<\/div>","protected":false},"featured_media":137301,"template":"","meta":{"_acf_changed":false},"product_brand":[],"product_cat":[3126,4797],"product_tag":[4799,4863],"class_list":{"0":"post-97451","1":"product","2":"type-product","3":"status-publish","4":"has-post-thumbnail","6":"product_cat-fonsterbroms","7":"product_cat-assa-760","8":"product_tag-457mm","9":"product_tag-pf","10":"product_shipping_class-tunga-paket","11":"pa_brands-abloy","12":"tm-no-options","14":"first","15":"instock","16":"sale","17":"taxable","18":"shipping-taxable","19":"purchasable","20":"product-type-simple"},"acf":[],"_links":{"self":[{"href":"https:\/\/secureus.se\/de\/wp-json\/wp\/v2\/product\/97451","targetHints":{"allow":["GET"]}}],"collection":[{"href":"https:\/\/secureus.se\/de\/wp-json\/wp\/v2\/product"}],"about":[{"href":"https:\/\/secureus.se\/de\/wp-json\/wp\/v2\/types\/product"}],"wp:featuredmedia":[{"embeddable":true,"href":"https:\/\/secureus.se\/de\/wp-json\/wp\/v2\/media\/137301"}],"wp:attachment":[{"href":"https:\/\/secureus.se\/de\/wp-json\/wp\/v2\/media?parent=97451"}],"wp:term":[{"taxonomy":"product_brand","embeddable":true,"href":"https:\/\/secureus.se\/de\/wp-json\/wp\/v2\/product_brand?post=97451"},{"taxonomy":"product_cat","embeddable":true,"href":"https:\/\/secureus.se\/de\/wp-json\/wp\/v2\/product_cat?post=97451"},{"taxonomy":"product_tag","embeddable":true,"href":"https:\/\/secureus.se\/de\/wp-json\/wp\/v2\/product_tag?post=97451"}],"curies":[{"name":"wp","href":"https:\/\/api.w.org\/{rel}","templated":true}]}}