{"id":97520,"date":"2024-08-21T19:29:09","date_gmt":"2024-08-21T17:29:09","guid":{"rendered":"https:\/\/secureus.se\/?post_type=product&#038;p=97520"},"modified":"2026-04-01T07:00:16","modified_gmt":"2026-04-01T05:00:16","slug":"trycke-6638-40-75mm-polerad-massing","status":"publish","type":"product","link":"https:\/\/secureus.se\/de\/trycke-6638-40-75mm-polerad-massing\/","title":{"rendered":"T\u00fcrgriff Trycke 6638 40\u201375 mm poliertes Messing \u2013 Assa Abloy"},"content":{"rendered":"<p>\nASSA ABLOY 6638 ist ein T\u00fcrgriff mit Merkmalen des Barock und des Rokoko, der jedoch vereinfacht wurde, um in eine Architektur mit weniger geschwungenen Formen zu passen. 6638 ist der typische \u201eVilla-Print\u201c und geh\u00f6rt zur ASSA ABLOY Classic-Serie. Geeignet f\u00fcr Au\u00dfent\u00fcren, Eingangst\u00fcren und Innent\u00fcren mit Modulschl\u00f6ssern.<\/p>\n<div><\/div>\n<div><b>Eigenschaften:<\/b><\/div>\n<ul>\n<li>Material: Messing.<\/li>\n<li>Oberfl\u00e4chenbehandlung: Nickel, Mattchrom, Poliertes Messing, Mattmessing und Mattschwarz MIRUS.<\/li>\n<li>R\u00fcckholfeder, die die Ruderfeder des Schlossgeh\u00e4uses entlastet und dazu beitr\u00e4gt, dass der Druck in einer horizontalen Position bleibt.<\/li>\n<li>Rosette: \u00d8 52 mm.<\/li>\n<li>Passend f\u00fcr Connect\/Classic-Modulschlossgeh\u00e4use<\/li>\n<li>Passt nicht in das Schlossgeh\u00e4use ABLOY 2014 oder einen gleichwertigen Innent\u00fcrkasten<\/li>\n<li>Standardlieferung angepasst f\u00fcr T\u00fcrst\u00e4rken von 40\u201375 mm.<\/li>\n<li>Austauschbarer Druckstift und Schraube f\u00fcr unterschiedliche T\u00fcrst\u00e4rken.<\/li>\n<li>Durchgehende Schraubbefestigung, die die T\u00fcr verst\u00e4rkt.<\/li>\n<\/ul>\n<div><b>Das Paket enth\u00e4lt:<\/b><\/div>\n<div>\n<ul>\n<li>2 Stk. Pressh\u00e4lften (Griffe).<\/li>\n<li>2 Stk. Druckschrauben M5. (Schraube drehen)<\/li>\n<li>2 O-Ringe.<\/li>\n<li>2 Stk. \u00dcberwurfmutter M5.<\/li>\n<li>2 Stk. Druckstifte 8x8x102 mm und 8x8x120 mm.<\/li>\n<\/ul>\n<\/div>","protected":false},"excerpt":{"rendered":"<p>ASSA ABLOY 6638 ist ein T\u00fcrgriff mit Merkmalen des Barock und des Rokoko, der jedoch vereinfacht wurde, um in eine Architektur mit weniger geschwungenen Formen zu passen. 6638 ist<\/p>","protected":false},"featured_media":136931,"template":"","meta":{"_acf_changed":false},"product_brand":[],"product_cat":[4124,4125],"product_tag":[],"class_list":{"0":"post-97520","1":"product","2":"type-product","3":"status-publish","4":"has-post-thumbnail","6":"product_cat-dorrhandtag-innerdorr","7":"product_cat-dorrhandtag-ytterdorr","8":"product_shipping_class-postnord-varubrev","9":"pa_brands-abloy","10":"tm-no-options","12":"first","13":"instock","14":"sale","15":"taxable","16":"shipping-taxable","17":"purchasable","18":"product-type-simple"},"acf":[],"_links":{"self":[{"href":"https:\/\/secureus.se\/de\/wp-json\/wp\/v2\/product\/97520","targetHints":{"allow":["GET"]}}],"collection":[{"href":"https:\/\/secureus.se\/de\/wp-json\/wp\/v2\/product"}],"about":[{"href":"https:\/\/secureus.se\/de\/wp-json\/wp\/v2\/types\/product"}],"wp:featuredmedia":[{"embeddable":true,"href":"https:\/\/secureus.se\/de\/wp-json\/wp\/v2\/media\/136931"}],"wp:attachment":[{"href":"https:\/\/secureus.se\/de\/wp-json\/wp\/v2\/media?parent=97520"}],"wp:term":[{"taxonomy":"product_brand","embeddable":true,"href":"https:\/\/secureus.se\/de\/wp-json\/wp\/v2\/product_brand?post=97520"},{"taxonomy":"product_cat","embeddable":true,"href":"https:\/\/secureus.se\/de\/wp-json\/wp\/v2\/product_cat?post=97520"},{"taxonomy":"product_tag","embeddable":true,"href":"https:\/\/secureus.se\/de\/wp-json\/wp\/v2\/product_tag?post=97520"}],"curies":[{"name":"wp","href":"https:\/\/api.w.org\/{rel}","templated":true}]}}