{"id":97522,"date":"2024-08-21T19:29:09","date_gmt":"2024-08-21T17:29:09","guid":{"rendered":"https:\/\/secureus.se\/?post_type=product&#038;p=97522"},"modified":"2026-04-08T15:36:34","modified_gmt":"2026-04-08T13:36:34","slug":"trycke-1930-40-75mm-svart-nickel","status":"publish","type":"product","link":"https:\/\/secureus.se\/de\/trycke-1930-40-75mm-svart-nickel\/","title":{"rendered":"T\u00fcrgriff Trycke 1930 40-75 mm Schwarz\/Nickel \u2013 Assa Abloy"},"content":{"rendered":"<div>ASSA ABLOY 1930 ist ein T\u00fcrgriff mit einem Design, das an eine Kreuzung zweier zuvor unvereinbarer Epochen erinnert. Teilweise stammen sie aus den 1880er- und 1890er-Jahren mit \u201eknubbeligen\u201c \u00c4rmeldrucken, oft mit dem \u00e4lteren T-Ausschnitt, der aufgrund alter Schmiedetechniken so geformt ist, teilweise aus den einfachen, flippigen Drucken der 1930er-Jahre. 1930 ist Teil der ASSA ABLOY Epok-Serie. Geeignet f\u00fcr Au\u00dfent\u00fcren, Eingangst\u00fcren und Innent\u00fcren mit Modulschl\u00f6ssern.<\/div>\n<div><b><br \/>Eigenschaften:<\/b><\/div>\n<div>\n<ul>\n<li>Material: Messing<\/li>\n<li>Oberfl\u00e4chenbehandlung: Hals in Nickel, Mattchrom, Polierchrom, Poliermessing<\/li>\n<li>Griff in wei\u00dfer (RAL 1013), schwarzer (RAL 8022) oder gr\u00fcner (RAL 6028) Pulverbeschichtung oder Nickel, Mattchrom, Glanzchrom, matt geb\u00fcrstetem Messing, poliertem Messing\u00a0<\/li>\n<li>R\u00fcckholfeder, die die Ruderfeder des Schlossgeh\u00e4uses entlastet und dazu beitr\u00e4gt, dass der Druck in einer horizontalen Position bleibt<\/li>\n<li>Standardlieferumfang f\u00fcr T\u00fcrst\u00e4rke 40-75 mm<\/li>\n<li>Rosette: \u00d8 52 mm<\/li>\n<li>Passend f\u00fcr Connect\/Classic-Modulschlossgeh\u00e4use<\/li>\n<li>Passt nicht in das Schlossgeh\u00e4use ABLOY 2014 oder einen gleichwertigen Innent\u00fcrkasten<\/li>\n<li>F\u00fcr Au\u00dfen-\/Innent\u00fcr<\/li>\n<\/ul>\n<\/div>\n<div><b><br \/>Das Paket enth\u00e4lt:<\/b><\/div>\n<div>\n<ul>\n<li>2 Stk. Pressh\u00e4lften (Griffe).<\/li>\n<li>2 Stk. Druckschrauben M5. (Schraube drehen)<\/li>\n<li>2 O-Ringe.<\/li>\n<li>2 Stk. \u00dcberwurfmutter M5.<\/li>\n<li>2 Stk. Druckstifte 8x8x102 mm und 8x8x120 mm.<\/li>\n<\/ul>\n<\/div>\n<div><\/div>","protected":false},"excerpt":{"rendered":"<p>ASSA ABLOY 1930 ist ein T\u00fcrgriff mit einem Design, das an eine Kreuzung zweier zuvor unvereinbarer Epochen erinnert. Teilweise der \u201eknotige\u201c \u00c4rmeldruck der 1880er und 1890er Jahre, oft mit der Form des \u00e4lteren T-Ausschnitts<\/p>","protected":false},"featured_media":137278,"template":"","meta":{"_acf_changed":false},"product_brand":[],"product_cat":[4124,4125],"product_tag":[],"class_list":{"0":"post-97522","1":"product","2":"type-product","3":"status-publish","4":"has-post-thumbnail","6":"product_cat-dorrhandtag-innerdorr","7":"product_cat-dorrhandtag-ytterdorr","8":"product_shipping_class-postnord-varubrev","9":"pa_brands-abloy","10":"tm-no-options","12":"first","13":"instock","14":"sale","15":"taxable","16":"shipping-taxable","17":"purchasable","18":"product-type-simple"},"acf":[],"_links":{"self":[{"href":"https:\/\/secureus.se\/de\/wp-json\/wp\/v2\/product\/97522","targetHints":{"allow":["GET"]}}],"collection":[{"href":"https:\/\/secureus.se\/de\/wp-json\/wp\/v2\/product"}],"about":[{"href":"https:\/\/secureus.se\/de\/wp-json\/wp\/v2\/types\/product"}],"wp:featuredmedia":[{"embeddable":true,"href":"https:\/\/secureus.se\/de\/wp-json\/wp\/v2\/media\/137278"}],"wp:attachment":[{"href":"https:\/\/secureus.se\/de\/wp-json\/wp\/v2\/media?parent=97522"}],"wp:term":[{"taxonomy":"product_brand","embeddable":true,"href":"https:\/\/secureus.se\/de\/wp-json\/wp\/v2\/product_brand?post=97522"},{"taxonomy":"product_cat","embeddable":true,"href":"https:\/\/secureus.se\/de\/wp-json\/wp\/v2\/product_cat?post=97522"},{"taxonomy":"product_tag","embeddable":true,"href":"https:\/\/secureus.se\/de\/wp-json\/wp\/v2\/product_tag?post=97522"}],"curies":[{"name":"wp","href":"https:\/\/api.w.org\/{rel}","templated":true}]}}