{"id":97524,"date":"2024-08-21T19:29:09","date_gmt":"2024-08-21T17:29:09","guid":{"rendered":"https:\/\/secureus.se\/?post_type=product&#038;p=97524"},"modified":"2026-03-25T15:37:46","modified_gmt":"2026-03-25T14:37:46","slug":"trycke-a1871-38-42mm-mattkrom","status":"publish","type":"product","link":"https:\/\/secureus.se\/de\/trycke-a1871-38-42mm-mattkrom\/","title":{"rendered":"T\u00fcrgriff Push A1871 38-42mm Matt Chrom \u2013 Habo"},"content":{"rendered":"<p>A1871 ist ein T\u00fcrgriff aus Zink\/Zamak mit einer Metallrosette von Habo. F\u00fcr Innent\u00fcren vorgesehen. Traditionelles Modell, das sowohl f\u00fcr Spiegelt\u00fcren als auch f\u00fcr glatte T\u00fcren geeignet ist.<\/p>\n<div><b>Eigenschaften:\u00a0<\/b><\/div>\n<div>\n<ul>\n<li>Passend f\u00fcr T\u00fcrst\u00e4rken von 38\u201342 mm.\u00a0<\/li>\n<li>Ausladung 48 mm.<\/li>\n<li>Ohne R\u00fcckholfeder<\/li>\n<\/ul>\n<\/div>","protected":false},"excerpt":{"rendered":"<p>A1871 ist ein T\u00fcrgriff aus Zink\/Zamak mit einer Metallrosette von Habo. F\u00fcr Innent\u00fcren vorgesehen. Traditionelles Modell, das sowohl f\u00fcr Spiegelt\u00fcren als auch f\u00fcr glatte T\u00fcren geeignet ist. Merkmale: Passend f\u00fcr T\u00fcrst\u00e4rke 38\u201342<\/p>","protected":false},"featured_media":137834,"template":"","meta":{"_acf_changed":false},"product_brand":[],"product_cat":[4124],"product_tag":[],"class_list":{"0":"post-97524","1":"product","2":"type-product","3":"status-publish","4":"has-post-thumbnail","6":"product_cat-dorrhandtag-innerdorr","7":"product_shipping_class-postnord-varubrev","8":"pa_brands-habo","9":"tm-no-options","11":"first","12":"instock","13":"sale","14":"taxable","15":"shipping-taxable","16":"purchasable","17":"product-type-simple"},"acf":[],"_links":{"self":[{"href":"https:\/\/secureus.se\/de\/wp-json\/wp\/v2\/product\/97524","targetHints":{"allow":["GET"]}}],"collection":[{"href":"https:\/\/secureus.se\/de\/wp-json\/wp\/v2\/product"}],"about":[{"href":"https:\/\/secureus.se\/de\/wp-json\/wp\/v2\/types\/product"}],"wp:featuredmedia":[{"embeddable":true,"href":"https:\/\/secureus.se\/de\/wp-json\/wp\/v2\/media\/137834"}],"wp:attachment":[{"href":"https:\/\/secureus.se\/de\/wp-json\/wp\/v2\/media?parent=97524"}],"wp:term":[{"taxonomy":"product_brand","embeddable":true,"href":"https:\/\/secureus.se\/de\/wp-json\/wp\/v2\/product_brand?post=97524"},{"taxonomy":"product_cat","embeddable":true,"href":"https:\/\/secureus.se\/de\/wp-json\/wp\/v2\/product_cat?post=97524"},{"taxonomy":"product_tag","embeddable":true,"href":"https:\/\/secureus.se\/de\/wp-json\/wp\/v2\/product_tag?post=97524"}],"curies":[{"name":"wp","href":"https:\/\/api.w.org\/{rel}","templated":true}]}}