{"id":97548,"date":"2024-08-21T19:29:10","date_gmt":"2024-08-21T17:29:10","guid":{"rendered":"https:\/\/secureus.se\/?post_type=product&#038;p=97548"},"modified":"2026-04-21T14:08:07","modified_gmt":"2026-04-21T12:08:07","slug":"trycke-new-york-1810-ej-rosett-70-85mm-f1-silver","status":"publish","type":"product","link":"https:\/\/secureus.se\/de\/trycke-new-york-1810-ej-rosett-70-85mm-f1-silver\/","title":{"rendered":"T\u00fcrdr\u00fcckerknopf New York 1810 ohne Rosette 70-85mm F1 Silber \u2013 HOPPE"},"content":{"rendered":"<p>\nHOPPE-Griff New York, Serie Duraplus, in Aluminium F1, f\u00fcr Haust\u00fcr. Lieferung ohne Bogen. Durch die einzigartige Befestigung mit Kvick-i-Sprint ist die Baugruppe stabiler und muss auch nicht verschraubt werden.<\/p>\n<div><\/div>\n<div><b>Eigenschaften:<\/b><\/p>\n<ul>\n<li>Erf\u00fcllt die Anforderungen f\u00fcr die Nickelabscheidung \u2013 hypoallergen<\/li>\n<li>T\u00fcrst\u00e4rke 70-85 mm.<\/li>\n<li>Drucknadel 8\u00d78 mm<\/li>\n<li>Passend f\u00fcr Innent\u00fcrschl\u00f6sser Typ 2014<\/li>\n<li>Material: Aluminium<\/li>\n<li>Farbe: F1-Silber<\/li>\n<li>10 Jahre Funktionsgarantie.<\/li>\n<\/ul>\n<\/div>","protected":false},"excerpt":{"rendered":"<p>HOPPE-Griff New York, Serie Duraplus, in Aluminium F1, f\u00fcr Haust\u00fcr. Lieferung ohne Bogen. Durch die einzigartige Befestigung mit Kvick-i-Sprint ist die Baugruppe stabiler und muss auch nicht verschraubt werden. Eigenschaften: Erf\u00fcllt<\/p>","protected":false},"featured_media":137236,"template":"","meta":{"_acf_changed":false},"product_brand":[],"product_cat":[4124,4125],"product_tag":[],"class_list":{"0":"post-97548","1":"product","2":"type-product","3":"status-publish","4":"has-post-thumbnail","6":"product_cat-dorrhandtag-innerdorr","7":"product_cat-dorrhandtag-ytterdorr","8":"product_shipping_class-postnord-varubrev","9":"pa_brands-hoppe","10":"tm-no-options","12":"first","13":"onbackorder","14":"sale","15":"taxable","16":"shipping-taxable","17":"purchasable","18":"product-type-simple"},"acf":[],"_links":{"self":[{"href":"https:\/\/secureus.se\/de\/wp-json\/wp\/v2\/product\/97548","targetHints":{"allow":["GET"]}}],"collection":[{"href":"https:\/\/secureus.se\/de\/wp-json\/wp\/v2\/product"}],"about":[{"href":"https:\/\/secureus.se\/de\/wp-json\/wp\/v2\/types\/product"}],"wp:featuredmedia":[{"embeddable":true,"href":"https:\/\/secureus.se\/de\/wp-json\/wp\/v2\/media\/137236"}],"wp:attachment":[{"href":"https:\/\/secureus.se\/de\/wp-json\/wp\/v2\/media?parent=97548"}],"wp:term":[{"taxonomy":"product_brand","embeddable":true,"href":"https:\/\/secureus.se\/de\/wp-json\/wp\/v2\/product_brand?post=97548"},{"taxonomy":"product_cat","embeddable":true,"href":"https:\/\/secureus.se\/de\/wp-json\/wp\/v2\/product_cat?post=97548"},{"taxonomy":"product_tag","embeddable":true,"href":"https:\/\/secureus.se\/de\/wp-json\/wp\/v2\/product_tag?post=97548"}],"curies":[{"name":"wp","href":"https:\/\/api.w.org\/{rel}","templated":true}]}}